{"id":7958,"date":"2015-10-08T09:52:55","date_gmt":"2015-10-08T07:52:55","guid":{"rendered":"http:\/\/www1.studentenwerk-magdeburg.de\/international-affairs\/materialien-fuer-auslaendische-studierende\/"},"modified":"2020-11-30T09:53:18","modified_gmt":"2020-11-30T08:53:18","slug":"materialien-fuer-auslaendische-studierende","status":"publish","type":"page","link":"https:\/\/www.studentenwerk-magdeburg.de\/en\/social-affairs\/materialien-fuer-auslaendische-studierende\/","title":{"rendered":"Materialien f\u00fcr ausl\u00e4ndische Studierende"},"content":{"rendered":"<h1>Materialien f\u00fcr ausl\u00e4ndische Studierende<\/h1>\n<h1><span style=\"color: #999999;\">Information for Foreign Students in Germany<\/span><\/h1>\n(5 Dateien in der Kategorie International)<br\/><br\/><div class=\"dokumente\"><img decoding=\"async\" src=\"\/wp-content\/plugins\/wp-downloadmanager\/images\/ext\/pdf.gif\" alt=\"\" title=\"\" style=\"vertical-align: middle;border: none;\" \/>&nbsp;&nbsp;<a href=\"https:\/\/www.studentenwerk-magdeburg.de\/?dl_id=126\">Illustriertes Gesundheitsw\u00f6rterbuch Deutsch-English<\/a> (1.8 MiB)<br \/><div class=\"dokumentedes\">An illustrated Health Dictionary in German and English: Information for Foreign Students in Germany, Stand: 8. October 2015<\/div><\/div><div class=\"dokumente\"><img decoding=\"async\" src=\"\/wp-content\/plugins\/wp-downloadmanager\/images\/ext\/pdf.gif\" alt=\"\" title=\"\" style=\"vertical-align: middle;border: none;\" \/>&nbsp;&nbsp;<a href=\"https:\/\/www.studentenwerk-magdeburg.de\/?dl_id=125\">Wohnheim-W\u00f6rterbuch Deutsch-Franz\u00f6sisch-Spanisch<\/a> (1.6 MiB)<br \/><div class=\"dokumentedes\">Living in a student dorm - an illustrated dictionary in German, French and Spanish, Stand: 8. October 2015<\/div><\/div><div class=\"dokumente\"><img decoding=\"async\" src=\"\/wp-content\/plugins\/wp-downloadmanager\/images\/ext\/pdf.gif\" alt=\"\" title=\"\" style=\"vertical-align: middle;border: none;\" \/>&nbsp;&nbsp;<a href=\"https:\/\/www.studentenwerk-magdeburg.de\/?dl_id=124\">Wohnheim-W\u00f6rterbuch Deutsch-Franz\u00f6sisch-Arabisch<\/a> (3.6 MiB)<br \/><div class=\"dokumentedes\">Living in a student dorm - an illustrated dictionary in German, French and Arabic, Stand: 8. October 2015<\/div><\/div><div class=\"dokumente\"><img decoding=\"async\" src=\"\/wp-content\/plugins\/wp-downloadmanager\/images\/ext\/pdf.gif\" alt=\"\" title=\"\" style=\"vertical-align: middle;border: none;\" \/>&nbsp;&nbsp;<a href=\"https:\/\/www.studentenwerk-magdeburg.de\/?dl_id=123\">Wohnheim-W\u00f6rterbuch Deutsch-Polnisch-Russisch<\/a> (1.6 MiB)<br \/><div class=\"dokumentedes\">Living in a student dorm - an illustrated dictionary in German, Polish and Russian, Stand: 8. October 2015<\/div><\/div><div class=\"dokumente\"><img decoding=\"async\" src=\"\/wp-content\/plugins\/wp-downloadmanager\/images\/ext\/pdf.gif\" alt=\"\" title=\"\" style=\"vertical-align: middle;border: none;\" \/>&nbsp;&nbsp;<a href=\"https:\/\/www.studentenwerk-magdeburg.de\/?dl_id=122\">Wohnheim-W\u00f6rterbuch Deutsch-Chinesisch-Englisch<\/a> (8.4 MiB)<br \/><div class=\"dokumentedes\">Living in a student dorm - an illustrated dictionary in German, Chinese and English, Stand: 8. October 2015<\/div><\/div><br\/>\n","protected":false},"excerpt":{"rendered":"<p>Materialien f\u00fcr ausl\u00e4ndische Studierende Information for Foreign Students in Germany<\/p>\n","protected":false},"author":44,"featured_media":0,"parent":2014,"menu_order":1,"comment_status":"closed","ping_status":"closed","template":"","meta":{"_mc_calendar":[],"footnotes":""},"class_list":["post-7958","page","type-page","status-publish","hentry"],"_links":{"self":[{"href":"https:\/\/www.studentenwerk-magdeburg.de\/en\/wp-json\/wp\/v2\/pages\/7958","targetHints":{"allow":["GET"]}}],"collection":[{"href":"https:\/\/www.studentenwerk-magdeburg.de\/en\/wp-json\/wp\/v2\/pages"}],"about":[{"href":"https:\/\/www.studentenwerk-magdeburg.de\/en\/wp-json\/wp\/v2\/types\/page"}],"author":[{"embeddable":true,"href":"https:\/\/www.studentenwerk-magdeburg.de\/en\/wp-json\/wp\/v2\/users\/44"}],"replies":[{"embeddable":true,"href":"https:\/\/www.studentenwerk-magdeburg.de\/en\/wp-json\/wp\/v2\/comments?post=7958"}],"version-history":[{"count":2,"href":"https:\/\/www.studentenwerk-magdeburg.de\/en\/wp-json\/wp\/v2\/pages\/7958\/revisions"}],"predecessor-version":[{"id":12295,"href":"https:\/\/www.studentenwerk-magdeburg.de\/en\/wp-json\/wp\/v2\/pages\/7958\/revisions\/12295"}],"up":[{"embeddable":true,"href":"https:\/\/www.studentenwerk-magdeburg.de\/en\/wp-json\/wp\/v2\/pages\/2014"}],"wp:attachment":[{"href":"https:\/\/www.studentenwerk-magdeburg.de\/en\/wp-json\/wp\/v2\/media?parent=7958"}],"curies":[{"name":"wp","href":"https:\/\/api.w.org\/{rel}","templated":true}]}}