{"id":4975,"date":"2013-05-02T22:26:24","date_gmt":"2013-05-02T21:26:24","guid":{"rendered":"http:\/\/www1.studentenwerk-magdeburg.de\/accommodation\/schadensmeldung\/"},"modified":"2025-03-27T14:35:40","modified_gmt":"2025-03-27T13:35:40","slug":"damage_notification","status":"publish","type":"page","link":"https:\/\/www.studentenwerk-magdeburg.de\/en\/accommodation\/damage_notification\/","title":{"rendered":"Damage report"},"content":{"rendered":"\n<figure class=\"wp-block-image size-full\"><img decoding=\"async\" width=\"2560\" height=\"640\" src=\"https:\/\/www.studentenwerk-magdeburg.de\/wp-content\/uploads\/2024\/09\/swmd_webheader_schaden-scaled.jpg\" alt=\"Symbolic image craftsman\" class=\"wp-image-19675\" srcset=\"https:\/\/www.studentenwerk-magdeburg.de\/wp-content\/uploads\/2024\/09\/swmd_webheader_schaden-scaled.jpg 2560w, https:\/\/www.studentenwerk-magdeburg.de\/wp-content\/uploads\/2024\/09\/swmd_webheader_schaden-768x192.jpg 768w, https:\/\/www.studentenwerk-magdeburg.de\/wp-content\/uploads\/2024\/09\/swmd_webheader_schaden-1536x384.jpg 1536w, https:\/\/www.studentenwerk-magdeburg.de\/wp-content\/uploads\/2024\/09\/swmd_webheader_schaden-2048x512.jpg 2048w\" sizes=\"(max-width: 2560px) 100vw, 2560px\" \/><\/figure>\n\n<div class=\"wp-block-columns is-layout-flex wp-container-core-columns-is-layout-9d6595d7 wp-block-columns-is-layout-flex\">\n<div class=\"wp-block-column is-layout-flow wp-block-column-is-layout-flow\" style=\"flex-basis:66.66%\">\n<h1 class=\"wp-block-heading\">Damage report<\/h1>\n\n\n\n<p>Please use this form if damage has occurred in your room\/apartment or if a repair is necessary.<\/p>\n\n\n\n<p><strong>If you have problems sending the damage report, please use another browser such as Mozilla Firefox or Google Chrome.<\/strong><\/p>\n\n\n\n<div class=\"wpcf7 no-js\" id=\"wpcf7-f4970-o1\" lang=\"en-US\" dir=\"ltr\" data-wpcf7-id=\"4970\">\n<div class=\"screen-reader-response\"><p role=\"status\" aria-live=\"polite\" aria-atomic=\"true\"><\/p> <ul><\/ul><\/div>\n<form action=\"\/en\/wp-json\/wp\/v2\/pages\/4975#wpcf7-f4970-o1\" method=\"post\" class=\"wpcf7-form init\" aria-label=\"Contact form\" enctype=\"multipart\/form-data\" novalidate=\"novalidate\" data-status=\"init\">\n<fieldset class=\"hidden-fields-container\"><input type=\"hidden\" name=\"_wpcf7\" value=\"4970\" \/><input type=\"hidden\" name=\"_wpcf7_version\" value=\"6.1.5\" \/><input type=\"hidden\" name=\"_wpcf7_locale\" value=\"en_US\" \/><input type=\"hidden\" name=\"_wpcf7_unit_tag\" value=\"wpcf7-f4970-o1\" \/><input type=\"hidden\" name=\"_wpcf7_container_post\" value=\"0\" \/><input type=\"hidden\" name=\"_wpcf7_posted_data_hash\" value=\"\" \/>\n<\/fieldset>\n<hr \/>\n<p><label>Nachname*:<span class=\"grau\"> \/ family name*: <\/span><br \/>\n<span class=\"wpcf7-form-control-wrap\" data-name=\"nachname\"><input size=\"60\" maxlength=\"60\" class=\"wpcf7-form-control wpcf7-text wpcf7-validates-as-required\" aria-required=\"true\" aria-invalid=\"false\" value=\"\" type=\"text\" name=\"nachname\" \/><\/span><\/label><br \/>\n<label>Vorname*:<span class=\"grau\"> \/ first name*:<\/span><br \/>\n<span class=\"wpcf7-form-control-wrap\" data-name=\"vorname\"><input size=\"60\" maxlength=\"60\" class=\"wpcf7-form-control wpcf7-text wpcf7-validates-as-required\" aria-required=\"true\" aria-invalid=\"false\" value=\"\" type=\"text\" name=\"vorname\" \/><\/span><\/label><br \/>\n<label>E-Mail*:<span class=\"grau\"> \/ email*:<\/span><br \/>\n<span class=\"wpcf7-form-control-wrap\" data-name=\"email1\"><input size=\"60\" maxlength=\"60\" class=\"wpcf7-form-control wpcf7-email wpcf7-validates-as-required wpcf7-text wpcf7-validates-as-email\" aria-required=\"true\" aria-invalid=\"false\" value=\"\" type=\"email\" name=\"email1\" \/><\/span><\/label><br \/>\n<label>E-Mail wiederholen*:<span class=\"grau\"> \/ confirm email*:<\/span><br \/>\n<span class=\"wpcf7-form-control-wrap\" data-name=\"email2\"><input size=\"60\" maxlength=\"60\" class=\"wpcf7-form-control wpcf7-email wpcf7-validates-as-required wpcf7-text wpcf7-validates-as-email\" aria-required=\"true\" aria-invalid=\"false\" value=\"\" type=\"email\" name=\"email2\" \/><\/span><\/label><br \/>\n<label>Telefon*: <span class=\"grau\">\/ phone*:<\/span><br \/>\n<span class=\"wpcf7-form-control-wrap\" data-name=\"akttelefon\"><input size=\"60\" maxlength=\"60\" class=\"wpcf7-form-control wpcf7-text wpcf7-validates-as-required\" aria-required=\"true\" aria-invalid=\"false\" value=\"\" type=\"text\" name=\"akttelefon\" \/><\/span><\/label>\n<\/p>\n<p><label>Wohnheim* <span class=\"grau\">\/ student hall of residence*<\/span><br \/>\n<span class=\"wpcf7-form-control-wrap\" data-name=\"wohnheim1\"><select class=\"wpcf7-form-control wpcf7-select wpcf7-validates-as-required\" aria-required=\"true\" aria-invalid=\"false\" name=\"wohnheim1\"><option value=\"Wohnheim waehlen\">Wohnheim waehlen<\/option><option value=\"Magdeburg, Wohnheim 1\">Magdeburg, Wohnheim 1<\/option><option value=\"Magdeburg, Wohnheim 2\">Magdeburg, Wohnheim 2<\/option><option value=\"Magdeburg, Wohnheim 3\">Magdeburg, Wohnheim 3<\/option><option value=\"Magdeburg, Wohnheim 4\">Magdeburg, Wohnheim 4<\/option><option value=\"Magdeburg, Wohnheim 5\">Magdeburg, Wohnheim 5<\/option><option value=\"Magdeburg, Wohnheim 6\">Magdeburg, Wohnheim 6<\/option><option value=\"Magdeburg, Wohnheim 7\">Magdeburg, Wohnheim 7<\/option><option value=\"Magdeburg, Wohnheim 9\">Magdeburg, Wohnheim 9<\/option><option value=\"Magdeburg, Wohnheim 10a\">Magdeburg, Wohnheim 10a<\/option><option value=\"Magdeburg, Wohnheim 10b\">Magdeburg, Wohnheim 10b<\/option><option value=\"Magdeburg, Fermersleber Weg 23\">Magdeburg, Fermersleber Weg 23<\/option><option value=\"Magdeburg, Wohnheim Breitscheidstra\u00dfe\">Magdeburg, Wohnheim Breitscheidstra\u00dfe<\/option><option value=\"Wernigerode, Wohnheim 1\">Wernigerode, Wohnheim 1<\/option><option value=\"Wernigerode, Wohnheim 2\">Wernigerode, Wohnheim 2<\/option><option value=\"Wernigerode, Wohnheim 3\">Wernigerode, Wohnheim 3<\/option><option value=\"Wernigerode, Wohnheim 4\">Wernigerode, Wohnheim 4<\/option><option value=\"Wernigerode, Wohnheim 5\">Wernigerode, Wohnheim 5<\/option><\/select><\/span><\/label><br \/>\n<label>Zimmer*: <span class=\"grau\"> \/ room*:<\/span><br \/>\n<span class=\"wpcf7-form-control-wrap\" data-name=\"zimmer\"><input size=\"10\" maxlength=\"10\" class=\"wpcf7-form-control wpcf7-text wpcf7-validates-as-required\" aria-required=\"true\" aria-invalid=\"false\" value=\"\" type=\"text\" name=\"zimmer\" \/><\/span><\/label><br \/>\n<label>Kurze Beschreibung des Schadens: <span class=\"grau\">\/ Short description of the damage:<\/span><br \/>\n<span class=\"wpcf7-form-control-wrap\" data-name=\"nachricht\"><textarea cols=\"50\" rows=\"5\" maxlength=\"2000\" class=\"wpcf7-form-control wpcf7-textarea\" aria-invalid=\"false\" name=\"nachricht\"><\/textarea><\/span><\/label><br \/>\nFalls m\u00f6glich: Foto(s) des Schadens: <span class=\"grau\">\/ If possible: Photo(s) of the damage:<\/span><br \/>\n<label>Foto 1:<br \/>\n<span class=\"wpcf7-form-control-wrap\" data-name=\"schadensfoto1\"><input size=\"40\" class=\"wpcf7-form-control wpcf7-file\" accept=\".gif,.png,.jpg,.jpeg,.pdf\" aria-invalid=\"false\" type=\"file\" name=\"schadensfoto1\" \/><\/span><\/label><br \/>\n<label>Foto 2:<br \/>\n<span class=\"wpcf7-form-control-wrap\" data-name=\"schadensfoto2\"><input size=\"40\" class=\"wpcf7-form-control wpcf7-file\" accept=\".gif,.png,.jpg,.jpeg,.pdf\" aria-invalid=\"false\" type=\"file\" name=\"schadensfoto2\" \/><\/span><\/label>\n<\/p>\n<p><label>Bitte schlagen Sie einen bevorzugten Termin (Datum + Tageszeit) vor. Wir werden diesen pr\u00fcfen.*<span class=\"grau\"> \/ Please suggest an appointment (Date + Daytime). We will check it.*<\/span><br \/>\n<span class=\"wpcf7-form-control-wrap\" data-name=\"datum\"><input class=\"wpcf7-form-control wpcf7-date wpcf7-validates-as-required wpcf7-validates-as-date\" min=\"2023-01-01\" max=\"2028-12-31\" aria-required=\"true\" aria-invalid=\"false\" value=\"\" type=\"date\" name=\"datum\" \/><\/span><\/label><br \/>\n<label>Uhrzeit*<span class=\"grau\"> \/ Time*<\/span><br \/>\n<span class=\"wpcf7-form-control-wrap\" data-name=\"time\"><select class=\"wpcf7-form-control wpcf7-select wpcf7-validates-as-required\" aria-required=\"true\" aria-invalid=\"false\" name=\"time\"><option value=\"08:00 - 11:00 Uhr\">08:00 - 11:00 Uhr<\/option><option value=\"11:00 - 14:00 Uhr\">11:00 - 14:00 Uhr<\/option><option value=\"14:00 - 17:00 Uhr\">14:00 - 17:00 Uhr<\/option><\/select><\/span><\/label>\n<\/p>\n<p><label>Ich bin damit einverstanden, dass f\u00fcr eine schnelle Schadenbeseitigung ein Handwerker auch in meiner Abwesenheit und auch an einem anderen als dem oben vorgeschlagenen Termin mein Zimmer betritt. <span class=\"grau\"> \/ I consent to a craftsman entering my room for quick repair work even when I'm not at home and at any other than the suggested date above.<\/span><br \/>\n<span class=\"wpcf7-form-control-wrap\" data-name=\"abwesenheit\"><select class=\"wpcf7-form-control wpcf7-select wpcf7-validates-as-required\" aria-required=\"true\" aria-invalid=\"false\" name=\"abwesenheit\"><option value=\"Ja \/ Yes\">Ja \/ Yes<\/option><option value=\"Nein \/ No\">Nein \/ No<\/option><\/select><\/span><\/label>\n<\/p>\n<p>Spamschutz: Gibt das Ergebnis der folgenden Rechenaufgabe als Zahl in das Textfeld darunter ein.* <span class=\"grau\">\/ Spam protection: Enter the result of the following calculation as a number in the text field below.*<\/span><br \/>\n<span class=\"wpcf7-form-control-wrap\" data-name=\"random-math-quiz\"><label><span class=\"wpcf7-quiz-label\">Wieviel ist eins plus zwei? \/ How much is one plus two?<\/span> <input size=\"40\" class=\"wpcf7-form-control wpcf7-quiz\" autocomplete=\"off\" aria-required=\"true\" aria-invalid=\"false\" type=\"text\" name=\"random-math-quiz\" \/><\/label><input type=\"hidden\" name=\"_wpcf7_quiz_answer_random-math-quiz\" value=\"b5669468b828e51fa647fca7fef9a750\" \/><\/span>\n<\/p>\n<p>&nbsp;\n<\/p>\n<div class=\"dsgvo\">\n\t<p><label>Einwilligungserkl\u00e4rung zur Datenverarbeitung (DSGVO)<span class=\"wpcf7-form-control-wrap\" data-name=\"privacy-policy\"><span class=\"wpcf7-form-control wpcf7-acceptance\"><span class=\"wpcf7-list-item\"><input type=\"checkbox\" name=\"privacy-policy\" value=\"1\" aria-invalid=\"false\" \/><\/span><\/span><\/span><\/label>\n\t<\/p>\n<\/div>\n<p>Der zweckgebundenen Erfassung, Speicherung und Verarbeitung meiner eingegebenen Daten durch das Studentenwerk Magdeburg und der Nutzung meiner E-Mail-Adresse zur Korrespondenz stimme ich hiermit ausdr\u00fccklich zu. Mir ist bewu\u00dft, dass die angegebenen personenbezogenen Daten f\u00fcr die zweckgebundene Bearbeitung der im vorstehenden Formular zur Kontaktaufnahme erhoben werden. Diese Daten sind erforderlich um meine Anfrage \u00fcber das Kontaktformular bearbeiten zu k\u00f6nnen. Ohne meine Zustimmung ist das Absenden des Formulars daher nicht m\u00f6glich. Die <a href=\"https:\/\/www.studentenwerk-magdeburg.de\/studentenwerk\/datenschutzerklaerung\/\">Datenschutzerkl\u00e4rung<\/a> und insbesondere die Hinweise zur L\u00f6schung und \u00dcbertragbarkeit meiner Daten habe ich gelesen und verstanden. Ich versichere abschlie\u00dfend, dass meine Angaben wahrheitsgem\u00e4\u00df und vollst\u00e4ndig sind.\n<\/p>\n<p>&nbsp;\n<\/p>\n<p><input class=\"wpcf7-form-control wpcf7-submit has-spinner\" type=\"submit\" value=\"Senden \/ Submit\" \/>\n<\/p><div class=\"wpcf7-response-output\" aria-hidden=\"true\"><\/div>\n<\/form>\n<\/div>\n\n<\/div>\n\n\n\n<div class=\"wp-block-column is-layout-flow wp-block-column-is-layout-flow\" style=\"flex-basis:33.33%\">\n<h2 class=\"wp-block-heading\">Who do I contact in the event of an emergency?<\/h2>\n\n\n\n<p>Outside office hours, at weekends, on public holidays or when the Studentenwerk is closed, you can contact our on-call services.<\/p>\n\n\n\n<h3 class=\"wp-block-heading\">1. damage to the rented property<\/h3>\n\n\n\n<ul class=\"wp-block-list\">\n<li>for halls of residence in Magdeburg: Tel.: 0391 &#8211; 73836 \/ Mobile: 0151 &#8211; 150 674 11 or 0151 150 674 33<\/li>\n\n\n\n<li>for dormitory in Wernigerode: Mobile: 0152 &#8211; 092 741 74<\/li>\n<\/ul>\n\n\n\n<p>The standby service can be used if considerable damage to property and equipment could occur or life and health are endangered if it is not rectified.<\/p>\n\n\n\n<h3 class=\"wp-block-heading\">2. key service<\/h3>\n\n\n\n<p>Please use the following telephone numbers if the door has been locked and you are not in immediate possession of the key:<\/p>\n\n\n\n<ul class=\"wp-block-list\">\n<li>for halls of residence in Magdeburg: Wach- und Schlie\u00dfgesellschaft, Tel.: 0391 &#8211; 73836, Mobile: 0151 &#8211; 150 674 11 or 0151 150 674 33<\/li>\n\n\n\n<li>for halls of residence in Wernigerode: SSH Security Service, Tel.: 03941 &#8211; 61517<\/li>\n<\/ul>\n\n\n\n<p>If the lock no longer opens despite the key, please use the following contact:<\/p>\n\n\n\n<ul class=\"wp-block-list\">\n<li>for halls of residence in Magdeburg: Wach- und Schlie\u00dfgesellschaft, Tel.: 0391 &#8211; 73836, Mobile: 0151 &#8211; 150 674 11 or 0151 150 674 33<\/li>\n\n\n\n<li>for halls of residence in Wernigerode: Kraut Sicherheitstechnik, Tel.: 03943 &#8211; 409999-0<\/li>\n<\/ul>\n\n\n\n<p>If the locksmith is at fault, the costs are to be borne by the customer and paid to the locksmith on site.<\/p>\n\n\n\n<p>We ask for your understanding that additional costs may be incurred by the party responsible in the event of improper use. The commissioning of a company that deviates from the above is at the expense of the commissioning party. <\/p>\n\n\n\n<p>If you have lost your key, please contact the <a href=\"https:\/\/www.studentenwerk-magdeburg.de\/en\/accommodation\/contact-persons\/\">relevant janitor<\/a> during his office hours. A replacement fee will be charged. <\/p>\n<\/div>\n<\/div>\n","protected":false},"excerpt":{"rendered":"<p>Damage report Please use this form if damage has occurred in your room\/apartment or if a repair is necessary. If you have problems sending the damage report, please use another browser such as Mozilla Firefox or Google Chrome. Who do I contact in the event of an emergency? Outside office &hellip; <a href=\"https:\/\/www.studentenwerk-magdeburg.de\/en\/accommodation\/damage_notification\/\">Continue reading <span class=\"meta-nav\">&rarr;<\/span><\/a><\/p>\n","protected":false},"author":12,"featured_media":0,"parent":2010,"menu_order":2,"comment_status":"closed","ping_status":"closed","template":"","meta":{"_mc_calendar":[],"footnotes":""},"class_list":["post-4975","page","type-page","status-publish","hentry"],"_links":{"self":[{"href":"https:\/\/www.studentenwerk-magdeburg.de\/en\/wp-json\/wp\/v2\/pages\/4975","targetHints":{"allow":["GET"]}}],"collection":[{"href":"https:\/\/www.studentenwerk-magdeburg.de\/en\/wp-json\/wp\/v2\/pages"}],"about":[{"href":"https:\/\/www.studentenwerk-magdeburg.de\/en\/wp-json\/wp\/v2\/types\/page"}],"author":[{"embeddable":true,"href":"https:\/\/www.studentenwerk-magdeburg.de\/en\/wp-json\/wp\/v2\/users\/12"}],"replies":[{"embeddable":true,"href":"https:\/\/www.studentenwerk-magdeburg.de\/en\/wp-json\/wp\/v2\/comments?post=4975"}],"version-history":[{"count":17,"href":"https:\/\/www.studentenwerk-magdeburg.de\/en\/wp-json\/wp\/v2\/pages\/4975\/revisions"}],"predecessor-version":[{"id":21469,"href":"https:\/\/www.studentenwerk-magdeburg.de\/en\/wp-json\/wp\/v2\/pages\/4975\/revisions\/21469"}],"up":[{"embeddable":true,"href":"https:\/\/www.studentenwerk-magdeburg.de\/en\/wp-json\/wp\/v2\/pages\/2010"}],"wp:attachment":[{"href":"https:\/\/www.studentenwerk-magdeburg.de\/en\/wp-json\/wp\/v2\/media?parent=4975"}],"curies":[{"name":"wp","href":"https:\/\/api.w.org\/{rel}","templated":true}]}}