{"id":3675,"date":"2012-08-12T23:00:41","date_gmt":"2012-08-12T21:00:41","guid":{"rendered":"http:\/\/www1.studentenwerk-magdeburg.de\/?page_id=3675"},"modified":"2026-03-10T10:50:22","modified_gmt":"2026-03-10T09:50:22","slug":"documents","status":"publish","type":"page","link":"https:\/\/www.studentenwerk-magdeburg.de\/en\/finances\/documents\/","title":{"rendered":"Documents"},"content":{"rendered":"\n<h1 class=\"wp-block-heading\">Documents and Forms<\/h1>\n\n\n\n<p>Please note that the official language of BAf\u00f6G applications is German. For this reason, the application forms and further informations are available in German only.<\/p>\n\n\n\n<h2 class=\"wp-block-heading\">Antrags- und Formbl\u00e4tter BAf\u00f6G<\/h2>\n\n\n(12 Dateien in der Kategorie Baf\u00f6g-Antrag)<br\/><br\/><div class=\"dokumente\"><img decoding=\"async\" src=\"\/wp-content\/plugins\/wp-downloadmanager\/images\/ext\/pdf.gif\" alt=\"\" title=\"\" style=\"vertical-align: middle;border: none;\" \/>&nbsp;&nbsp;<a href=\"https:\/\/www.studentenwerk-magdeburg.de\/?dl_id=439\">Formblatt 01<\/a> (372.9 KiB)<br \/><div class=\"dokumentedes\">Antrag auf BAf\u00f6G, Stand: 2. April 2025<\/div><\/div><div class=\"dokumente\"><img decoding=\"async\" src=\"\/wp-content\/plugins\/wp-downloadmanager\/images\/ext\/pdf.gif\" alt=\"\" title=\"\" style=\"vertical-align: middle;border: none;\" \/>&nbsp;&nbsp;<a href=\"https:\/\/www.studentenwerk-magdeburg.de\/?dl_id=23\">Formblatt 02<\/a> (869.5 KiB)<br \/><div class=\"dokumentedes\">Bescheinigung der Ausbildungsst\u00e4tte, Stand: 2. April 2025<\/div><\/div><div class=\"dokumente\"><img decoding=\"async\" src=\"\/wp-content\/plugins\/wp-downloadmanager\/images\/ext\/pdf.gif\" alt=\"\" title=\"\" style=\"vertical-align: middle;border: none;\" \/>&nbsp;&nbsp;<a href=\"https:\/\/www.studentenwerk-magdeburg.de\/?dl_id=22\">Formblatt 03<\/a> (364.5 KiB)<br \/><div class=\"dokumentedes\">Einkommenserkl\u00e4rung des Ehe- oder Lebenspartners bzw. der Eltern, Stand: 2. April 2025<\/div><\/div><div class=\"dokumente\"><img decoding=\"async\" src=\"\/wp-content\/plugins\/wp-downloadmanager\/images\/ext\/pdf.gif\" alt=\"\" title=\"\" style=\"vertical-align: middle;border: none;\" \/>&nbsp;&nbsp;<a href=\"https:\/\/www.studentenwerk-magdeburg.de\/?dl_id=21\">Formblatt 04<\/a> (149.2 KiB)<br \/><div class=\"dokumentedes\">Kinder der auszubildenden Person, Stand: 2. April 2025<\/div><\/div><div class=\"dokumente\"><img decoding=\"async\" src=\"\/wp-content\/plugins\/wp-downloadmanager\/images\/ext\/pdf.gif\" alt=\"\" title=\"\" style=\"vertical-align: middle;border: none;\" \/>&nbsp;&nbsp;<a href=\"https:\/\/www.studentenwerk-magdeburg.de\/?dl_id=20\">Formblatt 05<\/a> (128.2 KiB)<br \/><div class=\"dokumentedes\">Leistungsnachweis, Stand: 2. April 2025<\/div><\/div><div class=\"dokumente\"><img decoding=\"async\" src=\"\/wp-content\/plugins\/wp-downloadmanager\/images\/ext\/pdf.gif\" alt=\"\" title=\"\" style=\"vertical-align: middle;border: none;\" \/>&nbsp;&nbsp;<a href=\"https:\/\/www.studentenwerk-magdeburg.de\/?dl_id=19\">Formblatt 06<\/a> (228.5 KiB)<br \/><div class=\"dokumentedes\">Zusatzblatt f\u00fcr eine Ausbildung im Ausland, Stand: 2. April 2025<\/div><\/div><div class=\"dokumente\"><img decoding=\"async\" src=\"\/wp-content\/plugins\/wp-downloadmanager\/images\/ext\/pdf.gif\" alt=\"\" title=\"\" style=\"vertical-align: middle;border: none;\" \/>&nbsp;&nbsp;<a href=\"https:\/\/www.studentenwerk-magdeburg.de\/?dl_id=18\">Formblatt 07<\/a> (238.5 KiB)<br \/><div class=\"dokumentedes\">Aktualisierungsantrag, Stand: 2. April 2025<\/div><\/div><div class=\"dokumente\"><img decoding=\"async\" src=\"\/wp-content\/plugins\/wp-downloadmanager\/images\/ext\/pdf.gif\" alt=\"\" title=\"\" style=\"vertical-align: middle;border: none;\" \/>&nbsp;&nbsp;<a href=\"https:\/\/www.studentenwerk-magdeburg.de\/?dl_id=17\">Formblatt 08<\/a> (295.2 KiB)<br \/><div class=\"dokumentedes\">Vorausleistungsantrag, Stand: 2. April 2025<\/div><\/div><div class=\"dokumente\"><img decoding=\"async\" src=\"\/wp-content\/plugins\/wp-downloadmanager\/images\/ext\/pdf.gif\" alt=\"\" title=\"\" style=\"vertical-align: middle;border: none;\" \/>&nbsp;&nbsp;<a href=\"https:\/\/www.studentenwerk-magdeburg.de\/?dl_id=267\">Formblatt 09<\/a> (310.7 KiB)<br \/><div class=\"dokumentedes\">Folgeantrag auf Ausbildungsf\u00f6rderung, Stand: 2. April 2025<\/div><\/div><div class=\"dokumente\"><img decoding=\"async\" src=\"\/wp-content\/plugins\/wp-downloadmanager\/images\/ext\/pdf.gif\" alt=\"\" title=\"\" style=\"vertical-align: middle;border: none;\" \/>&nbsp;&nbsp;<a href=\"https:\/\/www.studentenwerk-magdeburg.de\/?dl_id=440\">Formblatt 10<\/a> (194.0 KiB)<br \/><div class=\"dokumentedes\">Verl\u00e4ngerung der F\u00f6rderungsdauer jenseits\r\nder F\u00f6rderungsh\u00f6chstdauer (Zusatzblatt), Stand: 2. April 2025<\/div><\/div><div class=\"dokumente\"><img decoding=\"async\" src=\"\/wp-content\/plugins\/wp-downloadmanager\/images\/ext\/pdf.gif\" alt=\"\" title=\"\" style=\"vertical-align: middle;border: none;\" \/>&nbsp;&nbsp;<a href=\"https:\/\/www.studentenwerk-magdeburg.de\/?dl_id=268\">Erkl\u00e4rung der Eltern Ausl\u00e4ndische Studierende<\/a> (1.0 MiB)<br \/><div class=\"dokumentedes\">Erkl\u00e4rung der Eltern\/des Elternteils zu \u00a7 8 Abs. 3 Nr. 2 BAf\u00f6G, Stand: 24. September 2020<\/div><\/div><div class=\"dokumente\"><img decoding=\"async\" src=\"\/wp-content\/plugins\/wp-downloadmanager\/images\/ext\/pdf.gif\" alt=\"\" title=\"\" style=\"vertical-align: middle;border: none;\" \/>&nbsp;&nbsp;<a href=\"https:\/\/www.studentenwerk-magdeburg.de\/?dl_id=81\">Angaben zu Immobilien<\/a> (41.7 KiB)<br \/><div class=\"dokumentedes\">Angaben zu Grundst\u00fccken sowie Eigentumsh\u00e4usern und -wohnungen, Stand: 20. June 2012<\/div><\/div><br\/>\n\n\n\n<h2 class=\"wp-block-heading\">Merk- und Hinweisbl\u00e4tter<\/h2>\n\n\n\n<figure class=\"wp-block-table\"><table class=\"has-fixed-layout\"><tbody><tr><td><strong>Hinweisblatt Datenschutz Amt f\u00fcr Ausbildungsf\u00f6rderung<\/strong><\/td><td><a href=\"https:\/\/www.xn--bafg-7qa.de\/bafoeg\/shareddocs\/downloads\/formblaetter\/v2025\/hinweisblatt_zum_datenschutz.pdf?__blob=publicationFile&amp;v=4\">Download<\/a><\/td><\/tr><tr><td><strong>Darlehensr\u00fcckzahlung<\/strong><\/td><td><a href=\"https:\/\/www.baf\u00f6g.de\/bafoeg\/de\/antrag-stellen\/merkblaetter\/darlehensrueckzahlung\/darlehensrueckzahlung_node.html\" target=\"_blank\" rel=\"noopener\">Link \u00f6ffnen<\/a><\/td><\/tr><tr><td><strong>Schwangerschaft und Kindererziehung<\/strong><\/td><td><a href=\"https:\/\/www.baf\u00f6g.de\/bafoeg\/de\/antrag-stellen\/merkblaetter\/schwangerschaft-und-kindererziehung\/schwangerschaft-und-kindererziehung\" target=\"_blank\" rel=\"noopener\">Link \u00f6ffnen<\/a><\/td><\/tr><tr><td><strong>Ausbildungsabbruch und Fachrichtungswechsel<\/strong><\/td><td><a href=\"https:\/\/www.baf\u00f6g.de\/bafoeg\/de\/antrag-stellen\/merkblaetter\/ausbildungsabbruch-und-fachrichtungswechsel\/ausbildungsabbruch-und-fachrichtungswechsel_node.html\" target=\"_blank\" rel=\"noopener\">Link \u00f6ffnen<\/a><\/td><\/tr><tr><td><strong>Bildungskredit<\/strong><\/td><td><a href=\"https:\/\/www.baf\u00f6g.de\/bafoeg\/de\/weitere-foerdermoeglichkeiten\/bildungskredit\/bildungskredit_node.html\" target=\"_blank\" rel=\"noopener\">Link \u00f6ffnen<\/a><\/td><\/tr><tr><td><strong>Merkblatt<\/strong><\/td><td><a href=\"https:\/\/www.baf\u00f6g.de\/bafoeg\/de\/antrag-stellen\/merkblaetter\/merkblaetter_node.html\" target=\"_blank\" rel=\"noopener\">Link \u00f6ffnen<\/a><\/td><\/tr><tr><td><strong>Einkommen der Auszubildenden<\/strong><\/td><td><a href=\"https:\/\/www.baf\u00f6g.de\/bafoeg\/de\/antrag-stellen\/merkblaetter\/einkommen-der-auszubildenden\/einkommen-der-auszubildenden_node.html\" target=\"_blank\" rel=\"noopener\">Link \u00f6ffnen<\/a><\/td><\/tr><tr><td><strong>Einkommensaktualisierung<\/strong><\/td><td><a href=\"https:\/\/www.baf\u00f6g.de\/bafoeg\/de\/antrag-stellen\/merkblaetter\/einkommensaktualisierung\/einkommensaktualisierung.html\" target=\"_blank\" rel=\"noopener\">Link \u00f6ffnen<\/a><\/td><\/tr><tr><td><strong>Elternunabh\u00e4ngige F\u00f6rderung<\/strong><\/td><td><a href=\"https:\/\/www.baf\u00f6g.de\/bafoeg\/de\/antrag-stellen\/merkblaetter\/elternunabhaengige-foerderung\/elternunabhaengige-foerderung_node.html\" target=\"_blank\" rel=\"noopener\">Link \u00f6ffnen<\/a><\/td><\/tr><tr><td><strong>Zweitausbildung<\/strong><\/td><td><a href=\"https:\/\/www.baf\u00f6g.de\/bafoeg\/de\/antrag-stellen\/merkblaetter\/zweitausbildungen\/zweitausbildungen_node.html\" target=\"_blank\" rel=\"noopener\">Link \u00f6ffnen<\/a><\/td><\/tr><\/tbody><\/table><\/figure>\n\n","protected":false},"excerpt":{"rendered":"<p>Documents and Forms Please note that the official language of BAf\u00f6G applications is German. For this reason, the application forms and further informations are available in German only. Antrags- und Formbl\u00e4tter BAf\u00f6G Merk- und Hinweisbl\u00e4tter Hinweisblatt Datenschutz Amt f\u00fcr Ausbildungsf\u00f6rderung Download Darlehensr\u00fcckzahlung Link \u00f6ffnen Schwangerschaft und Kindererziehung Link \u00f6ffnen Ausbildungsabbruch &hellip; <a href=\"https:\/\/www.studentenwerk-magdeburg.de\/en\/finances\/documents\/\">Continue reading <span class=\"meta-nav\">&rarr;<\/span><\/a><\/p>\n","protected":false},"author":36,"featured_media":0,"parent":1977,"menu_order":8,"comment_status":"closed","ping_status":"closed","template":"","meta":{"_mc_calendar":[],"footnotes":""},"class_list":["post-3675","page","type-page","status-publish","hentry"],"_links":{"self":[{"href":"https:\/\/www.studentenwerk-magdeburg.de\/en\/wp-json\/wp\/v2\/pages\/3675","targetHints":{"allow":["GET"]}}],"collection":[{"href":"https:\/\/www.studentenwerk-magdeburg.de\/en\/wp-json\/wp\/v2\/pages"}],"about":[{"href":"https:\/\/www.studentenwerk-magdeburg.de\/en\/wp-json\/wp\/v2\/types\/page"}],"author":[{"embeddable":true,"href":"https:\/\/www.studentenwerk-magdeburg.de\/en\/wp-json\/wp\/v2\/users\/36"}],"replies":[{"embeddable":true,"href":"https:\/\/www.studentenwerk-magdeburg.de\/en\/wp-json\/wp\/v2\/comments?post=3675"}],"version-history":[{"count":3,"href":"https:\/\/www.studentenwerk-magdeburg.de\/en\/wp-json\/wp\/v2\/pages\/3675\/revisions"}],"predecessor-version":[{"id":23655,"href":"https:\/\/www.studentenwerk-magdeburg.de\/en\/wp-json\/wp\/v2\/pages\/3675\/revisions\/23655"}],"up":[{"embeddable":true,"href":"https:\/\/www.studentenwerk-magdeburg.de\/en\/wp-json\/wp\/v2\/pages\/1977"}],"wp:attachment":[{"href":"https:\/\/www.studentenwerk-magdeburg.de\/en\/wp-json\/wp\/v2\/media?parent=3675"}],"curies":[{"name":"wp","href":"https:\/\/api.w.org\/{rel}","templated":true}]}}