{"id":3646,"date":"2012-07-19T17:48:22","date_gmt":"2012-07-19T15:48:22","guid":{"rendered":"http:\/\/www1.studentenwerk-magdeburg.de\/campuskinderzimmer\/campuskids-daycare\/voranmeldung\/"},"modified":"2024-11-06T08:32:10","modified_gmt":"2024-11-06T07:32:10","slug":"voranmeldung","status":"publish","type":"page","link":"https:\/\/www.studentenwerk-magdeburg.de\/en\/campus-child-care\/campuskids-daycare\/voranmeldung\/","title":{"rendered":"Kita Application"},"content":{"rendered":"<h1>Child Care Waitlist Application<\/h1>\n<p>I want to be added to the non-binding waitlist for the CampusKids Daycare.<\/p>\n\n<div class=\"wpcf7 no-js\" id=\"wpcf7-f2994-o1\" lang=\"en-US\" dir=\"ltr\" data-wpcf7-id=\"2994\">\n<div class=\"screen-reader-response\"><p role=\"status\" aria-live=\"polite\" aria-atomic=\"true\"><\/p> <ul><\/ul><\/div>\n<form action=\"\/en\/wp-json\/wp\/v2\/pages\/3646#wpcf7-f2994-o1\" method=\"post\" class=\"wpcf7-form init\" aria-label=\"Contact form\" novalidate=\"novalidate\" data-status=\"init\">\n<fieldset class=\"hidden-fields-container\"><input type=\"hidden\" name=\"_wpcf7\" value=\"2994\" \/><input type=\"hidden\" name=\"_wpcf7_version\" value=\"6.1.5\" \/><input type=\"hidden\" name=\"_wpcf7_locale\" value=\"en_US\" \/><input type=\"hidden\" name=\"_wpcf7_unit_tag\" value=\"wpcf7-f2994-o1\" \/><input type=\"hidden\" name=\"_wpcf7_container_post\" value=\"0\" \/><input type=\"hidden\" name=\"_wpcf7_posted_data_hash\" value=\"\" \/>\n<\/fieldset>\n<h2>1. Angaben zum Kind<span class=\"grau\"><br \/>\n1. Information about the child<\/span>\n<\/h2>\n<p><label>Nachname Kind*:<span class=\"grau\"> \/ family name of the child*: <\/span><br \/>\n<span class=\"wpcf7-form-control-wrap\" data-name=\"nachnamek\"><input size=\"50\" maxlength=\"80\" class=\"wpcf7-form-control wpcf7-text wpcf7-validates-as-required\" aria-required=\"true\" aria-invalid=\"false\" value=\"\" type=\"text\" name=\"nachnamek\" \/><\/span><\/label><br \/>\n<label>Vorname Kind*:<span class=\"grau\"> \/ first name of the child*:<\/span><br \/>\n<span class=\"wpcf7-form-control-wrap\" data-name=\"vornamek\"><input size=\"50\" maxlength=\"80\" class=\"wpcf7-form-control wpcf7-text wpcf7-validates-as-required\" aria-required=\"true\" aria-invalid=\"false\" value=\"\" type=\"text\" name=\"vornamek\" \/><\/span><\/label><br \/>\n<label>Geburtsdatum Kind*:<span class=\"grau\"> \/ date of birth of the child*:<\/span><br \/>\n<span class=\"wpcf7-form-control-wrap\" data-name=\"gebdatum\"><input class=\"wpcf7-form-control wpcf7-date wpcf7-validates-as-required wpcf7-validates-as-date\" min=\"2015-01-01\" max=\"2026-12-31\" aria-required=\"true\" aria-invalid=\"false\" value=\"\" type=\"date\" name=\"gebdatum\" \/><\/span><\/label><br \/>\n<label>Geburtsort Kind*:<span class=\"grau\"> \/ place of birth of the child*:<\/span><br \/>\n<span class=\"wpcf7-form-control-wrap\" data-name=\"gebortk\"><input size=\"50\" maxlength=\"80\" class=\"wpcf7-form-control wpcf7-text wpcf7-validates-as-required\" aria-required=\"true\" aria-invalid=\"false\" value=\"\" type=\"text\" name=\"gebortk\" \/><\/span><\/label><br \/>\n<label>Besonderheiten des Kindes:<span class=\"grau\"> \/ characteristics of the child:<\/span><br \/>\n<span class=\"wpcf7-form-control-wrap\" data-name=\"besonders\"><input size=\"50\" maxlength=\"80\" class=\"wpcf7-form-control wpcf7-text\" aria-invalid=\"false\" value=\"\" type=\"text\" name=\"besonders\" \/><\/span><\/label>\n<\/p>\n<h2>2. Angaben zum Erziehungsberechtigten<span class=\"grau\"><br \/>\n2. Information about the parent or guardian<\/span>\n<\/h2>\n<p><label>Nachname Erziehungsberechtigte(r)*:<span class=\"grau\"> \/ family name*: <\/span><br \/>\n<span class=\"wpcf7-form-control-wrap\" data-name=\"nachname\"><input size=\"50\" maxlength=\"80\" class=\"wpcf7-form-control wpcf7-text wpcf7-validates-as-required\" aria-required=\"true\" aria-invalid=\"false\" value=\"\" type=\"text\" name=\"nachname\" \/><\/span><\/label><br \/>\n<label>Vorname Erziehungsberechtigte(r)*:<span class=\"grau\"> \/ first name*:<\/span><br \/>\n<span class=\"wpcf7-form-control-wrap\" data-name=\"vorname\"><input size=\"50\" maxlength=\"80\" class=\"wpcf7-form-control wpcf7-text wpcf7-validates-as-required\" aria-required=\"true\" aria-invalid=\"false\" value=\"\" type=\"text\" name=\"vorname\" \/><\/span><\/label><br \/>\n<label>Stra\u00dfe, Nr.*:<span class=\"grau\"> \/ Street, house number*:<\/span><br \/>\n<span class=\"wpcf7-form-control-wrap\" data-name=\"strasse\"><input size=\"50\" maxlength=\"80\" class=\"wpcf7-form-control wpcf7-text wpcf7-validates-as-required\" aria-required=\"true\" aria-invalid=\"false\" value=\"\" type=\"text\" name=\"strasse\" \/><\/span><\/label><br \/>\n<label>PLZ*:<span class=\"grau\"> \/ Postal Code*: <\/span><br \/>\n<span class=\"wpcf7-form-control-wrap\" data-name=\"plz\"><input size=\"5\" maxlength=\"10\" class=\"wpcf7-form-control wpcf7-text wpcf7-validates-as-required\" aria-required=\"true\" aria-invalid=\"false\" value=\"\" type=\"text\" name=\"plz\" \/><\/span><\/label><br \/>\n<label>Ort*:<span class=\"grau\"> \/ City*: <\/span><br \/>\n<span class=\"wpcf7-form-control-wrap\" data-name=\"ort\"><input size=\"40\" maxlength=\"80\" class=\"wpcf7-form-control wpcf7-text wpcf7-validates-as-required\" aria-required=\"true\" aria-invalid=\"false\" value=\"\" type=\"text\" name=\"ort\" \/><\/span><\/label><br \/>\n<label>Telefon: <span class=\"grau\">\/ phone:<\/span><br \/>\n<span class=\"wpcf7-form-control-wrap\" data-name=\"mobtelefon\"><input size=\"50\" maxlength=\"80\" class=\"wpcf7-form-control wpcf7-text\" aria-invalid=\"false\" value=\"\" type=\"text\" name=\"mobtelefon\" \/><\/span><\/label><br \/>\n<label>E-Mail*:<span class=\"grau\"> \/ email*:<\/span><br \/>\n<span class=\"wpcf7-form-control-wrap\" data-name=\"email1\"><input size=\"50\" maxlength=\"80\" class=\"wpcf7-form-control wpcf7-email wpcf7-validates-as-required wpcf7-text wpcf7-validates-as-email\" aria-required=\"true\" aria-invalid=\"false\" value=\"\" type=\"email\" name=\"email1\" \/><\/span><\/label><br \/>\n<label>E-Mail wiederholen*:<span class=\"grau\"> \/ confirm email*:<\/span><br \/>\n<span class=\"wpcf7-form-control-wrap\" data-name=\"email2\"><input size=\"50\" maxlength=\"80\" class=\"wpcf7-form-control wpcf7-email wpcf7-validates-as-required wpcf7-text wpcf7-validates-as-email\" aria-required=\"true\" aria-invalid=\"false\" value=\"\" type=\"email\" name=\"email2\" \/><\/span><\/label>\n<\/p>\n<p><label>Besch\u00e4ftigung - Ich bin<span class=\"grau\"> \/ My employment:<\/span><br \/>\n<span class=\"wpcf7-form-control-wrap\" data-name=\"besch\"><select class=\"wpcf7-form-control wpcf7-select wpcf7-validates-as-required\" aria-required=\"true\" aria-invalid=\"false\" name=\"besch\"><option value=\"kein(e) Student(in) oder Mitarbeiter(in) im Bereich der Hochschulen\">kein(e) Student(in) oder Mitarbeiter(in) im Bereich der Hochschulen<\/option><option value=\"Student(in) OvGU\">Student(in) OvGU<\/option><option value=\"Student(in) HS MD-Stendal\">Student(in) HS MD-Stendal<\/option><option value=\"Mitarbeiter(in) OvGU\">Mitarbeiter(in) OvGU<\/option><option value=\"Mitarbeiter(in) HS MD-Stendal\">Mitarbeiter(in) HS MD-Stendal<\/option><option value=\"Mitarbeiter(in) Studentenwerk\">Mitarbeiter(in) Studentenwerk<\/option><option value=\"Mitarbeiter(in) hochschulnaher Einrichtungen\">Mitarbeiter(in) hochschulnaher Einrichtungen<\/option><\/select><\/span><\/label>\n<\/p>\n<h2>3. Beginn der gew\u00fcnschten Betreuung<br \/>\n<span class=\"grau\">3. Preferred start date for child care<\/span>\n<\/h2>\n<p><label>Gew\u00fcnschter Betreuungsbeginn:<span class=\"grau\"> \/ preferred start date:<\/span><br \/>\n<span class=\"wpcf7-form-control-wrap\" data-name=\"betdatum\"><input class=\"wpcf7-form-control wpcf7-date wpcf7-validates-as-required wpcf7-validates-as-date\" min=\"2025-01-01\" max=\"2026-12-31\" aria-required=\"true\" aria-invalid=\"false\" value=\"\" type=\"date\" name=\"betdatum\" \/><\/span><\/label>\n<\/p>\n<h2>4. Best\u00e4tigung<br \/>\n<span class=\"grau\">4. confirmation<\/span>\n<\/h2>\n<p><label>Weitere Anmerkungen: <span class=\"grau\">\/ Additional comments:<\/span><br \/>\n<span class=\"wpcf7-form-control-wrap\" data-name=\"anmerkung\"><textarea cols=\"40\" rows=\"4\" maxlength=\"2000\" class=\"wpcf7-form-control wpcf7-textarea\" aria-invalid=\"false\" name=\"anmerkung\"><\/textarea><\/span><\/label>\n<\/p>\n<p>&nbsp;\n<\/p>\n<p>Spamschutz: Gibt das Ergebnis der folgenden Rechenaufgabe als Zahl in das Textfeld darunter ein.* <span class=\"grau\">\/ Spam protection: Enter the result of the following calculation as a number in the text field below.*<\/span><br \/>\n<span class=\"wpcf7-form-control-wrap\" data-name=\"random-math-quiz\"><label><span class=\"wpcf7-quiz-label\">Wieviel ist zehn plus eins? \/ How much is ten plus one?<\/span> <input size=\"40\" class=\"wpcf7-form-control wpcf7-quiz\" autocomplete=\"off\" aria-required=\"true\" aria-invalid=\"false\" type=\"text\" name=\"random-math-quiz\" \/><\/label><input type=\"hidden\" name=\"_wpcf7_quiz_answer_random-math-quiz\" value=\"7a7e79afdec2d400c17eda66830bbbc5\" \/><\/span>\n<\/p>\n<p>&nbsp;\n<\/p>\n<div class=\"dsgvo\">\n\t<p><label>Einwilligungserkl\u00e4rung zur Datenverarbeitung (DSGVO)<span class=\"wpcf7-form-control-wrap\" data-name=\"privacy-policy\"><span class=\"wpcf7-form-control wpcf7-acceptance\"><span class=\"wpcf7-list-item\"><input type=\"checkbox\" name=\"privacy-policy\" value=\"1\" aria-invalid=\"false\" \/><\/span><\/span><\/span><\/label>\n\t<\/p>\n<\/div>\n<p>Der zweckgebundenen Erfassung, Speicherung und Verarbeitung meiner eingegebenen Daten durch das Studentenwerk Magdeburg und der Nutzung meiner E-Mail-Adresse zur Korrespondenz stimme ich hiermit ausdr\u00fccklich zu. Mir ist bewu\u00dft, dass die angegebenen personenbezogenen Daten f\u00fcr die zweckgebundene Bearbeitung der im vorstehenden Formular zur Kontaktaufnahme erhoben werden. Diese Daten sind erforderlich um meine Anfrage \u00fcber das Kontaktformular bearbeiten zu k\u00f6nnen. Ohne meine Zustimmung ist das Absenden des Formulars daher nicht m\u00f6glich. Die <a href=\"https:\/\/www.studentenwerk-magdeburg.de\/studentenwerk\/datenschutzerklaerung\/\">Datenschutzerkl\u00e4rung<\/a> und insbesondere die Hinweise zur L\u00f6schung und \u00dcbertragbarkeit meiner Daten habe ich gelesen und verstanden. Ich versichere abschlie\u00dfend, dass meine Angaben wahrheitsgem\u00e4\u00df und vollst\u00e4ndig sind.\n<\/p>\n<p>&nbsp;\n<\/p>\n<p><input class=\"wpcf7-form-control wpcf7-submit has-spinner\" type=\"submit\" value=\"Senden \/ Submit\" \/>\n<\/p><div class=\"wpcf7-response-output\" aria-hidden=\"true\"><\/div>\n<\/form>\n<\/div>\n\n","protected":false},"excerpt":{"rendered":"<p>Child Care Waitlist Application I want to be added to the non-binding waitlist for the CampusKids Daycare.<\/p>\n","protected":false},"author":7,"featured_media":12585,"parent":3645,"menu_order":2,"comment_status":"closed","ping_status":"closed","template":"cakizi-page.php","meta":{"_mc_calendar":[],"footnotes":""},"class_list":["post-3646","page","type-page","status-publish","has-post-thumbnail","hentry"],"_links":{"self":[{"href":"https:\/\/www.studentenwerk-magdeburg.de\/en\/wp-json\/wp\/v2\/pages\/3646","targetHints":{"allow":["GET"]}}],"collection":[{"href":"https:\/\/www.studentenwerk-magdeburg.de\/en\/wp-json\/wp\/v2\/pages"}],"about":[{"href":"https:\/\/www.studentenwerk-magdeburg.de\/en\/wp-json\/wp\/v2\/types\/page"}],"author":[{"embeddable":true,"href":"https:\/\/www.studentenwerk-magdeburg.de\/en\/wp-json\/wp\/v2\/users\/7"}],"replies":[{"embeddable":true,"href":"https:\/\/www.studentenwerk-magdeburg.de\/en\/wp-json\/wp\/v2\/comments?post=3646"}],"version-history":[{"count":5,"href":"https:\/\/www.studentenwerk-magdeburg.de\/en\/wp-json\/wp\/v2\/pages\/3646\/revisions"}],"predecessor-version":[{"id":20267,"href":"https:\/\/www.studentenwerk-magdeburg.de\/en\/wp-json\/wp\/v2\/pages\/3646\/revisions\/20267"}],"up":[{"embeddable":true,"href":"https:\/\/www.studentenwerk-magdeburg.de\/en\/wp-json\/wp\/v2\/pages\/3645"}],"wp:featuredmedia":[{"embeddable":true,"href":"https:\/\/www.studentenwerk-magdeburg.de\/en\/wp-json\/wp\/v2\/media\/12585"}],"wp:attachment":[{"href":"https:\/\/www.studentenwerk-magdeburg.de\/en\/wp-json\/wp\/v2\/media?parent=3646"}],"curies":[{"name":"wp","href":"https:\/\/api.w.org\/{rel}","templated":true}]}}