{"id":3528,"date":"2012-08-03T13:04:27","date_gmt":"2012-08-03T11:04:27","guid":{"rendered":"http:\/\/www1.studentenwerk-magdeburg.de\/studentenwerk\/about-us\/bodies\/"},"modified":"2020-11-12T08:16:52","modified_gmt":"2020-11-12T06:16:52","slug":"management-board","status":"publish","type":"page","link":"https:\/\/www.studentenwerk-magdeburg.de\/en\/studentenwerk\/management-board\/","title":{"rendered":"Management Board"},"content":{"rendered":"<h1>Management Board<\/h1>\n<h3>Members of the Management Board:<\/h3>\n<p>Otto von Guericke University of Magdeburg<\/p>\n<ul>\n<li>Dr.\u00a0J\u00f6rg Wadzack (Vorsitzender)<\/li>\n<li>Prof. Dr.-Ing. habil. Dr. h.c. Jens Strackeljan<\/li>\n<li>Narendra Ramineni<\/li>\n<li>Lukas H\u00fcsgen<\/li>\n<\/ul>\n<p>Magdeburg-Stendal University<\/p>\n<ul>\n<li>Prof. Dr. J\u00fcrgen Wiese<\/li>\n<li>Dr.\u00a0Antje Hoffmann (beratendes Mitglied)<\/li>\n<li>Karl K\u00fcnne (2. Stellvertreter)<\/li>\n<\/ul>\n<p>Harz University<\/p>\n<ul>\n<li>Michael Schilling (1. Stellvertreter)<\/li>\n<li>Dalia Sabah<\/li>\n<\/ul>\n<p>In accordance with the Law on Student Unions in the State of Saxony-Anhalt (Student Support Services Legislation-StuWG, Journal of Laws and Ordinances for the State of Saxony-Anhalt, No. 06\/06 issued on 22 February 2006), the members of the Management Board work on a voluntary basis.<\/p>\n<h3><span id=\"result_box\" class=\"short_text\" lang=\"en\"><span class=\"hps\">Decisions of the <\/span><\/span>Management Board (in German):<\/h3>\n(47 Dateien in der Kategorie Verwaltungsrat)<br\/><br\/><div class=\"dokumente\"><img decoding=\"async\" src=\"\/wp-content\/plugins\/wp-downloadmanager\/images\/ext\/pdf.gif\" alt=\"\" title=\"\" style=\"vertical-align: middle;border: none;\" \/>&nbsp;&nbsp;<a href=\"https:\/\/www.studentenwerk-magdeburg.de\/?dl_id=485\">Sitzung des Verwaltungsrates am 21.11.2025<\/a> (21.8 KiB)<br \/><div class=\"dokumentedes\">Beschluss 12\/25, Stand: 21. November 2025<\/div><\/div><div class=\"dokumente\"><img decoding=\"async\" src=\"\/wp-content\/plugins\/wp-downloadmanager\/images\/ext\/pdf.gif\" alt=\"\" title=\"\" style=\"vertical-align: middle;border: none;\" \/>&nbsp;&nbsp;<a href=\"https:\/\/www.studentenwerk-magdeburg.de\/?dl_id=484\">Sitzung des Verwaltungsrates am 06.06.2025<\/a> (30.6 KiB)<br \/><div class=\"dokumentedes\">Beschl\u00fcsse 8\/25 - 10\/25, Stand: 6. June 2025<\/div><\/div><div class=\"dokumente\"><img decoding=\"async\" src=\"\/wp-content\/plugins\/wp-downloadmanager\/images\/ext\/pdf.gif\" alt=\"\" title=\"\" style=\"vertical-align: middle;border: none;\" \/>&nbsp;&nbsp;<a href=\"https:\/\/www.studentenwerk-magdeburg.de\/?dl_id=483\">Sitzung des Verwaltungsrates am 06.06.2025<\/a> (24.5 KiB)<br \/><div class=\"dokumentedes\">Beschl\u00fcsse 6\/25 - 7\/25, Stand: 6. June 2025<\/div><\/div><div class=\"dokumente\"><img decoding=\"async\" src=\"\/wp-content\/plugins\/wp-downloadmanager\/images\/ext\/pdf.gif\" alt=\"\" title=\"\" style=\"vertical-align: middle;border: none;\" \/>&nbsp;&nbsp;<a href=\"https:\/\/www.studentenwerk-magdeburg.de\/?dl_id=482\">Sitzung des Verwaltungsrates am 10.04.2025<\/a> (22.4 KiB)<br \/><div class=\"dokumentedes\">Umlaufbeschluss 5\/25, Stand: 10. April 2025<\/div><\/div><div class=\"dokumente\"><img decoding=\"async\" src=\"\/wp-content\/plugins\/wp-downloadmanager\/images\/ext\/pdf.gif\" alt=\"\" title=\"\" style=\"vertical-align: middle;border: none;\" \/>&nbsp;&nbsp;<a href=\"https:\/\/www.studentenwerk-magdeburg.de\/?dl_id=481\">Sitzung des Verwaltungsrates am 21.03.2025<\/a> (29.6 KiB)<br \/><div class=\"dokumentedes\">Beschl\u00fcsse 1\/25 - 4\/25, Stand: 21. March 2025<\/div><\/div><div class=\"dokumente\"><img decoding=\"async\" src=\"\/wp-content\/plugins\/wp-downloadmanager\/images\/ext\/pdf.gif\" alt=\"\" title=\"\" style=\"vertical-align: middle;border: none;\" \/>&nbsp;&nbsp;<a href=\"https:\/\/www.studentenwerk-magdeburg.de\/?dl_id=415\">Sitzung des Verwaltungsrates am 07.06.2024<\/a> (23.9 KiB)<br \/><div class=\"dokumentedes\">Beschluss 4\/24, Stand: 7. June 2024<\/div><\/div><div class=\"dokumente\"><img decoding=\"async\" src=\"\/wp-content\/plugins\/wp-downloadmanager\/images\/ext\/pdf.gif\" alt=\"\" title=\"\" style=\"vertical-align: middle;border: none;\" \/>&nbsp;&nbsp;<a href=\"https:\/\/www.studentenwerk-magdeburg.de\/?dl_id=414\">Sitzung des Verwaltungsrates am 07.06.2024<\/a> (27.8 KiB)<br \/><div class=\"dokumentedes\">Beschl\u00fcsse 2\/24 - 3\/24, Stand: 7. June 2024<\/div><\/div><div class=\"dokumente\"><img decoding=\"async\" src=\"\/wp-content\/plugins\/wp-downloadmanager\/images\/ext\/pdf.gif\" alt=\"\" title=\"\" style=\"vertical-align: middle;border: none;\" \/>&nbsp;&nbsp;<a href=\"https:\/\/www.studentenwerk-magdeburg.de\/?dl_id=413\">Umlaufbeschluss des Verwaltungsrates vom 15.05.2024<\/a> (54.8 KiB)<br \/><div class=\"dokumentedes\">Umlaufbeschluss 1\/24, Stand: 15. May 2024<\/div><\/div><div class=\"dokumente\"><img decoding=\"async\" src=\"\/wp-content\/plugins\/wp-downloadmanager\/images\/ext\/pdf.gif\" alt=\"\" title=\"\" style=\"vertical-align: middle;border: none;\" \/>&nbsp;&nbsp;<a href=\"https:\/\/www.studentenwerk-magdeburg.de\/?dl_id=359\">Sitzung des Verwaltungsrates am 09.03.2023<\/a> (318.8 KiB)<br \/><div class=\"dokumentedes\">Beschluss 6\/23, Stand: 9. March 2023<\/div><\/div><div class=\"dokumente\"><img decoding=\"async\" src=\"\/wp-content\/plugins\/wp-downloadmanager\/images\/ext\/pdf.gif\" alt=\"\" title=\"\" style=\"vertical-align: middle;border: none;\" \/>&nbsp;&nbsp;<a href=\"https:\/\/www.studentenwerk-magdeburg.de\/?dl_id=358\">Sitzung des Verwaltungsrates am 09.03.2023<\/a> (337.5 KiB)<br \/><div class=\"dokumentedes\">Beschl\u00fcsse 4\/23 - 5\/23, Stand: 9. March 2023<\/div><\/div><div class=\"dokumente\"><img decoding=\"async\" src=\"\/wp-content\/plugins\/wp-downloadmanager\/images\/ext\/pdf.gif\" alt=\"\" title=\"\" style=\"vertical-align: middle;border: none;\" \/>&nbsp;&nbsp;<a href=\"https:\/\/www.studentenwerk-magdeburg.de\/?dl_id=342\">Sitzung des Verwaltungsrates am 09.03.2023<\/a> (50.7 KiB)<br \/><div class=\"dokumentedes\">Beschluss 02\/23, Stand: 9. March 2023<\/div><\/div><div class=\"dokumente\"><img decoding=\"async\" src=\"\/wp-content\/plugins\/wp-downloadmanager\/images\/ext\/pdf.gif\" alt=\"\" title=\"\" style=\"vertical-align: middle;border: none;\" \/>&nbsp;&nbsp;<a href=\"https:\/\/www.studentenwerk-magdeburg.de\/?dl_id=317\">Sitzung des Verwaltungsrates am 14.06.2022<\/a> (411.0 KiB)<br \/><div class=\"dokumentedes\">Beschl\u00fcsse 04\/22 - 05\/22, Stand: 14. June 2022<\/div><\/div><div class=\"dokumente\"><img decoding=\"async\" src=\"\/wp-content\/plugins\/wp-downloadmanager\/images\/ext\/pdf.gif\" alt=\"\" title=\"\" style=\"vertical-align: middle;border: none;\" \/>&nbsp;&nbsp;<a href=\"https:\/\/www.studentenwerk-magdeburg.de\/?dl_id=312\">Sitzung des Verwaltungsrates am 27.01.2022<\/a> (46.0 KiB)<br \/><div class=\"dokumentedes\">Beschluss 02\/22, Stand: 27. January 2022<\/div><\/div><div class=\"dokumente\"><img decoding=\"async\" src=\"\/wp-content\/plugins\/wp-downloadmanager\/images\/ext\/pdf.gif\" alt=\"\" title=\"\" style=\"vertical-align: middle;border: none;\" \/>&nbsp;&nbsp;<a href=\"https:\/\/www.studentenwerk-magdeburg.de\/?dl_id=311\">Sitzung des Verwaltungsrates am 27.01.2022<\/a> (52.1 KiB)<br \/><div class=\"dokumentedes\">Beschluss 01\/22, Stand: 27. January 2022<\/div><\/div><div class=\"dokumente\"><img decoding=\"async\" src=\"\/wp-content\/plugins\/wp-downloadmanager\/images\/ext\/pdf.gif\" alt=\"\" title=\"\" style=\"vertical-align: middle;border: none;\" \/>&nbsp;&nbsp;<a href=\"https:\/\/www.studentenwerk-magdeburg.de\/?dl_id=303\">Sitzung des Verwaltungsrates am 16.12.2021<\/a> (470.4 KiB)<br \/><div class=\"dokumentedes\">Beschl\u00fcsse 04\/21 - 05\/21, Stand: 16. December 2021<\/div><\/div><div class=\"dokumente\"><img decoding=\"async\" src=\"\/wp-content\/plugins\/wp-downloadmanager\/images\/ext\/pdf.gif\" alt=\"\" title=\"\" style=\"vertical-align: middle;border: none;\" \/>&nbsp;&nbsp;<a href=\"https:\/\/www.studentenwerk-magdeburg.de\/?dl_id=292\">Sitzung des Verwaltungsrates am 28.01.2021<\/a> (392.3 KiB)<br \/><div class=\"dokumentedes\">Beschluss 01\/2021, Stand: 28. January 2021<\/div><\/div><div class=\"dokumente\"><img decoding=\"async\" src=\"\/wp-content\/plugins\/wp-downloadmanager\/images\/ext\/pdf.gif\" alt=\"\" title=\"\" style=\"vertical-align: middle;border: none;\" \/>&nbsp;&nbsp;<a href=\"https:\/\/www.studentenwerk-magdeburg.de\/?dl_id=291\">Sitzung des Verwaltungsrates am 27.10.2020<\/a> (521.9 KiB)<br \/><div class=\"dokumentedes\">Beschluss 14 - Umlaufbeschluss, Stand: 27. October 2020<\/div><\/div><div class=\"dokumente\"><img decoding=\"async\" src=\"\/wp-content\/plugins\/wp-downloadmanager\/images\/ext\/pdf.gif\" alt=\"\" title=\"\" style=\"vertical-align: middle;border: none;\" \/>&nbsp;&nbsp;<a href=\"https:\/\/www.studentenwerk-magdeburg.de\/?dl_id=270\">Sitzung des Verwaltungsrates am 20.08.2020<\/a> (363.6 KiB)<br \/><div class=\"dokumentedes\">Beschl\u00fcsse 11\/2020 - 12\/2020, Stand: 20. August 2020<\/div><\/div><div class=\"dokumente\"><img decoding=\"async\" src=\"\/wp-content\/plugins\/wp-downloadmanager\/images\/ext\/pdf.gif\" alt=\"\" title=\"\" style=\"vertical-align: middle;border: none;\" \/>&nbsp;&nbsp;<a href=\"https:\/\/www.studentenwerk-magdeburg.de\/?dl_id=266\">Sitzung des Verwaltungsrates am 16.07.2020<\/a> (98.2 KiB)<br \/><div class=\"dokumentedes\">Beschl\u00fcsse 05\/2020 - 08\/2020, Stand: 16. July 2020<\/div><\/div><div class=\"dokumente\"><img decoding=\"async\" src=\"\/wp-content\/plugins\/wp-downloadmanager\/images\/ext\/pdf.gif\" alt=\"\" title=\"\" style=\"vertical-align: middle;border: none;\" \/>&nbsp;&nbsp;<a href=\"https:\/\/www.studentenwerk-magdeburg.de\/?dl_id=257\">Sitzung des Verwaltungsrates am 09.04.2020<\/a> (110.6 KiB)<br \/><div class=\"dokumentedes\">Beschl\u00fcsse 02\/2020 - 04\/2020, Stand: 9. April 2020<\/div><\/div><div class=\"dokumente\"><img decoding=\"async\" src=\"\/wp-content\/plugins\/wp-downloadmanager\/images\/ext\/pdf.gif\" alt=\"\" title=\"\" style=\"vertical-align: middle;border: none;\" \/>&nbsp;&nbsp;<a href=\"https:\/\/www.studentenwerk-magdeburg.de\/?dl_id=247\">Sitzung des Verwaltungsrates am 28.01.2020<\/a> (26.0 KiB)<br \/><div class=\"dokumentedes\">Beschluss 1\/2020, Stand: 28. January 2020<\/div><\/div><div class=\"dokumente\"><img decoding=\"async\" src=\"\/wp-content\/plugins\/wp-downloadmanager\/images\/ext\/pdf.gif\" alt=\"\" title=\"\" style=\"vertical-align: middle;border: none;\" \/>&nbsp;&nbsp;<a href=\"https:\/\/www.studentenwerk-magdeburg.de\/?dl_id=233\">Sitzung des Verwaltungsrates am 12.11.2019<\/a> (479.2 KiB)<br \/><div class=\"dokumentedes\">Beschl\u00fcsse 13\/19 - 14\/19, Stand: 12. November 2019<\/div><\/div><div class=\"dokumente\"><img decoding=\"async\" src=\"\/wp-content\/plugins\/wp-downloadmanager\/images\/ext\/pdf.gif\" alt=\"\" title=\"\" style=\"vertical-align: middle;border: none;\" \/>&nbsp;&nbsp;<a href=\"https:\/\/www.studentenwerk-magdeburg.de\/?dl_id=232\">Sitzung des Verwaltungsrates am 17.09.2019<\/a> (43.6 KiB)<br \/><div class=\"dokumentedes\">Beschl\u00fcsse 7\/19 - 12\/19, Stand: 17. September 2019<\/div><\/div><div class=\"dokumente\"><img decoding=\"async\" src=\"\/wp-content\/plugins\/wp-downloadmanager\/images\/ext\/pdf.gif\" alt=\"\" title=\"\" style=\"vertical-align: middle;border: none;\" \/>&nbsp;&nbsp;<a href=\"https:\/\/www.studentenwerk-magdeburg.de\/?dl_id=222\">Umlaufbeschluss des Verwaltungsrates vom 13.05.2019<\/a> (13.2 KiB)<br \/><div class=\"dokumentedes\">Umlaufbeschluss 6\/19, Stand: 13. May 2019<\/div><\/div><div class=\"dokumente\"><img decoding=\"async\" src=\"\/wp-content\/plugins\/wp-downloadmanager\/images\/ext\/pdf.gif\" alt=\"\" title=\"\" style=\"vertical-align: middle;border: none;\" \/>&nbsp;&nbsp;<a href=\"https:\/\/www.studentenwerk-magdeburg.de\/?dl_id=224\">Sitzung des Verwaltungsrates am 30.04.2019<\/a> (70.6 KiB)<br \/><div class=\"dokumentedes\">Beschl\u00fcsse 3\/19 - 5\/19, Stand: 30. April 2019<\/div><\/div><div class=\"dokumente\"><img decoding=\"async\" src=\"\/wp-content\/plugins\/wp-downloadmanager\/images\/ext\/pdf.gif\" alt=\"\" title=\"\" style=\"vertical-align: middle;border: none;\" \/>&nbsp;&nbsp;<a href=\"https:\/\/www.studentenwerk-magdeburg.de\/?dl_id=258\">Sitzung des Verwaltungsrates am 31.01.2019<\/a> (36.8 KiB)<br \/><div class=\"dokumentedes\">Beschl\u00fcsse 1\/19 - 2\/19, Stand: 31. January 2019<\/div><\/div><div class=\"dokumente\"><img decoding=\"async\" src=\"\/wp-content\/plugins\/wp-downloadmanager\/images\/ext\/pdf.gif\" alt=\"\" title=\"\" style=\"vertical-align: middle;border: none;\" \/>&nbsp;&nbsp;<a href=\"https:\/\/www.studentenwerk-magdeburg.de\/?dl_id=220\">Sitzung des Verwaltungsrates am 18.12.2018<\/a> (340.8 KiB)<br \/><div class=\"dokumentedes\">Beschl\u00fcsse 6\/18 - 7\/18, Stand: 18. December 2018<\/div><\/div><div class=\"dokumente\"><img decoding=\"async\" src=\"\/wp-content\/plugins\/wp-downloadmanager\/images\/ext\/pdf.gif\" alt=\"\" title=\"\" style=\"vertical-align: middle;border: none;\" \/>&nbsp;&nbsp;<a href=\"https:\/\/www.studentenwerk-magdeburg.de\/?dl_id=212\">Sitzung des Verwaltungsrates am 05.10.2018<\/a> (32.4 KiB)<br \/><div class=\"dokumentedes\">Beschl\u00fcsse 4\/18 - 5\/18, Stand: 5. October 2018<\/div><\/div><div class=\"dokumente\"><img decoding=\"async\" src=\"\/wp-content\/plugins\/wp-downloadmanager\/images\/ext\/pdf.gif\" alt=\"\" title=\"\" style=\"vertical-align: middle;border: none;\" \/>&nbsp;&nbsp;<a href=\"https:\/\/www.studentenwerk-magdeburg.de\/?dl_id=211\">Sitzung des Verwaltungsrates am 18.05.2018<\/a> (31.8 KiB)<br \/><div class=\"dokumentedes\">Beschluss 3\/18, Stand: 18. May 2018<\/div><\/div><div class=\"dokumente\"><img decoding=\"async\" src=\"\/wp-content\/plugins\/wp-downloadmanager\/images\/ext\/pdf.gif\" alt=\"\" title=\"\" style=\"vertical-align: middle;border: none;\" \/>&nbsp;&nbsp;<a href=\"https:\/\/www.studentenwerk-magdeburg.de\/?dl_id=192\">Sitzung des Verwaltungsrates am 27.04.2018<\/a> (34.1 KiB)<br \/><div class=\"dokumentedes\">Beschl\u00fcsse 1\/18 - 2\/18, Stand: 27. April 2018<\/div><\/div><div class=\"dokumente\"><img decoding=\"async\" src=\"\/wp-content\/plugins\/wp-downloadmanager\/images\/ext\/pdf.gif\" alt=\"\" title=\"\" style=\"vertical-align: middle;border: none;\" \/>&nbsp;&nbsp;<a href=\"https:\/\/www.studentenwerk-magdeburg.de\/?dl_id=181\">Umlaufbeschluss des Verwaltungsrates vom 16.01.2018<\/a> (27.1 KiB)<br \/><div class=\"dokumentedes\">Umlaufbeschluss 01\/18, Stand: 16. January 2018<\/div><\/div><div class=\"dokumente\"><img decoding=\"async\" src=\"\/wp-content\/plugins\/wp-downloadmanager\/images\/ext\/pdf.gif\" alt=\"\" title=\"\" style=\"vertical-align: middle;border: none;\" \/>&nbsp;&nbsp;<a href=\"https:\/\/www.studentenwerk-magdeburg.de\/?dl_id=189\">Sitzung des Verwaltungsrates am 04.12.2017<\/a> (37.7 KiB)<br \/><div class=\"dokumentedes\">Beschl\u00fcsse 8\/17 - 10\/17, Stand: 4. December 2017<\/div><\/div><div class=\"dokumente\"><img decoding=\"async\" src=\"\/wp-content\/plugins\/wp-downloadmanager\/images\/ext\/pdf.gif\" alt=\"\" title=\"\" style=\"vertical-align: middle;border: none;\" \/>&nbsp;&nbsp;<a href=\"https:\/\/www.studentenwerk-magdeburg.de\/?dl_id=178\">Sitzung des Verwaltungsrates am 12.10.2017<\/a> (44.8 KiB)<br \/><div class=\"dokumentedes\">Beschl\u00fcsse 3\/17 - 7\/17, Stand: 12. October 2017<\/div><\/div><div class=\"dokumente\"><img decoding=\"async\" src=\"\/wp-content\/plugins\/wp-downloadmanager\/images\/ext\/pdf.gif\" alt=\"\" title=\"\" style=\"vertical-align: middle;border: none;\" \/>&nbsp;&nbsp;<a href=\"https:\/\/www.studentenwerk-magdeburg.de\/?dl_id=168\">Sitzung des Verwaltungsrates am 23.02.2017<\/a> (33.8 KiB)<br \/><div class=\"dokumentedes\">Beschl\u00fcsse 1\/17 - 2\/17, Stand: 23. February 2017<\/div><\/div><div class=\"dokumente\"><img decoding=\"async\" src=\"\/wp-content\/plugins\/wp-downloadmanager\/images\/ext\/pdf.gif\" alt=\"\" title=\"\" style=\"vertical-align: middle;border: none;\" \/>&nbsp;&nbsp;<a href=\"https:\/\/www.studentenwerk-magdeburg.de\/?dl_id=160\">Sitzung des Verwaltungsrates am 15.12.2016<\/a> (26.1 KiB)<br \/><div class=\"dokumentedes\">Beschluss 11\/16, Stand: 15. December 2016<\/div><\/div><div class=\"dokumente\"><img decoding=\"async\" src=\"\/wp-content\/plugins\/wp-downloadmanager\/images\/ext\/pdf.gif\" alt=\"\" title=\"\" style=\"vertical-align: middle;border: none;\" \/>&nbsp;&nbsp;<a href=\"https:\/\/www.studentenwerk-magdeburg.de\/?dl_id=159\">Sitzung des Verwaltungsrates am 17.11.2016<\/a> (32.4 KiB)<br \/><div class=\"dokumentedes\">Beschl\u00fcsse 9\/16 - 10\/16, Stand: 17. November 2016<\/div><\/div><div class=\"dokumente\"><img decoding=\"async\" src=\"\/wp-content\/plugins\/wp-downloadmanager\/images\/ext\/pdf.gif\" alt=\"\" title=\"\" style=\"vertical-align: middle;border: none;\" \/>&nbsp;&nbsp;<a href=\"https:\/\/www.studentenwerk-magdeburg.de\/?dl_id=156\">Sitzung des Verwaltungsrates am 15.07.2016<\/a> (78.3 KiB)<br \/><div class=\"dokumentedes\">Beschl\u00fcsse 5\/16 - 8\/16, Stand: 15. July 2016<\/div><\/div><div class=\"dokumente\"><img decoding=\"async\" src=\"\/wp-content\/plugins\/wp-downloadmanager\/images\/ext\/pdf.gif\" alt=\"\" title=\"\" style=\"vertical-align: middle;border: none;\" \/>&nbsp;&nbsp;<a href=\"https:\/\/www.studentenwerk-magdeburg.de\/?dl_id=155\">Sitzung des Verwaltungsrates am 28.04.2016<\/a> (51.2 KiB)<br \/><div class=\"dokumentedes\">Beschl\u00fcsse 1\/16 - 4\/16, Stand: 28. April 2016<\/div><\/div><div class=\"dokumente\"><img decoding=\"async\" src=\"\/wp-content\/plugins\/wp-downloadmanager\/images\/ext\/pdf.gif\" alt=\"\" title=\"\" style=\"vertical-align: middle;border: none;\" \/>&nbsp;&nbsp;<a href=\"https:\/\/www.studentenwerk-magdeburg.de\/?dl_id=137\">Sitzung des Verwaltungsrates am 16.11.2015<\/a> (36.1 KiB)<br \/><div class=\"dokumentedes\">Beschl\u00fcsse 6\/15 - 8\/15, Stand: 16. November 2015<\/div><\/div><div class=\"dokumente\"><img decoding=\"async\" src=\"\/wp-content\/plugins\/wp-downloadmanager\/images\/ext\/pdf.gif\" alt=\"\" title=\"\" style=\"vertical-align: middle;border: none;\" \/>&nbsp;&nbsp;<a href=\"https:\/\/www.studentenwerk-magdeburg.de\/?dl_id=136\">Sitzung des Verwaltungsrates am 17.07.2015<\/a> (35.9 KiB)<br \/><div class=\"dokumentedes\">Beschl\u00fcsse 3\/15 - 5\/15, Stand: 17. July 2015<\/div><\/div><div class=\"dokumente\"><img decoding=\"async\" src=\"\/wp-content\/plugins\/wp-downloadmanager\/images\/ext\/pdf.gif\" alt=\"\" title=\"\" style=\"vertical-align: middle;border: none;\" \/>&nbsp;&nbsp;<a href=\"https:\/\/www.studentenwerk-magdeburg.de\/?dl_id=119\">Sitzung des Verwaltungsrates am 23.04.2015<\/a> (32.0 KiB)<br \/><div class=\"dokumentedes\">Beschl\u00fcsse 1\/15 - 2\/15, Stand: 23. April 2015<\/div><\/div><div class=\"dokumente\"><img decoding=\"async\" src=\"\/wp-content\/plugins\/wp-downloadmanager\/images\/ext\/pdf.gif\" alt=\"\" title=\"\" style=\"vertical-align: middle;border: none;\" \/>&nbsp;&nbsp;<a href=\"https:\/\/www.studentenwerk-magdeburg.de\/?dl_id=110\">Sitzung des Verwaltungsrates am 19.12.2014<\/a> (30.1 KiB)<br \/><div class=\"dokumentedes\">Beschluss 13\/14, Stand: 19. December 2014<\/div><\/div><div class=\"dokumente\"><img decoding=\"async\" src=\"\/wp-content\/plugins\/wp-downloadmanager\/images\/ext\/pdf.gif\" alt=\"\" title=\"\" style=\"vertical-align: middle;border: none;\" \/>&nbsp;&nbsp;<a href=\"https:\/\/www.studentenwerk-magdeburg.de\/?dl_id=109\">Sitzung des Verwaltungsrates am 09.12.2014<\/a> (37.1 KiB)<br \/><div class=\"dokumentedes\">Beschl\u00fcsse 10\/14 - 12\/14, Stand: 9. December 2014<\/div><\/div><div class=\"dokumente\"><img decoding=\"async\" src=\"\/wp-content\/plugins\/wp-downloadmanager\/images\/ext\/pdf.gif\" alt=\"\" title=\"\" style=\"vertical-align: middle;border: none;\" \/>&nbsp;&nbsp;<a href=\"https:\/\/www.studentenwerk-magdeburg.de\/?dl_id=108\">Sitzung des Verwaltungsrates am 21.10.2014<\/a> (35.6 KiB)<br \/><div class=\"dokumentedes\">Beschl\u00fcsse 7\/14 - 9\/14, Stand: 21. October 2014<\/div><\/div><div class=\"dokumente\"><img decoding=\"async\" src=\"\/wp-content\/plugins\/wp-downloadmanager\/images\/ext\/pdf.gif\" alt=\"\" title=\"\" style=\"vertical-align: middle;border: none;\" \/>&nbsp;&nbsp;<a href=\"https:\/\/www.studentenwerk-magdeburg.de\/?dl_id=107\">Sitzung des Verwaltungsrates am 10.07.2014<\/a> (30.1 KiB)<br \/><div class=\"dokumentedes\">Beschl\u00fcsse 5\/14 - 6\/14, Stand: 10. July 2014<\/div><\/div><div class=\"dokumente\"><img decoding=\"async\" src=\"\/wp-content\/plugins\/wp-downloadmanager\/images\/ext\/pdf.gif\" alt=\"\" title=\"\" style=\"vertical-align: middle;border: none;\" \/>&nbsp;&nbsp;<a href=\"https:\/\/www.studentenwerk-magdeburg.de\/?dl_id=106\">Sitzung des Verwaltungsrates am 28.05.2014<\/a> (33.3 KiB)<br \/><div class=\"dokumentedes\">Beschl\u00fcsse 3\/14 - 4\/14, Stand: 28. May 2014<\/div><\/div><div class=\"dokumente\"><img decoding=\"async\" src=\"\/wp-content\/plugins\/wp-downloadmanager\/images\/ext\/pdf.gif\" alt=\"\" title=\"\" style=\"vertical-align: middle;border: none;\" \/>&nbsp;&nbsp;<a href=\"https:\/\/www.studentenwerk-magdeburg.de\/?dl_id=105\">Sitzung des Verwaltungsrates am 23.04.2014<\/a> (35.7 KiB)<br \/><div class=\"dokumentedes\">Beschl\u00fcsse 1\/14 - 2\/14, Stand: 23. April 2014<\/div><\/div><br\/>\n","protected":false},"excerpt":{"rendered":"<p>Management Board Members of the Management Board: Otto von Guericke University of Magdeburg Dr.\u00a0J\u00f6rg Wadzack (Vorsitzender) Prof. Dr.-Ing. habil. Dr. h.c. Jens Strackeljan Narendra Ramineni Lukas H\u00fcsgen Magdeburg-Stendal University Prof. Dr. J\u00fcrgen Wiese Dr.\u00a0Antje Hoffmann (beratendes Mitglied) Karl K\u00fcnne (2. Stellvertreter) Harz University Michael Schilling (1. Stellvertreter) Dalia Sabah In &hellip; <a href=\"https:\/\/www.studentenwerk-magdeburg.de\/en\/studentenwerk\/management-board\/\">Continue reading <span class=\"meta-nav\">&rarr;<\/span><\/a><\/p>\n","protected":false},"author":8,"featured_media":0,"parent":1975,"menu_order":1,"comment_status":"closed","ping_status":"closed","template":"","meta":{"_mc_calendar":[],"footnotes":""},"class_list":["post-3528","page","type-page","status-publish","hentry"],"_links":{"self":[{"href":"https:\/\/www.studentenwerk-magdeburg.de\/en\/wp-json\/wp\/v2\/pages\/3528","targetHints":{"allow":["GET"]}}],"collection":[{"href":"https:\/\/www.studentenwerk-magdeburg.de\/en\/wp-json\/wp\/v2\/pages"}],"about":[{"href":"https:\/\/www.studentenwerk-magdeburg.de\/en\/wp-json\/wp\/v2\/types\/page"}],"author":[{"embeddable":true,"href":"https:\/\/www.studentenwerk-magdeburg.de\/en\/wp-json\/wp\/v2\/users\/8"}],"replies":[{"embeddable":true,"href":"https:\/\/www.studentenwerk-magdeburg.de\/en\/wp-json\/wp\/v2\/comments?post=3528"}],"version-history":[{"count":14,"href":"https:\/\/www.studentenwerk-magdeburg.de\/en\/wp-json\/wp\/v2\/pages\/3528\/revisions"}],"predecessor-version":[{"id":15412,"href":"https:\/\/www.studentenwerk-magdeburg.de\/en\/wp-json\/wp\/v2\/pages\/3528\/revisions\/15412"}],"up":[{"embeddable":true,"href":"https:\/\/www.studentenwerk-magdeburg.de\/en\/wp-json\/wp\/v2\/pages\/1975"}],"wp:attachment":[{"href":"https:\/\/www.studentenwerk-magdeburg.de\/en\/wp-json\/wp\/v2\/media?parent=3528"}],"curies":[{"name":"wp","href":"https:\/\/api.w.org\/{rel}","templated":true}]}}