{"id":3245,"date":"2012-07-23T08:32:57","date_gmt":"2012-07-23T06:32:57","guid":{"rendered":"http:\/\/www1.studentenwerk-magdeburg.de\/social-affairs\/courses\/"},"modified":"2026-03-03T10:25:53","modified_gmt":"2026-03-03T09:25:53","slug":"courses","status":"publish","type":"page","link":"https:\/\/www.studentenwerk-magdeburg.de\/en\/social-affairs\/courses\/","title":{"rendered":"Courses"},"content":{"rendered":"\n<figure class=\"wp-block-image size-full\"><img decoding=\"async\" width=\"2560\" height=\"640\" src=\"https:\/\/www.studentenwerk-magdeburg.de\/wp-content\/uploads\/2025\/06\/swmd_webheader_psb-scaled.jpg\" alt=\"Symbolic photo Psychosocial counseling\" class=\"wp-image-22106\" srcset=\"https:\/\/www.studentenwerk-magdeburg.de\/wp-content\/uploads\/2025\/06\/swmd_webheader_psb-scaled.jpg 2560w, https:\/\/www.studentenwerk-magdeburg.de\/wp-content\/uploads\/2025\/06\/swmd_webheader_psb-768x192.jpg 768w, https:\/\/www.studentenwerk-magdeburg.de\/wp-content\/uploads\/2025\/06\/swmd_webheader_psb-1536x384.jpg 1536w, https:\/\/www.studentenwerk-magdeburg.de\/wp-content\/uploads\/2025\/06\/swmd_webheader_psb-2048x512.jpg 2048w, https:\/\/www.studentenwerk-magdeburg.de\/wp-content\/uploads\/2025\/06\/swmd_webheader_psb-1080x270.jpg 1080w, https:\/\/www.studentenwerk-magdeburg.de\/wp-content\/uploads\/2025\/06\/swmd_webheader_psb-540x135.jpg 540w\" sizes=\"(max-width: 2560px) 100vw, 2560px\" \/><\/figure>\n\n\n\n<h1 class=\"wp-block-heading\">Courses offered by Psychosocial Student Counseling <em>(course language in brackets)<\/em><\/h1>\n\n\n\n<p>Studierende in Magdeburg, Stendal, Halberstadt und Wernigerode k\u00f6nnen sich zu Semesterbeginn f\u00fcr die Kursangebote der <a href=\"https:\/\/www.studentenwerk-magdeburg.de\/en\/social-affairs\/psb\/\">PsychoSozialen StudierendenBeratung<\/a> anmelden. The offers are free of charge and take place partly in presence, partly in digital form. <a href=\"#anmeldung\">You can register directly here.<\/a><\/p>\n\n\n\n<div class=\"wp-block-columns is-layout-flex wp-container-core-columns-is-layout-9d6595d7 wp-block-columns-is-layout-flex\">\n<div class=\"wp-block-column is-layout-flow wp-block-column-is-layout-flow\">\n<h2 class=\"wp-block-heading\">Workshops (individual appointments)<\/h2>\n\n\n\n<div style=\"height:20px\" aria-hidden=\"true\" class=\"wp-block-spacer\"><\/div>\n\n\n\n<h3 class=\"wp-block-heading\">Dealing with anxiety <em>(english)<\/em><\/h3>\n\n\n\n<details class=\"wp-block-details is-layout-flow wp-block-details-is-layout-flow\"><summary><a>date: Wednesday, 06.05.2026 from 2:00 \u2013 4.00 pm JoGo, Dorm 7 &gt;&gt;&gt;<\/a><\/summary>\n<p>Everyone knows the feeling of anxiety. It is a protective mechanism that helped us to survive in the Stone Age. Knowing that there are no more sabre-toothed tigers, there are other dangers lurking in everyday life. So anxiety helps us to cope with challenges and protects us from danger. It becomes difficult when it becomes a frequent presence. This course is about understanding anxiety better and recognizing the connections so that we can accept it better and work on alternative coping strategies.     <br><br>course guide: Angela Nossack, Dipl. Rehab. Psych.<\/p>\n\n\n\n<p><\/p>\n<\/details>\n\n\n\n<h3 class=\"wp-block-heading\">Lovingly setting boundaries \u2013 It\u00b4s okay to say \u201eno\u201c! <em>(english)<\/em><\/h3>\n\n\n\n<details class=\"wp-block-details is-layout-flow wp-block-details-is-layout-flow\"><summary><a>date: Wednesday, 03.06.2026, from 1pm \u2013 3pm, digital with BigBlueButton &gt;&gt;&gt;<\/a><\/summary>\n<p>In this course, you will learn how to stop doing things that are not good for you\u2014and how to free yourself from patterns that prevent you from living authentically and self-determinedly. Many people spend their lives fulfilling the expectations of others, conforming, or saying yes even though they mean no. In the long run, this behavior leads to loss of energy, frustration, and the feeling of losing oneself. (6 to 15 participents)  <\/p>\n\n\n\n<p>course guide: Josephin Kriemann, M.Sc.Psych.<\/p>\n<\/details>\n\n\n\n<h3 class=\"wp-block-heading\">Becoming wise in relationships &#8211; creating successful connections <em>(german)<\/em><\/h3>\n\n\n\n<details class=\"wp-block-details is-layout-flow wp-block-details-is-layout-flow\"><summary><a>Date: Wed., 06.05.2026, 13:00 &#8211; 15:00, digital via Big Blue Button &gt;&gt;&gt;<\/a><\/summary>\n<p>Couple relationships can be a huge source of strength, but also a power drain. Sometimes we are unsure in a relationship whether we can openly discuss our wishes, feelings and needs. Or we ask ourselves how we should deal with different perspectives on the relationship. This course is designed to teach you the theoretical basics and provide initial impetus for successfully shaping different relationship environments for you (for 6 to 15 participants).   <\/p>\n\n\n\n<p>Course leader: Josephin Kriemann, M.Sc.Psych<\/p>\n<\/details>\n\n\n\n<h3 class=\"wp-block-heading\">Social media and mental health<em> (german)<\/em><\/h3>\n\n\n\n<details class=\"wp-block-details is-layout-flow wp-block-details-is-layout-flow\"><summary><a>Date: Mon., 20.05.2026, 13:00 &#8211; 15:00, digital via Big Blue Button &gt;&gt;&gt;<\/a><\/summary>\n<p>Does that happen to you too? You were actually planning to do something at home for university. Just a quick look at TikTok to wind down and the next time you look at the clock, 2 hours have passed, you haven&#8217;t done anything and now you not only feel guilty about it, but also too exhausted to get started? Have you also tried to spend less time on Instagram, but can&#8217;t really get away from it? Or are you unsure: is my media consumption still healthy? This course provides basic knowledge about the positive and negative effects of social media consumption on students&#8217; mental health. The aim is to reflect on your own media use and develop initial ideas for a healthy approach to social media. (6 to 15 participants)       <br><br>Course leader: Josephin Kriemann, M.Sc.Psych.<\/p>\n<\/details>\n\n\n\n<h3 class=\"wp-block-heading\">Turning your inner critic into an ally <em>(german)<\/em><\/h3>\n\n\n\n<details class=\"wp-block-details is-layout-flow wp-block-details-is-layout-flow\"><summary><a>Date: Fri, 05.06.2026, 11:00 &#8211; 13:00, digital via Big Blue Button &gt;&gt;&gt;<\/a><\/summary>\n<p>The inner critic can also be a valuable ally. Through creative exercises and reflection techniques, you will learn to understand the voice of doubt and use it constructively. The aim is to develop strategies to transform self-doubt into self-confidence. Mindfulness and positive affirmations are used in the process. (for 6 to 15 participants)    <\/p>\n\n\n\n<p>Course leader: Mareen Eisenbl\u00e4tter, Dipl.-Psych.<\/p>\n\n\n\n<p><\/p>\n<\/details>\n\n\n\n<h3 class=\"wp-block-heading\">Get out of procrastination <em>(german)<\/em><\/h3>\n\n\n\n<details class=\"wp-block-details is-layout-flow wp-block-details-is-layout-flow\"><summary><a>Date: Mon, 08.06.2026, 12:30-14:00, digital via BigBlueButton  &gt;&gt;&gt;<\/a><\/summary>\n<p>Statistically, around 95% of students suffer from temporary procrastination. However, this work disorder can also lead to negative consequences. The course sheds light on possible causes and provides helpful tips and strategies on how to overcome it. Also for neurodivergent people.(for 6 to 15 participants)<br><br>Course leader: Roxana Richter, M.Sc.Psych.<\/p>\n\n\n\n<p><\/p>\n<\/details>\n\n\n\n<h3 class=\"wp-block-heading\">Arguing, but the right way! <em>(german)<\/em><\/h3>\n\n\n\n<details class=\"wp-block-details is-layout-flow wp-block-details-is-layout-flow\"><summary><a>Date: Wed, 17.06.2026, 13:00 &#8211; 15:00, digital via Big Blue Button &gt;&gt;&gt;<\/a><\/summary>\n<p>Many people find it difficult to resolve conflicts constructively. Misunderstandings, unspoken wishes and unacknowledged feelings make communication difficult and sometimes lead to a spiral of escalation.  <\/p>\n\n\n\n<p>In this course, you will learn how to talk about what really matters in conflicts with others and learn helpful strategies for finding common solutions in discussions with other people. (for 6 to 15 participants) <\/p>\n\n\n\n<p>Course leader: Josephin Kriemann, M.Sc.Psych.<\/p>\n<\/details>\n\n\n\n<h3 class=\"wp-block-heading\">&#8220;I think I have ADHD&#8221;<strong> <\/strong><em>(german)<\/em><\/h3>\n\n\n\n<details class=\"wp-block-details is-layout-flow wp-block-details-is-layout-flow\"><summary><a>Date: Mon, 22.06.2026, 12:30-14:00, digital via BigBlueButton &gt;&gt;&gt;<\/a><\/summary>\n<p>In recent years, the visibility of ADHD in adulthood has increased significantly. At the same time, this disorder is not behind every concentration disorder. The course provides an overview of diagnostic criteria, experiences and alternative backgrounds for work and learning disorders.  <\/p>\n\n\n\n<p>Course leader: Roxana Richter, M.Sc.Psych.<\/p>\n<\/details>\n<\/div>\n\n\n\n<div class=\"wp-block-column is-layout-flow wp-block-column-is-layout-flow\">\n<h2 class=\"wp-block-heading\">Courses (several dates)<\/h2>\n\n\n\n<div style=\"height:20px\" aria-hidden=\"true\" class=\"wp-block-spacer\"><\/div>\n\n\n\n<h3 class=\"wp-block-heading\">Thesis Talk &amp; Thrive <em>(english)<\/em><\/h3>\n\n\n\n<details class=\"wp-block-details is-layout-flow wp-block-details-is-layout-flow\"><summary><a>Date: 27.04.-15.06.2026; 1pm &#8211; 3pm <br>(biweekly), digital by Big Blue Button >>><\/a><\/summary>\n<p>Thesis Talk &amp; Thrive \u2013 4x less alone is an open meeting for anyone who is currently writing their bachelor&#8217;s or master&#8217;s thesis and feels overwhelmed. Four meetings, one fixed group, the same challenges: finding a topic, starting to write and dealing with pressure and self-doubt.<br>Each session includes a short introduction (e.g. motivation, communication with supervisors, writer&#8217;s block) and plenty of room for open discussion. Participants share tips and tricks, support each other and plan small, realistic steps to take before the next meeting. There is no pressure to perform, just a safe space to overcome isolation and get back into the flow of writing. (6-20 participents)    <\/p>\n\n\n\n<p>course guide: Mareen Eisenbl\u00e4tter, Dipl.-Psych.<\/p>\n\n\n\n<p><\/p>\n\n\n\n<p><\/p>\n<\/details>\n\n\n\n<h3 class=\"wp-block-heading\">Embodiment &amp; Selbstregulation <strong>\u2013 ein k\u00f6rperorientierter Ansatz mit therapeutischen Boxelementen<\/strong> <em>(german)<\/em><\/h3>\n\n\n\n<details class=\"wp-block-details is-layout-flow wp-block-details-is-layout-flow\"><summary><a>Date: 20.04.\/ 04.05.\/ 18.05.2026; 15.00-17.00, Magdeburg &gt;&gt;&gt;<\/a><\/summary>\n<p>This practice-oriented course teaches the basics of self-regulation through body-based exercises and therapeutic boxing elements. Participants learn to sharpen their body awareness, recognize internal states of tension at an early stage and regulate them in a targeted manner. Structured boxing sequences are used to make topics such as setting boundaries, dealing with anger and constructive expression of emotions tangible. At the same time, the training offers strategies for interrupting ruminative loops and promoting focus and mental clarity. The combination of movement, breathing and conscious self-instruction strengthens self-efficacy and emotional stability in everyday study life. Previous boxing experience is not required.<br>The courses can also be attended independently of each other.     <\/p>\n\n\n\n<p>20.04.26. Body awareness &amp; boundaries<br>15:00-17:00<br>Location: to be announced<\/p>\n\n\n\n<p>04.05.26 Affect regulation in motion<br>15:00-17:00<br>Location: to be announced<\/p>\n\n\n\n<p>18.05.26 Cognitive relief through focus<br>15:00-17:00<br>Location: to be announced<\/p>\n\n\n\n<p>Referentin: Sophie Musliu, M.Sc.-Psych.<\/p>\n<\/details>\n\n\n\n<h3 class=\"wp-block-heading\">Thesis diagnosis<em> (german)<\/em><\/h3>\n\n\n\n<details class=\"wp-block-details is-layout-flow wp-block-details-is-layout-flow\"><summary><a>Date: every 14 days 27.04.-27.07.2026; 10.30-12.00, digital via Big Blue Button >>><\/a><\/summary>\n<p>&#8220;Tomorrow I&#8217;ll start writing&#8221;: there are often unexpected hurdles between this sentence and its realization. As part of a group coaching session lasting several weeks, individual work plans and schedules are created and effective work techniques are learned. Through concrete time planning and mutual support &#8211; including encouragement, help with crises and doubts &#8211; the final stage of the thesis does not become a never-ending story. (for 6 to 15 participants)    <\/p>\n\n\n\n<p>Course leader: Mareen Eisenbl\u00e4tter, Dipl.-Psych.<\/p>\n\n\n\n<p><\/p>\n<\/details>\n\n\n\n<h3 class=\"wp-block-heading\">Gamify your life &#8211; turn your life into a game <em>(german)<\/em><\/h3>\n\n\n\n<details class=\"wp-block-details is-layout-flow wp-block-details-is-layout-flow\"><summary><a>Date: weekly 12.05. &#8211; 02 06.2026 from 17.30 &#8211; 19.00, digital via Big Blue Button   &gt;&gt;&gt;<\/a><\/summary>\n<p>&#8220;Gamify your life &#8211; turn your life into a game&#8221; is a 4-part course for students who want to bring more motivation, structure and fun into their everyday lives. Instead of self-optimization stress, there are quests, level-ups and small rewards for realistic mini-steps &#8211; from study sessions without a cell phone to &#8220;courageous 10 minutes on the annoying task&#8221;. <\/p>\n\n\n\n<p>In a small group, you create your own life game: you set goals, collect points and badges and check what really works for you and what doesn&#8217;t every week. No perfection, no pressure to perform &#8211; just a safe space, humor and support. At the end, you will leave with your personal &#8220;everyday game plan&#8221;, which will help you to rock your studies and life a little more easily and playfully. (from 6 participants)   <\/p>\n\n\n\n<p>Course leader: Mareen Eisenbl\u00e4tter, Dipl.-Psych.<\/p>\n\n\n\n<p><\/p>\n<\/details>\n<\/div>\n<\/div>\n\n\n\n<h2 class=\"wp-block-heading\" id=\"anmeldung\">Registration  <\/h2>\n\n\n\n<p>Places on our courses can only be reserved online using the form below. The registration form will be activated at this point at the beginning of the semester and will be automatically deactivated when all courses are occupied or waiting list places are no longer available.<\/p>\n\n\n\n\n\n\n<div class=\"wpcf7 no-js\" id=\"wpcf7-f7758-o1\" lang=\"en-US\" dir=\"ltr\" data-wpcf7-id=\"7758\">\n<div class=\"screen-reader-response\"><p role=\"status\" aria-live=\"polite\" aria-atomic=\"true\"><\/p> <ul><\/ul><\/div>\n<form action=\"\/en\/wp-json\/wp\/v2\/pages\/3245#wpcf7-f7758-o1\" method=\"post\" class=\"wpcf7-form init\" aria-label=\"Contact form\" enctype=\"multipart\/form-data\" novalidate=\"novalidate\" data-status=\"init\">\n<fieldset class=\"hidden-fields-container\"><input type=\"hidden\" name=\"_wpcf7\" value=\"7758\" \/><input type=\"hidden\" name=\"_wpcf7_version\" value=\"6.1.5\" \/><input type=\"hidden\" name=\"_wpcf7_locale\" value=\"en_US\" \/><input type=\"hidden\" name=\"_wpcf7_unit_tag\" value=\"wpcf7-f7758-o1\" \/><input type=\"hidden\" name=\"_wpcf7_container_post\" value=\"0\" \/><input type=\"hidden\" name=\"_wpcf7_posted_data_hash\" value=\"\" \/>\n<\/fieldset>\n<h3>1. Allgemeine Angaben<br \/>\n<span class=\"grau\">1. General Information<\/span>\n<\/h3>\n<p><label>Nachname*:<span class=\"grau\"> \/ family name*: <\/span><br \/>\n<span class=\"wpcf7-form-control-wrap\" data-name=\"nachname\"><input size=\"60\" maxlength=\"60\" class=\"wpcf7-form-control wpcf7-text wpcf7-validates-as-required\" aria-required=\"true\" aria-invalid=\"false\" value=\"\" type=\"text\" name=\"nachname\" \/><\/span><\/label><br \/>\n<label>Vorname*:<span class=\"grau\"> \/ first name*:<\/span><br \/>\n<span class=\"wpcf7-form-control-wrap\" data-name=\"vorname\"><input size=\"60\" maxlength=\"60\" class=\"wpcf7-form-control wpcf7-text wpcf7-validates-as-required\" aria-required=\"true\" aria-invalid=\"false\" value=\"\" type=\"text\" name=\"vorname\" \/><\/span><\/label><br \/>\n<label>E-Mail*:<span class=\"grau\"> \/ email*:<\/span><br \/>\n<span class=\"wpcf7-form-control-wrap\" data-name=\"email1\"><input size=\"60\" maxlength=\"60\" class=\"wpcf7-form-control wpcf7-email wpcf7-validates-as-required wpcf7-text wpcf7-validates-as-email\" aria-required=\"true\" aria-invalid=\"false\" value=\"\" type=\"email\" name=\"email1\" \/><\/span><\/label><br \/>\n<label>E-Mail wiederholen*:<span class=\"grau\"> \/ confirm email*:<\/span><br \/>\n<span class=\"wpcf7-form-control-wrap\" data-name=\"email2\"><input size=\"60\" maxlength=\"60\" class=\"wpcf7-form-control wpcf7-email wpcf7-validates-as-required wpcf7-text wpcf7-validates-as-email\" aria-required=\"true\" aria-invalid=\"false\" value=\"\" type=\"email\" name=\"email2\" \/><\/span><\/label><br \/>\n<label>Ihre Hochschule*:<span class=\"grau\"> \/ Your University*:<\/span><br \/>\n<span class=\"wpcf7-form-control-wrap\" data-name=\"hochschule\"><select class=\"wpcf7-form-control wpcf7-select wpcf7-validates-as-required\" aria-required=\"true\" aria-invalid=\"false\" name=\"hochschule\"><option value=\"\">&#8212;Please choose an option&#8212;<\/option><option value=\"Otto-von-Guericke-Universit\u00e4t Magdeburg\">Otto-von-Guericke-Universit\u00e4t Magdeburg<\/option><option value=\"Medizinische Fakult\u00e4t der OvGU Magdeburg\">Medizinische Fakult\u00e4t der OvGU Magdeburg<\/option><option value=\"Hochschule Magdeburg-Stendal Standort Magdeburg\">Hochschule Magdeburg-Stendal Standort Magdeburg<\/option><option value=\"Hochschule Magdeburg-Stendal Standort Stendal\">Hochschule Magdeburg-Stendal Standort Stendal<\/option><option value=\"Hochschule Harz Standort Wernigerode\">Hochschule Harz Standort Wernigerode<\/option><option value=\"Hochschule Harz Standort Halberstadt\">Hochschule Harz Standort Halberstadt<\/option><option value=\"andere\/other (z.B. bei Praktikanten)\">andere\/other (z.B. bei Praktikanten)<\/option><\/select><\/span><\/label><br \/>\n<hr \/>\n<\/p>\n<h3>2. Angaben zum Kurs<br \/>\n<span class=\"grau\">2. Desired course<\/span>\n<\/h3>\n<p><label>Ich m\u00f6chte folgenden Kurs besuchen:<span class=\"grau\"> \/ I want to visit this course:<\/span><br \/>\n<span class=\"wpcf7-form-control-wrap\" data-name=\"termin\"><select class=\"wpcf7-form-control wpcf7-select wpcf7-validates-as-required\" aria-required=\"true\" aria-invalid=\"false\" name=\"termin\"><option value=\"Kurs: Embodiment &amp; Selbstregulation\">Kurs: Embodiment &amp; Selbstregulation<\/option><option value=\"Kurs: Diagnose Abschlussarbeit\">Kurs: Diagnose Abschlussarbeit<\/option><option value=\"Kurs: Thesis Talk &amp; Thrive\">Kurs: Thesis Talk &amp; Thrive<\/option><option value=\"Kurs: Gamify your life \u2013 mach dein Leben zum Game\">Kurs: Gamify your life \u2013 mach dein Leben zum Game<\/option><option value=\"Workshop: Beziehungsweise weise werden\">Workshop: Beziehungsweise weise werden<\/option><option value=\"Workshop: Dealing with anxiety\">Workshop: Dealing with anxiety<\/option><option value=\"Workshop: Social Media und Psychische Gesundheit\">Workshop: Social Media und Psychische Gesundheit<\/option><option value=\"Workshop: Lovingly setting boundaries \u2013 It\u00b4s okay to say no!\">Workshop: Lovingly setting boundaries \u2013 It\u00b4s okay to say no!<\/option><option value=\"Workshop: Den inneren Kritiker zum Verb\u00fcndeten machen\">Workshop: Den inneren Kritiker zum Verb\u00fcndeten machen<\/option><option value=\"Workshop: Raus aus der Prokrastination\">Workshop: Raus aus der Prokrastination<\/option><option value=\"Workshop: Streiten, aber richtig!\">Workshop: Streiten, aber richtig!<\/option><option value=\"Workshop: Ich glaub, ich hab ADHS\">Workshop: Ich glaub, ich hab ADHS<\/option><\/select><\/span><\/label><br \/>\nAngebote, die hier nicht mehr angezeigt werden, sind restlos ausgebucht.\n<\/p>\n<p>&nbsp;\n<\/p>\n<p><label>Besondere Angaben: <span class=\"grau\">\/ My request:<\/span><br \/>\n<span class=\"wpcf7-form-control-wrap\" data-name=\"nachricht\"><textarea cols=\"50\" rows=\"5\" maxlength=\"2000\" class=\"wpcf7-form-control wpcf7-textarea\" aria-invalid=\"false\" name=\"nachricht\"><\/textarea><\/span><\/label><br \/>\n<label>Falls m\u00f6glich: Foto \/ Scan der Imma-Bescheinigung bzw. des Studentenausweises: <span class=\"grau\">\/ If possible: Photo \/ Scan of the Student-ID:<\/span><br \/>\n<span class=\"wpcf7-form-control-wrap\" data-name=\"immafoto1\"><input size=\"40\" class=\"wpcf7-form-control wpcf7-file\" accept=\".gif,.png,.jpg,.jpeg,.pdf,.tif,.bmp\" aria-invalid=\"false\" type=\"file\" name=\"immafoto1\" \/><\/span><\/label>\n<\/p>\n<p>&nbsp;\n<\/p>\n<p>Spamschutz: Gibt das Ergebnis der folgenden Rechenaufgabe als Zahl in das Textfeld darunter ein.* <span class=\"grau\">\/ Spam protection: Enter the result of the following calculation as a number in the text field below.*<\/span><br \/>\n<span class=\"wpcf7-form-control-wrap\" data-name=\"random-math-quiz\"><label><span class=\"wpcf7-quiz-label\">Wieviel ist zehn plus eins? \/ How much is ten plus one?<\/span> <input size=\"40\" class=\"wpcf7-form-control wpcf7-quiz\" autocomplete=\"off\" aria-required=\"true\" aria-invalid=\"false\" type=\"text\" name=\"random-math-quiz\" \/><\/label><input type=\"hidden\" name=\"_wpcf7_quiz_answer_random-math-quiz\" value=\"7a7e79afdec2d400c17eda66830bbbc5\" \/><\/span>\n<\/p>\n<p>&nbsp;\n<\/p>\n<div class=\"dsgvo\">\n\t<p><label>Einwilligungserkl\u00e4rung zur Datenverarbeitung (DSGVO)<span class=\"wpcf7-form-control-wrap\" data-name=\"privacy-policy\"><span class=\"wpcf7-form-control wpcf7-acceptance\"><span class=\"wpcf7-list-item\"><input type=\"checkbox\" name=\"privacy-policy\" value=\"1\" aria-invalid=\"false\" \/><\/span><\/span><\/span><\/label>\n\t<\/p>\n<\/div>\n<p>Der zweckgebundenen Erfassung, Speicherung und Verarbeitung meiner eingegebenen Daten durch das Studentenwerk Magdeburg und der Nutzung meiner E-Mail-Adresse zur Korrespondenz stimme ich hiermit ausdr\u00fccklich zu. Mir ist bewusst, dass die angegebenen personenbezogenen Daten f\u00fcr die zweckgebundene Bearbeitung der im vorstehenden Formular zur Kontaktaufnahme erhoben werden. Diese Daten sind erforderlich um meine Anfrage \u00fcber das Kontaktformular bearbeiten zu k\u00f6nnen. Ohne meine Zustimmung ist das Absenden des Formulars daher nicht m\u00f6glich. Die <a href=\"https:\/\/www.studentenwerk-magdeburg.de\/studentenwerk\/datenschutzerklaerung\/\">Datenschutzerkl\u00e4rung<\/a> und insbesondere die Hinweise zur L\u00f6schung und \u00dcbertragbarkeit meiner Daten habe ich gelesen und verstanden. Ich versichere abschlie\u00dfend, dass meine Angaben wahrheitsgem\u00e4\u00df und vollst\u00e4ndig sind.\n<\/p>\n<p>&nbsp;\n<\/p>\n<p><input class=\"wpcf7-form-control wpcf7-submit has-spinner\" type=\"submit\" value=\"Senden \/ Submit\" \/>\n<\/p><div class=\"wpcf7-response-output\" aria-hidden=\"true\"><\/div>\n<\/form>\n<\/div>\n\n\n\n\n<div style=\"height:100px\" aria-hidden=\"true\" class=\"wp-block-spacer\"><\/div>\n\n\n\n<p><\/p>\n","protected":false},"excerpt":{"rendered":"<p>Courses offered by Psychosocial Student Counseling (course language in brackets) Studierende in Magdeburg, Stendal, Halberstadt und Wernigerode k\u00f6nnen sich zu Semesterbeginn f\u00fcr die Kursangebote der PsychoSozialen StudierendenBeratung anmelden. The offers are free of charge and take place partly in presence, partly in digital form. You can register directly here. Workshops &hellip; <a href=\"https:\/\/www.studentenwerk-magdeburg.de\/en\/social-affairs\/courses\/\">Continue reading <span class=\"meta-nav\">&rarr;<\/span><\/a><\/p>\n","protected":false},"author":44,"featured_media":0,"parent":2014,"menu_order":5,"comment_status":"closed","ping_status":"closed","template":"","meta":{"_mc_calendar":[],"footnotes":""},"class_list":["post-3245","page","type-page","status-publish","hentry"],"_links":{"self":[{"href":"https:\/\/www.studentenwerk-magdeburg.de\/en\/wp-json\/wp\/v2\/pages\/3245","targetHints":{"allow":["GET"]}}],"collection":[{"href":"https:\/\/www.studentenwerk-magdeburg.de\/en\/wp-json\/wp\/v2\/pages"}],"about":[{"href":"https:\/\/www.studentenwerk-magdeburg.de\/en\/wp-json\/wp\/v2\/types\/page"}],"author":[{"embeddable":true,"href":"https:\/\/www.studentenwerk-magdeburg.de\/en\/wp-json\/wp\/v2\/users\/44"}],"replies":[{"embeddable":true,"href":"https:\/\/www.studentenwerk-magdeburg.de\/en\/wp-json\/wp\/v2\/comments?post=3245"}],"version-history":[{"count":16,"href":"https:\/\/www.studentenwerk-magdeburg.de\/en\/wp-json\/wp\/v2\/pages\/3245\/revisions"}],"predecessor-version":[{"id":23604,"href":"https:\/\/www.studentenwerk-magdeburg.de\/en\/wp-json\/wp\/v2\/pages\/3245\/revisions\/23604"}],"up":[{"embeddable":true,"href":"https:\/\/www.studentenwerk-magdeburg.de\/en\/wp-json\/wp\/v2\/pages\/2014"}],"wp:attachment":[{"href":"https:\/\/www.studentenwerk-magdeburg.de\/en\/wp-json\/wp\/v2\/media?parent=3245"}],"curies":[{"name":"wp","href":"https:\/\/api.w.org\/{rel}","templated":true}]}}