{"id":3229,"date":"2012-07-22T19:56:01","date_gmt":"2012-07-22T17:56:01","guid":{"rendered":"http:\/\/www1.studentenwerk-magdeburg.de\/culture\/creative-workshops\/"},"modified":"2026-04-01T12:07:05","modified_gmt":"2026-04-01T10:07:05","slug":"creative-workshops","status":"publish","type":"page","link":"https:\/\/www.studentenwerk-magdeburg.de\/en\/culture\/creative-workshops\/","title":{"rendered":"CreativeWorkshops"},"content":{"rendered":"\n<figure class=\"wp-block-image size-full\"><img decoding=\"async\" width=\"2560\" height=\"640\" src=\"https:\/\/www.studentenwerk-magdeburg.de\/wp-content\/uploads\/2024\/10\/swmd_webheader_kreativ-scaled.jpg\" alt=\"Symbolic image of creative workshops\" class=\"wp-image-20024\" srcset=\"https:\/\/www.studentenwerk-magdeburg.de\/wp-content\/uploads\/2024\/10\/swmd_webheader_kreativ-scaled.jpg 2560w, https:\/\/www.studentenwerk-magdeburg.de\/wp-content\/uploads\/2024\/10\/swmd_webheader_kreativ-768x192.jpg 768w, https:\/\/www.studentenwerk-magdeburg.de\/wp-content\/uploads\/2024\/10\/swmd_webheader_kreativ-1536x384.jpg 1536w, https:\/\/www.studentenwerk-magdeburg.de\/wp-content\/uploads\/2024\/10\/swmd_webheader_kreativ-2048x512.jpg 2048w\" sizes=\"(max-width: 2560px) 100vw, 2560px\" \/><\/figure>\n\n\n\n<h1 class=\"wp-block-heading\">CreativeWorkshops<\/h1>\n\n\n\n<p>The creative workshops offer a good opportunity to &#8220;get a taste&#8221; and &#8220;live it up&#8221; &#8211; regardless of whether you are an advanced or beginner. Our workshop leaders give tips &amp; advice, offer inspiration &amp; space to try things out for yourself. The courses take place in the rooms of the creative workshops in the basement of J.-G.-Nathusius-Ring 1 and 2 (WH 2 and 3) and in the CampusTheater at dormitory 7 in Magdeburg. There is a registration fee of \u20ac20 per course for students (Exception Ceramics course: for this course, we charge an additional fee of \u20ac15 per person to cover material costs). University staff and guests can take part for a fee of \u20ac45 per course, subject to availability.<strong><a href=\"#anmeldung\" data-type=\"internal\" data-id=\"#anmeldung\">Click here to register directly.<\/a><\/strong><\/p>\n\n\n\n<div class=\"wp-block-columns is-layout-flex wp-container-core-columns-is-layout-9d6595d7 wp-block-columns-is-layout-flex\">\n<div class=\"wp-block-column is-layout-flow wp-block-column-is-layout-flow\"><div class=\"wp-block-image\">\n<figure class=\"alignright size-thumbnail\"><img decoding=\"async\" width=\"150\" height=\"150\" src=\"https:\/\/www.studentenwerk-magdeburg.de\/wp-content\/uploads\/2012\/06\/potter-622708-1-150x150.jpg\" alt=\"Symbolic image ceramics\" class=\"wp-image-12037\" srcset=\"https:\/\/www.studentenwerk-magdeburg.de\/wp-content\/uploads\/2012\/06\/potter-622708-1-150x150.jpg 150w, https:\/\/www.studentenwerk-magdeburg.de\/wp-content\/uploads\/2012\/06\/potter-622708-1-300x300.jpg 300w, https:\/\/www.studentenwerk-magdeburg.de\/wp-content\/uploads\/2012\/06\/potter-622708-1-600x600.jpg 600w, https:\/\/www.studentenwerk-magdeburg.de\/wp-content\/uploads\/2012\/06\/potter-622708-1-100x100.jpg 100w\" sizes=\"(max-width: 150px) 100vw, 150px\" \/><\/figure>\n<\/div>\n\n\n<h2 class=\"wp-block-heading\">Ceramic<\/h2>\n\n\n\n<p>In this creative workshop, individual vessels are produced using various construction techniques. Here you will learn the art of throwing on the potter&#8217;s wheel. Under guidance, the ceramic objects can be decorated with scraffitto, embossing and carving techniques or with glazes. All materials are provided.   <\/p>\n\n\n\n<figure class=\"wp-block-table\"><table class=\"has-fixed-layout\"><tbody><tr><td>Dates:<\/td><td>Tuesdays and Thursdays from 6:30 to 8:30 p.m.<\/td><\/tr><tr><td>Location:<\/td><td>Dormitory 3, J.-G.-Nathusius-Ring 2, basement, side entrance &#8211; north side<\/td><\/tr><tr><td>Manager:<\/td><td>Kathrin Bunzenthal, Dipl.-Restorer<br><\/td><\/tr><tr><td>Participants:<\/td><td>max. 10 people per group <\/td><\/tr><\/tbody><\/table><\/figure>\n<\/div>\n\n\n\n<div class=\"wp-block-column is-layout-flow wp-block-column-is-layout-flow\"><div class=\"wp-block-image\">\n<figure class=\"alignright size-thumbnail\"><img decoding=\"async\" width=\"150\" height=\"150\" src=\"https:\/\/www.studentenwerk-magdeburg.de\/wp-content\/uploads\/2012\/06\/painting-911804-1-150x150.jpg\" alt=\"Symbolic image painting &amp;amp; graphics\" class=\"wp-image-12039\" srcset=\"https:\/\/www.studentenwerk-magdeburg.de\/wp-content\/uploads\/2012\/06\/painting-911804-1-150x150.jpg 150w, https:\/\/www.studentenwerk-magdeburg.de\/wp-content\/uploads\/2012\/06\/painting-911804-1-300x300.jpg 300w, https:\/\/www.studentenwerk-magdeburg.de\/wp-content\/uploads\/2012\/06\/painting-911804-1-600x600.jpg 600w, https:\/\/www.studentenwerk-magdeburg.de\/wp-content\/uploads\/2012\/06\/painting-911804-1-100x100.jpg 100w\" sizes=\"(max-width: 150px) 100vw, 150px\" \/><\/figure>\n<\/div>\n\n\n<h2 class=\"wp-block-heading\">Painting &amp; Graphics<\/h2>\n\n\n\n<p>The workshop leader gives instructions and information on painting techniques with pencil, charcoal, gouache, acrylic, pastel crayon as well as tips on making linocut prints. The focus is on supporting your own projects and creativity. Together they also dedicate themselves to natural studies. All materials are provided, just bring your ideas and imagination!<\/p>\n\n\n\n<figure class=\"wp-block-table\"><table class=\"has-fixed-layout\"><tbody><tr><td>Dates:<\/td><td>Tuesdays from 6:30 to 9:00 p.m.<\/td><\/tr><tr><td>Location:<\/td><td>Dormitory 2, J.-G.-Nathusius-Ring 1, basement, side entrance &#8211; north side<\/td><\/tr><tr><td>Manager:<\/td><td>Dorothea Hertel<\/td><\/tr><tr><td>Participants:<\/td><td>max. 10 people, suitable for beginners and advanced skiers <\/td><\/tr><\/tbody><\/table><\/figure>\n<\/div>\n<\/div>\n\n\n\n<div class=\"wp-block-columns is-layout-flex wp-container-core-columns-is-layout-9d6595d7 wp-block-columns-is-layout-flex\">\n<div class=\"wp-block-column is-layout-flow wp-block-column-is-layout-flow\"><div class=\"wp-block-image\">\n<figure class=\"alignright size-thumbnail\"><img decoding=\"async\" width=\"150\" height=\"150\" src=\"https:\/\/www.studentenwerk-magdeburg.de\/wp-content\/uploads\/2012\/06\/sewing-3405975-1-150x150.jpg\" alt=\"Symbolic image of textile design\" class=\"wp-image-12050\" srcset=\"https:\/\/www.studentenwerk-magdeburg.de\/wp-content\/uploads\/2012\/06\/sewing-3405975-1-150x150.jpg 150w, https:\/\/www.studentenwerk-magdeburg.de\/wp-content\/uploads\/2012\/06\/sewing-3405975-1-300x300.jpg 300w, https:\/\/www.studentenwerk-magdeburg.de\/wp-content\/uploads\/2012\/06\/sewing-3405975-1-600x600.jpg 600w, https:\/\/www.studentenwerk-magdeburg.de\/wp-content\/uploads\/2012\/06\/sewing-3405975-1-100x100.jpg 100w\" sizes=\"(max-width: 150px) 100vw, 150px\" \/><\/figure>\n<\/div>\n\n\n<h2 class=\"wp-block-heading\">Textile design<\/h2>\n\n\n\n<p>The design with fabrics ranges from simple change work to sewing of home textiles to the design and tailoring of your own garments. In the workshop basic techniques of sewing (cutting, design and development of own models) are obtained.<\/p>\n\n\n\n<figure class=\"wp-block-table\"><table class=\"has-fixed-layout\"><tbody><tr><td>Dates:<\/td><td>Mondays from 4:00 to 8:00 p.m.<\/td><\/tr><tr><td>Location:<\/td><td>Dormitory 2, J.-G.-Nathusius-Ring 1, basement, side entrance &#8211; north side<\/td><\/tr><tr><td>Manager:<\/td><td>Alice M\u00f6bius, ladies&#8217; tailor <\/td><\/tr><tr><td>Participants:<\/td><td>max. 8 people<\/td><\/tr><\/tbody><\/table><\/figure>\n<\/div>\n\n\n\n<div class=\"wp-block-column is-layout-flow wp-block-column-is-layout-flow\"><div class=\"wp-block-image\">\n<figure class=\"alignright size-thumbnail\"><img decoding=\"async\" width=\"150\" height=\"150\" src=\"https:\/\/www.studentenwerk-magdeburg.de\/wp-content\/uploads\/2012\/06\/workshop_wollel-150x150.jpg\" alt=\"Symbolic image Decorative items made from wool &amp;amp; yarn\" class=\"wp-image-1707\" srcset=\"https:\/\/www.studentenwerk-magdeburg.de\/wp-content\/uploads\/2012\/06\/workshop_wollel-150x150.jpg 150w, https:\/\/www.studentenwerk-magdeburg.de\/wp-content\/uploads\/2012\/06\/workshop_wollel-300x300.jpg 300w, https:\/\/www.studentenwerk-magdeburg.de\/wp-content\/uploads\/2012\/06\/workshop_wollel.jpg 480w\" sizes=\"(max-width: 150px) 100vw, 150px\" \/><\/figure>\n<\/div>\n\n\n<h2 class=\"wp-block-heading\">Knitting, crochet &amp; macram\u00e9  <\/h2>\n\n\n\n<p>This course is all about creative handicrafts: from the basics of knitting to varied crochet techniques and trendy macram\u00e9. Beginners will learn the most important techniques step by step, while advanced students can improve their skills and create their own projects. Together you will create practical and decorative pieces &#8211; from hats and scarves to plant hangers and home accessories.  <\/p>\n\n\n\n<figure class=\"wp-block-table\"><table class=\"has-fixed-layout\"><tbody><tr><td>Dates:<\/td><td>Thursdays from 5:30 to 8:30 p.m., 1st appointment: 6:30 to 8:30 p.m.<\/td><\/tr><tr><td>Location:<\/td><td>Dormitory 2, J.-G.-Nathusius-Ring 1, basement, side entrance &#8211; north side<\/td><\/tr><tr><td>Manager:<\/td><td>Dagmar Peter<\/td><\/tr><tr><td>Participants:<\/td><td>max. 10 people<\/td><\/tr><\/tbody><\/table><\/figure>\n<\/div>\n<\/div>\n\n\n\n<div class=\"wp-block-columns is-layout-flex wp-container-core-columns-is-layout-9d6595d7 wp-block-columns-is-layout-flex\">\n<div class=\"wp-block-column is-layout-flow wp-block-column-is-layout-flow\"><div class=\"wp-block-image\">\n<figure class=\"alignright size-thumbnail\"><img decoding=\"async\" width=\"150\" height=\"150\" src=\"https:\/\/www.studentenwerk-magdeburg.de\/wp-content\/uploads\/2024\/10\/Improtheater-150x150.jpg\" alt=\"Symbolic image of improv theater\" class=\"wp-image-19880\" srcset=\"https:\/\/www.studentenwerk-magdeburg.de\/wp-content\/uploads\/2024\/10\/Improtheater-150x150.jpg 150w, https:\/\/www.studentenwerk-magdeburg.de\/wp-content\/uploads\/2024\/10\/Improtheater-300x300.jpg 300w, https:\/\/www.studentenwerk-magdeburg.de\/wp-content\/uploads\/2024\/10\/Improtheater-600x600.jpg 600w\" sizes=\"(max-width: 150px) 100vw, 150px\" \/><\/figure>\n<\/div>\n\n\n<h2 class=\"wp-block-heading\">Improv theater<\/h2>\n\n\n\n<p>In this course you will experience the pillars of improvisation in practice: the play, communication with each other, action and reaction and physical expression. The focus of this semester is on short-form improvisation. As a result of the course, there will be at least one performance at the end of the semester.<\/p>\n\n\n\n<figure class=\"wp-block-table\"><table class=\"has-fixed-layout\"><tbody><tr><td>Dates:<\/td><td><p>Mondays from 7:00 to 9:00 p.m.<\/p><\/td><\/tr><tr><td>Location:<\/td><td>CampusTheater, J.-G.-Nathusius-Ring 5<\/td><\/tr><tr><td>Manager:<\/td><td>Rafael Wolff, actor and theater director<\/td><\/tr><tr><td>Participants:<\/td><td>max. 12<\/td><\/tr><\/tbody><\/table><\/figure>\n<\/div>\n\n\n\n<div class=\"wp-block-column is-layout-flow wp-block-column-is-layout-flow\"><div class=\"wp-block-image\">\n<figure class=\"alignright size-thumbnail\"><img decoding=\"async\" width=\"150\" height=\"150\" src=\"https:\/\/www.studentenwerk-magdeburg.de\/wp-content\/uploads\/2024\/03\/Theater-150x150.jpg\" alt=\"Symbol image Theatre in English\" class=\"wp-image-18606\" srcset=\"https:\/\/www.studentenwerk-magdeburg.de\/wp-content\/uploads\/2024\/03\/Theater-150x150.jpg 150w, https:\/\/www.studentenwerk-magdeburg.de\/wp-content\/uploads\/2024\/03\/Theater-300x300.jpg 300w\" sizes=\"(max-width: 150px) 100vw, 150px\" \/><\/figure>\n<\/div>\n\n\n<h2 class=\"wp-block-heading\">Theater in English<\/h2>\n\n\n\n<p>In this course you&#8217;ll practice text and character work, physical and vocal expression as well as stage presence. The course is directed at everyone that wishes to do theatre in English, regardless of expertise or previous experiences. As a conclusion to the course there will be a performance focused on the text &#8220;Go on, kill me, my dear&#8221; by Aziz Nesin.<\/p>\n\n\n\n<figure class=\"wp-block-table\"><table class=\"has-fixed-layout\"><tbody><tr><td>Dates:<\/td><td>Wednesdays 7:30 to 9:00 p.m.<\/td><\/tr><tr><td>Location:<\/td><td>CampusTheater, J.-G.-Nathusius-Ring 5<\/td><\/tr><tr><td>Manager:<\/td><td>Rafael Wolff, actor and director<\/td><\/tr><tr><td>Participants<\/td><td>max. 12<\/td><\/tr><\/tbody><\/table><\/figure>\n<\/div>\n<\/div>\n\n\n\n<div class=\"wp-block-columns is-layout-flex wp-container-core-columns-is-layout-9d6595d7 wp-block-columns-is-layout-flex\">\n<div class=\"wp-block-column is-layout-flow wp-block-column-is-layout-flow\"><div class=\"wp-block-image\">\n<figure class=\"alignright size-thumbnail\"><img decoding=\"async\" width=\"150\" height=\"150\" src=\"https:\/\/www.studentenwerk-magdeburg.de\/wp-content\/uploads\/2012\/06\/photo-351528-1-150x150.jpg\" alt=\"Symbolic image Digital photography\" class=\"wp-image-12030\" srcset=\"https:\/\/www.studentenwerk-magdeburg.de\/wp-content\/uploads\/2012\/06\/photo-351528-1-150x150.jpg 150w, https:\/\/www.studentenwerk-magdeburg.de\/wp-content\/uploads\/2012\/06\/photo-351528-1-300x300.jpg 300w, https:\/\/www.studentenwerk-magdeburg.de\/wp-content\/uploads\/2012\/06\/photo-351528-1-600x600.jpg 600w, https:\/\/www.studentenwerk-magdeburg.de\/wp-content\/uploads\/2012\/06\/photo-351528-1-100x100.jpg 100w\" sizes=\"(max-width: 150px) 100vw, 150px\" \/><\/figure>\n<\/div>\n\n\n<h2 class=\"wp-block-heading\">Photography digital<\/h2>\n\n\n\n<p>In this course, you will learn about the relationships between aperture, shutter speed and ISO value and the basics of image composition. We will apply what we have learned on photo tours. Please bring your own digital camera, a freshly charged battery and other photo accessories. The course is in German only.   <\/p>\n\n\n\n<figure class=\"wp-block-table\"><table class=\"has-fixed-layout\"><tbody><tr><td>Dates:<\/td><td>Tuesdays from 5:00 to 7:00 p.m.<\/td><\/tr><tr><td>Location:<\/td><td>CampusTheater, J.-G.-Nathusius-Ring 5<\/td><\/tr><tr><td>Manager:<\/td><td>Matthias Piekacz, photojournalist &#8211; Bachelor of Arts<\/td><\/tr><tr><td>Participants:<\/td><td>maximum of 8 people<\/td><\/tr><\/tbody><\/table><\/figure>\n<\/div>\n\n\n\n<div class=\"wp-block-column is-layout-flow wp-block-column-is-layout-flow\"><\/div>\n<\/div>\n\n\n\n<h2 class=\"wp-block-heading\" id=\"anmeldung\">Registration CreativeWorkshops<\/h2>\n\n\n\n<p>Places in our creative workshops can only be reserved online using the form below. The registration form will be activated here at the beginning of each semester and automatically deactivated when all courses are full or there are no more waiting list places available. <\/p>\n\n\n\n<h3 class=\"wp-block-heading\">For the creative workshops in the summer semester 2026, registration will start here on April, 1st at 10:00 am.<\/h3>\n\n\n\n<div class=\"wpcf7 no-js\" id=\"wpcf7-f7711-o1\" lang=\"en-US\" dir=\"ltr\" data-wpcf7-id=\"7711\">\n<div class=\"screen-reader-response\"><p role=\"status\" aria-live=\"polite\" aria-atomic=\"true\"><\/p> <ul><\/ul><\/div>\n<form action=\"\/en\/wp-json\/wp\/v2\/pages\/3229#wpcf7-f7711-o1\" method=\"post\" class=\"wpcf7-form init\" aria-label=\"Contact form\" enctype=\"multipart\/form-data\" novalidate=\"novalidate\" data-status=\"init\">\n<fieldset class=\"hidden-fields-container\"><input type=\"hidden\" name=\"_wpcf7\" value=\"7711\" \/><input type=\"hidden\" name=\"_wpcf7_version\" value=\"6.1.5\" \/><input type=\"hidden\" name=\"_wpcf7_locale\" value=\"en_US\" \/><input type=\"hidden\" name=\"_wpcf7_unit_tag\" value=\"wpcf7-f7711-o1\" \/><input type=\"hidden\" name=\"_wpcf7_container_post\" value=\"0\" \/><input type=\"hidden\" name=\"_wpcf7_posted_data_hash\" value=\"\" \/>\n<\/fieldset>\n<h3>1. Allgemeine Angaben<br \/>\n<span class=\"grau\">1. General Information<\/span>\n<\/h3>\n<p>Nachname*:<span class=\"grau\"> \/ family name*: <\/span><br \/>\n<span class=\"wpcf7-form-control-wrap\" data-name=\"nachname\"><input size=\"60\" maxlength=\"60\" class=\"wpcf7-form-control wpcf7-text wpcf7-validates-as-required\" aria-required=\"true\" aria-invalid=\"false\" value=\"\" type=\"text\" name=\"nachname\" \/><\/span><br \/>\nVorname*:<span class=\"grau\"> \/ first name*:<\/span><br \/>\n<span class=\"wpcf7-form-control-wrap\" data-name=\"vorname\"><input size=\"60\" maxlength=\"60\" class=\"wpcf7-form-control wpcf7-text wpcf7-validates-as-required\" aria-required=\"true\" aria-invalid=\"false\" value=\"\" type=\"text\" name=\"vorname\" \/><\/span><br \/>\nE-Mail*:<span class=\"grau\"> \/ email*:<\/span><br \/>\n<span class=\"wpcf7-form-control-wrap\" data-name=\"email1\"><input size=\"60\" maxlength=\"60\" class=\"wpcf7-form-control wpcf7-email wpcf7-validates-as-required wpcf7-text wpcf7-validates-as-email\" aria-required=\"true\" aria-invalid=\"false\" value=\"\" type=\"email\" name=\"email1\" \/><\/span><br \/>\nE-Mail wiederholen*:<span class=\"grau\"> \/ confirm email*:<\/span><br \/>\n<span class=\"wpcf7-form-control-wrap\" data-name=\"email2\"><input size=\"60\" maxlength=\"60\" class=\"wpcf7-form-control wpcf7-email wpcf7-validates-as-required wpcf7-text wpcf7-validates-as-email\" aria-required=\"true\" aria-invalid=\"false\" value=\"\" type=\"email\" name=\"email2\" \/><\/span><br \/>\nIhre Hochschule*:<span class=\"grau\"> \/ Your University*:<\/span><br \/>\n<span class=\"wpcf7-form-control-wrap\" data-name=\"hochschule\"><select class=\"wpcf7-form-control wpcf7-select wpcf7-validates-as-required\" aria-required=\"true\" aria-invalid=\"false\" name=\"hochschule\"><option value=\"\">&#8212;Please choose an option&#8212;<\/option><option value=\"Otto-von-Guericke-Universit\u00e4t Magdeburg\">Otto-von-Guericke-Universit\u00e4t Magdeburg<\/option><option value=\"Medizinische Fakult\u00e4t der OvGU Magdeburg\">Medizinische Fakult\u00e4t der OvGU Magdeburg<\/option><option value=\"Hochschule Magdeburg-Stendal\">Hochschule Magdeburg-Stendal<\/option><option value=\"Hochschule Harz Wernigerode\">Hochschule Harz Wernigerode<\/option><option value=\"Hochschule Harz Halberstadt\">Hochschule Harz Halberstadt<\/option><option value=\"andere\/other (z.B. bei Praktikanten)\">andere\/other (z.B. bei Praktikanten)<\/option><\/select><\/span><br \/>\n<hr \/>\n<\/p>\n<h3>2. Angaben zum Workshop<br \/>\n<span class=\"grau\">2. Desired Workshop<\/span>\n<\/h3>\n<p>Anmeldungen sind bis sp\u00e4testens <b>10.04.26<\/b> einzureichen.<span class=\"grau\"> \/ Registration ends on <b>10.04.26<\/b>.<\/span>\n<\/p>\n<p \/><br \/>\nIch m\u00f6chte folgenden Workshop besuchen:<span class=\"grau\"> \/ I want to visit this workshop:<\/span><br \/>\n<span class=\"wpcf7-form-control-wrap\" data-name=\"termin\"><select class=\"wpcf7-form-control wpcf7-select wpcf7-validates-as-required\" aria-required=\"true\" aria-invalid=\"false\" name=\"termin\"><option value=\"Fotografie digital (Di., 17:00 Uhr)\">Fotografie digital (Di., 17:00 Uhr)<\/option><option value=\"Improtheater (Mo., 19:00 Uhr)\">Improtheater (Mo., 19:00 Uhr)<\/option><option value=\"Theatre in English (Mi., 19:00 Uhr)\">Theatre in English (Mi., 19:00 Uhr)<\/option><\/select><\/span>\n<\/p>\n<p><b>Ausgebucht sind:<\/b>\n<\/p>\n<p><br \/>\nStricken, H\u00e4keln & Makramee (Do., 17:30 Uhr)<br \/>\nMalerei & Grafik (Di., 18:30 Uhr)<br \/>\nTextiles Gestalten (Mo., 16:00 Uhr)<br \/>\nKeramik (Di., 18:30 Uhr)<br \/>\nKeramik (Do., 18:30 Uhr)\n<\/p>\n<p \/><br \/>\n<hr \/>\n<\/p>\n<p>Besondere Angaben: <span class=\"grau\">\/ My request:<\/span>\n<\/p>\n<p><span class=\"wpcf7-form-control-wrap\" data-name=\"nachricht\"><textarea cols=\"50\" rows=\"5\" maxlength=\"2000\" class=\"wpcf7-form-control wpcf7-textarea\" aria-invalid=\"false\" name=\"nachricht\"><\/textarea><\/span><br \/>\nFoto \/ Scan der Imma-Bescheinigung bzw. des Studentenausweises: <span class=\"grau\">\/ Photo \/ Scan of the Student-ID:<\/span><br \/>\n<span class=\"wpcf7-form-control-wrap\" data-name=\"immafoto1\"><input size=\"40\" class=\"wpcf7-form-control wpcf7-file wpcf7-validates-as-required\" accept=\".gif,.png,.jpg,.jpeg,.pdf,.tif,.bmp\" aria-required=\"true\" aria-invalid=\"false\" type=\"file\" name=\"immafoto1\" \/><\/span>\n<\/p>\n<p>Achtung: Anmeldungen ohne Imma-Bescheinigung bzw. Studentenausweis k\u00f6nnen NICHT abgesandt und NICHT ber\u00fccksichtigt werden! <span class=\"grau\">\/ Please note: Registrations without a certificate of enrolment or student ID cannot be sent and will NOT be considered!<\/span><br \/>\n&nbsp;\n<\/p>\n<p>Spamschutz: Gibt das Ergebnis der folgenden Rechenaufgabe als Zahl in das Textfeld darunter ein.* <span class=\"grau\">\/ Spam protection: Enter the result of the following calculation as a number in the text field below.*<\/span><br \/>\n<span class=\"wpcf7-form-control-wrap\" data-name=\"random-math-quiz\"><label><span class=\"wpcf7-quiz-label\">Wieviel ist zehn minus f\u00fcnf? \/ How much is ten minus five?<\/span> <input size=\"40\" class=\"wpcf7-form-control wpcf7-quiz\" autocomplete=\"off\" aria-required=\"true\" aria-invalid=\"false\" type=\"text\" name=\"random-math-quiz\" \/><\/label><input type=\"hidden\" name=\"_wpcf7_quiz_answer_random-math-quiz\" value=\"c908b6bd8a110a23ebf0304d613ca89e\" \/><\/span>\n<\/p>\n<p>&nbsp;\n<\/p>\n<p><span class=\"wpcf7-form-control-wrap\" data-name=\"privacy-policy\"><span class=\"wpcf7-form-control wpcf7-acceptance\"><span class=\"wpcf7-list-item\"><input type=\"checkbox\" name=\"privacy-policy\" value=\"1\" aria-invalid=\"false\" \/><\/span><\/span><\/span>\n<\/p>\n<div class=\"dsgvo\">\n\t<p>&nbsp;Einwilligungserkl\u00e4rung zur Datenverarbeitung (DSGVO)\n\t<\/p>\n<\/div>\n<p>Der zweckgebundenen Erfassung, Speicherung und Verarbeitung meiner eingegebenen Daten durch das Studentenwerk Magdeburg und der Nutzung meiner E-Mail-Adresse zur Korrespondenz stimme ich hiermit ausdr\u00fccklich zu. Mir ist bewu\u00dft, dass die angegebenen personenbezogenen Daten f\u00fcr die zweckgebundene Bearbeitung der im vorstehenden Formular zur Kontaktaufnahme erhoben werden. Diese Daten sind erforderlich um meine Anfrage \u00fcber das Kontaktformular bearbeiten zu k\u00f6nnen. Ohne meine Zustimmung ist das Absenden des Formulars daher nicht m\u00f6glich. Die <a href=\"https:\/\/www.studentenwerk-magdeburg.de\/studentenwerk\/datenschutzerklaerung\/\">Datenschutzerkl\u00e4rung<\/a> und insbesondere die Hinweise zur L\u00f6schung und \u00dcbertragbarkeit meiner Daten habe ich gelesen und verstanden. Ich versichere abschlie\u00dfend, dass meine Angaben wahrheitsgem\u00e4\u00df und vollst\u00e4ndig sind.\n<\/p>\n<p>&nbsp;\n<\/p>\n<p><input class=\"wpcf7-form-control wpcf7-submit has-spinner\" type=\"submit\" value=\"Senden \/ Submit\" \/>\n<\/p><div class=\"wpcf7-response-output\" aria-hidden=\"true\"><\/div>\n<\/form>\n<\/div>\n\n\n\n\n","protected":false},"excerpt":{"rendered":"<p>CreativeWorkshops The creative workshops offer a good opportunity to &#8220;get a taste&#8221; and &#8220;live it up&#8221; &#8211; regardless of whether you are an advanced or beginner. Our workshop leaders give tips &amp; advice, offer inspiration &amp; space to try things out for yourself. The courses take place in the rooms &hellip; <a href=\"https:\/\/www.studentenwerk-magdeburg.de\/en\/culture\/creative-workshops\/\">Continue reading <span class=\"meta-nav\">&rarr;<\/span><\/a><\/p>\n","protected":false},"author":35,"featured_media":0,"parent":2017,"menu_order":3,"comment_status":"closed","ping_status":"closed","template":"","meta":{"_mc_calendar":[],"footnotes":""},"class_list":["post-3229","page","type-page","status-publish","hentry"],"_links":{"self":[{"href":"https:\/\/www.studentenwerk-magdeburg.de\/en\/wp-json\/wp\/v2\/pages\/3229","targetHints":{"allow":["GET"]}}],"collection":[{"href":"https:\/\/www.studentenwerk-magdeburg.de\/en\/wp-json\/wp\/v2\/pages"}],"about":[{"href":"https:\/\/www.studentenwerk-magdeburg.de\/en\/wp-json\/wp\/v2\/types\/page"}],"author":[{"embeddable":true,"href":"https:\/\/www.studentenwerk-magdeburg.de\/en\/wp-json\/wp\/v2\/users\/35"}],"replies":[{"embeddable":true,"href":"https:\/\/www.studentenwerk-magdeburg.de\/en\/wp-json\/wp\/v2\/comments?post=3229"}],"version-history":[{"count":15,"href":"https:\/\/www.studentenwerk-magdeburg.de\/en\/wp-json\/wp\/v2\/pages\/3229\/revisions"}],"predecessor-version":[{"id":23866,"href":"https:\/\/www.studentenwerk-magdeburg.de\/en\/wp-json\/wp\/v2\/pages\/3229\/revisions\/23866"}],"up":[{"embeddable":true,"href":"https:\/\/www.studentenwerk-magdeburg.de\/en\/wp-json\/wp\/v2\/pages\/2017"}],"wp:attachment":[{"href":"https:\/\/www.studentenwerk-magdeburg.de\/en\/wp-json\/wp\/v2\/media?parent=3229"}],"curies":[{"name":"wp","href":"https:\/\/api.w.org\/{rel}","templated":true}]}}