{"id":3164,"date":"2012-07-20T23:13:09","date_gmt":"2012-07-20T21:13:09","guid":{"rendered":"http:\/\/www1.studentenwerk-magdeburg.de\/?page_id=3164"},"modified":"2024-07-04T06:35:29","modified_gmt":"2024-07-04T05:35:29","slug":"mensa-wernigerode","status":"publish","type":"page","link":"https:\/\/www.studentenwerk-magdeburg.de\/en\/canteens-cafeterias\/mensa-wernigerode\/","title":{"rendered":"Mensa Wernigerode"},"content":{"rendered":"<h1>Mensa Wernigerode<\/h1>\n<p><img decoding=\"async\" class=\"alignright size-large wp-image-11749\" src=\"https:\/\/www.studentenwerk-magdeburg.de\/wp-content\/uploads\/2012\/02\/mensa_wernigerode_2019-300x300.jpg\" alt=\"mensa_wernigerode_2019\" width=\"300\" height=\"300\" srcset=\"https:\/\/www.studentenwerk-magdeburg.de\/wp-content\/uploads\/2012\/02\/mensa_wernigerode_2019-300x300.jpg 300w, https:\/\/www.studentenwerk-magdeburg.de\/wp-content\/uploads\/2012\/02\/mensa_wernigerode_2019-150x150.jpg 150w, https:\/\/www.studentenwerk-magdeburg.de\/wp-content\/uploads\/2012\/02\/mensa_wernigerode_2019-768x768.jpg 768w, https:\/\/www.studentenwerk-magdeburg.de\/wp-content\/uploads\/2012\/02\/mensa_wernigerode_2019-600x600.jpg 600w, https:\/\/www.studentenwerk-magdeburg.de\/wp-content\/uploads\/2012\/02\/mensa_wernigerode_2019-800x800.jpg 800w, https:\/\/www.studentenwerk-magdeburg.de\/wp-content\/uploads\/2012\/02\/mensa_wernigerode_2019-190x190.jpg 190w, https:\/\/www.studentenwerk-magdeburg.de\/wp-content\/uploads\/2012\/02\/mensa_wernigerode_2019-100x100.jpg 100w, https:\/\/www.studentenwerk-magdeburg.de\/wp-content\/uploads\/2012\/02\/mensa_wernigerode_2019.jpg 1200w\" sizes=\"(max-width: 300px) 100vw, 300px\" \/><\/p>\n<p>Friedrichstra\u00dfe 57 &#8211; 59<br \/>\n38855 Wernigerode<\/p>\n<p><a title=\"Campus Wernigerode\" href=\"\/?page_id=1328\">[Location map &amp; info Campus Wernigerode]<\/a><\/p>\n<p><a title=\"Menu\" href=\"\/?page_id=656\">[to the current menu]<\/a><\/p>\n<p>&nbsp;<\/p>\n<p>The canteen is located directly on the campus of the university. From the dining room, the guest has a beautiful view of the park and the Brockenbahn. The Caf\u00e9 au lait in the canteen also offers an extensive breakfast menu. In addition, our coffee flap is open for you in the main building of the university.<\/p>\n<p><strong>For hygienic reasons, only contactless payment is possible. Therefore, no cash is accepted at the cash points. Please use the provided machines to recharge your chipcard.<\/strong><\/p>\n<h3>Opening hours<\/h3>\n<table style=\"width: 100%;\">\n<thead>\n<tr>\n<td colspan=\"2\"><strong>During the lecture period<\/strong><\/td>\n<\/tr>\n<\/thead>\n<tbody>\n<tr>\n<td><strong>Dining room<\/strong><\/td>\n<td style=\"width: 70%;\">Mon &#8211; Thu: 11:00 am &#8211; 02:00 pm<br \/>\nFri: 11:00 am &#8211; 01:30 pm<\/td>\n<\/tr>\n<tr>\n<td><strong><strong>Caf\u00e9 au lait Wernigerode<\/strong><\/strong><\/td>\n<td style=\"width: 70%;\">Mon &#8211; Fri: 07:30 am &#8211; 01:00 pm<\/td>\n<\/tr>\n<tr>\n<td><strong><strong><strong>blub main building<\/strong><\/strong><\/strong><\/td>\n<td style=\"width: 70%;\">opens at July 10<\/td>\n<\/tr>\n<tr>\n<th colspan=\"2\"><strong>During the lecture period<\/strong><\/th>\n<\/tr>\n<tr>\n<td><strong>Dining room<br \/>\n<\/strong><\/td>\n<td style=\"width: 70%;\">Mon &#8211; Fri: 11:00 am &#8211; 01:30 pm (Food serving in the Cafeteria &#8220;Caf\u00e9 au lait&#8221;)<\/td>\n<\/tr>\n<tr>\n<td><strong><strong><strong>Caf\u00e9 au lait Wernigerode<\/strong><\/strong><\/strong><\/td>\n<td style=\"width: 70%;\">Mon &#8211; Fri: 07:30 am &#8211; 11:00 am<\/td>\n<\/tr>\n<tr>\n<td><strong><strong><strong><strong>blub main building<\/strong><\/strong><\/strong><\/strong><\/td>\n<td style=\"width: 70%;\">July 11 &#8211; July 19: 07:45 &#8211; 13:00 Uhr<br \/>\nJuly 22 &#8211; Sep 11: 08:30 &#8211; 13:30 Uhr<\/td>\n<\/tr>\n<\/tbody>\n<\/table>\n<h4><a title=\"Menu\" href=\"\/?page_id=656\">Current menu<\/a><\/h4>\n<div class='mensa'><table><thead><tr><td colspan='3'><strong>Dienstag \/ Tuesday, 28.04.2026<\/strong><\/td><\/tr><\/thead><tbody><tr ><td style='width:80%;'>Gefl\u00fcgel-Hackb\u00e4llchen Toskana mit Mozzarella und Rucola in Tomaten-Basilikumso\u00dfe , Zucchinigem\u00fcse oder Zuckerschoten , Langkornreis oder Kartoffel-Gnocchi<br \/><span class='grau'>poultry meatballs Toscana with mozzarella cheese and arugula in tomato basil sauce , courgette vegetables or sugar snaps , long grain rice or potato gnocchi<\/span><br \/><span class='mensapreis'>(3,90 | 5,60 | 7,00)<\/span><\/td><td style='text-align:right;width:10%;'><div class='mensakennsymb'><img src='\/wp-content\/themes\/swmd2026\/mensasym\/mensasym_gefluegel.png' alt='Symbol Gefl&uuml;gel' title='Symbol Gefl&uuml;gel' height='30' width='30' style='float:right;'\/><\/div><div class='mensakennzahl' style='clear:both;'>(a1) (c) (g) <\/div><\/td><td style='width:10%;'><div class='mensaeaternity'><a href='https:\/\/www.studentenwerk-magdeburg.de\/mensen-cafeterien\/klimabewusst\/'><img class='mensaeaternityimg' src='\/wp-content\/themes\/swmd2026\/mensasym\/swmd_mensa_klima_co2_b.png' alt='Symbol CO2 Stufe B' title='Symbol CO2 Stufe B' \/><\/a><br\/>1315g<\/div><div class='mensaeaternity'><a href='https:\/\/www.studentenwerk-magdeburg.de\/mensen-cafeterien\/klimabewusst\/'><img class='mensaeaternityimg' src='\/wp-content\/themes\/swmd2026\/mensasym\/swmd_mensa_klima_h2o_b.png' alt='Symbol H2O Stufe B' title='Symbol H2O Stufe B' \/><\/a><br\/>81l<\/div><\/td><\/tr><tr ><td style='width:80%;'>Greek Style-Burger mit Gyros , Pommes Frites , mediterrane Gem\u00fcsesalsa<br \/><span class='grau'>'Greek style' burger with gyros , french fries , mediterranean vegetable salsa<\/span><br \/><span class='mensapreis'>(3,80 | 5,50 | 6,90)<\/span><\/td><td style='text-align:right;width:10%;'><div class='mensakennsymb'><img src='\/wp-content\/themes\/swmd2026\/mensasym\/mensasym_knoblauch.png' alt='Symbol Knoblauch' title='Symbol Knoblauch' height='30' width='30' style='float:right;'\/><img src='\/wp-content\/themes\/swmd2026\/mensasym\/mensasym_schwein.png' alt='Symbol Schwein' title='Symbol Schwein' height='30' width='30' style='float:right;'\/><\/div><div class='mensakennzahl' style='clear:both;'>(2) (a1) (c) (g) (i) (k) <\/div><\/td><td style='width:10%;'><div class='mensaeaternity'><a href='https:\/\/www.studentenwerk-magdeburg.de\/mensen-cafeterien\/klimabewusst\/'><img class='mensaeaternityimg' src='\/wp-content\/themes\/swmd2026\/mensasym\/swmd_mensa_klima_co2_a.png' alt='Symbol CO2 Stufe A' title='Symbol CO2 Stufe A' \/><\/a><br\/>1203g<\/div><div class='mensaeaternity'><a href='https:\/\/www.studentenwerk-magdeburg.de\/mensen-cafeterien\/klimabewusst\/'><img class='mensaeaternityimg' src='\/wp-content\/themes\/swmd2026\/mensasym\/swmd_mensa_klima_h2o_a.png' alt='Symbol H2O Stufe A' title='Symbol H2O Stufe A' \/><\/a><br\/>40l<\/div><\/td><\/tr><tr ><td style='width:80%;'><span class='gruen'>Gebackene Fr\u00fchlingsrolle , s\u00fc\u00df-saure Ananas-Curry-Chiliso\u00dfe , asiatische Gem\u00fcse-Bratnudeln<\/span><br \/><span class='grau'><span class='gruen'><\/span>baked spring roll , sweet sour pineapple curry chili sauce , Asian vegetable fried noodles<\/span><br \/><span class='mensapreis'>(3,70 | 5,40 | 6,80)<\/span><\/td><td style='text-align:right;width:10%;'><div class='mensakennsymb'><img src='\/wp-content\/themes\/swmd2026\/mensasym\/mensasym_vegan.png' alt='Symbol vegan' title='Symbol vegan' height='30' width='30' style='float:right;'\/><\/div><div class='mensakennzahl' style='clear:both;'>(2) (3) (9) (a1) (f) (i) <\/div><\/td><td style='width:10%;'><div class='mensaeaternity'><a href='https:\/\/www.studentenwerk-magdeburg.de\/mensen-cafeterien\/klimabewusst\/'><img class='mensaeaternityimg' src='\/wp-content\/themes\/swmd2026\/mensasym\/swmd_mensa_klima_co2_a.png' alt='Symbol CO2 Stufe A' title='Symbol CO2 Stufe A' \/><\/a><br\/>412g<\/div><div class='mensaeaternity'><a href='https:\/\/www.studentenwerk-magdeburg.de\/mensen-cafeterien\/klimabewusst\/'><img class='mensaeaternityimg' src='\/wp-content\/themes\/swmd2026\/mensasym\/swmd_mensa_klima_h2o_a.png' alt='Symbol H2O Stufe A' title='Symbol H2O Stufe A' \/><\/a><br\/>24l<\/div><\/td><\/tr><tr ><td style='width:80%;'><span class='gruen'>Sojageschnetzeltes mit Ananas, Paprika, Karotte, Bambus und Lauch in s\u00fc\u00df-saurer Sauce , Langkornreis<\/span><br \/><span class='grau'><span class='gruen'><\/span>soya strips with pineapple, bell pepper, carrot, bamboo and leek in sweet and sour sauce , long grain rice<\/span><br \/><span class='mensapreis'>(2,00 | 3,80 | 5,20)<\/span><\/td><td style='text-align:right;width:10%;'><div class='mensakennsymb'><img src='\/wp-content\/themes\/swmd2026\/mensasym\/mensasym_vegan.png' alt='Symbol vegan' title='Symbol vegan' height='30' width='30' style='float:right;'\/><\/div><div class='mensakennzahl' style='clear:both;'>(2) (9) (f) <\/div><\/td><td style='width:10%;'><div class='mensaeaternity'><a href='https:\/\/www.studentenwerk-magdeburg.de\/mensen-cafeterien\/klimabewusst\/'><img class='mensaeaternityimg' src='\/wp-content\/themes\/swmd2026\/mensasym\/swmd_mensa_klima_co2_a.png' alt='Symbol CO2 Stufe A' title='Symbol CO2 Stufe A' \/><\/a><br\/>381g<\/div><div class='mensaeaternity'><a href='https:\/\/www.studentenwerk-magdeburg.de\/mensen-cafeterien\/klimabewusst\/'><img class='mensaeaternityimg' src='\/wp-content\/themes\/swmd2026\/mensasym\/swmd_mensa_klima_h2o_a.png' alt='Symbol H2O Stufe A' title='Symbol H2O Stufe A' \/><\/a><br\/>4l<\/div><\/td><\/tr><tr ><td style='width:80%;'><span class='gruen'>Der heutige Lieblingskuchen vom Mensa-Team: Schokoladenkuchen <\/span><br \/><span class='grau'><span class='gruen'><\/span>Today's favourite cake of our Mensa-Team: Chocolate cake <\/span><br \/><span class='mensapreis'>(1,50 | 1,80 | 2,10)<\/span><\/td><td style='text-align:right;width:10%;'><div class='mensakennsymb'><img src='\/wp-content\/themes\/swmd2026\/mensasym\/mensasym_vegetarisch.png' alt='Symbol vegetarisch' title='Symbol vegetarisch' height='30' width='30' style='float:right;'\/><\/div><div class='mensakennzahl' style='clear:both;'>(1) (a1) (c) (f) (g) <\/div><\/td><td style='width:10%;'><div class='mensaeaternity'><a href='https:\/\/www.studentenwerk-magdeburg.de\/mensen-cafeterien\/klimabewusst\/'><img class='mensaeaternityimg' src='\/wp-content\/themes\/swmd2026\/mensasym\/swmd_mensa_klima_co2_b.png' alt='Symbol CO2 Stufe B' title='Symbol CO2 Stufe B' \/><\/a><br\/>923g<\/div><div class='mensaeaternity'><a href='https:\/\/www.studentenwerk-magdeburg.de\/mensen-cafeterien\/klimabewusst\/'><img class='mensaeaternityimg' src='\/wp-content\/themes\/swmd2026\/mensasym\/swmd_mensa_klima_h2o_a.png' alt='Symbol H2O Stufe A' title='Symbol H2O Stufe A' \/><\/a><br\/>17l<\/div><\/td><\/tr><tr ><td style='width:80%;'><span class='gruen'>Portion Pommes Frites, Ketchup oder Mayonnaise , marinierte Blattsalate<\/span><br \/><span class='grau'><span class='gruen'><\/span>Serving of french fries, ketchup or mayonnaise , marinated leaf salads<\/span><br \/><span class='mensapreis'>(2,00 | 3,80 | 5,20)<\/span><\/td><td style='text-align:right;width:10%;'><div class='mensakennsymb'><img src='\/wp-content\/themes\/swmd2026\/mensasym\/mensasym_vegetarisch.png' alt='Symbol vegetarisch' title='Symbol vegetarisch' height='30' width='30' style='float:right;'\/><\/div><div class='mensakennzahl' style='clear:both;'>(3) (c) (j) <\/div><\/td><td style='width:10%;'><div class='mensaeaternity'><a href='https:\/\/www.studentenwerk-magdeburg.de\/mensen-cafeterien\/klimabewusst\/'><img class='mensaeaternityimg' src='\/wp-content\/themes\/swmd2026\/mensasym\/swmd_mensa_klima_co2_a.png' alt='Symbol CO2 Stufe A' title='Symbol CO2 Stufe A' \/><\/a><br\/>487g<\/div><div class='mensaeaternity'><a href='https:\/\/www.studentenwerk-magdeburg.de\/mensen-cafeterien\/klimabewusst\/'><img class='mensaeaternityimg' src='\/wp-content\/themes\/swmd2026\/mensasym\/swmd_mensa_klima_h2o_a.png' alt='Symbol H2O Stufe A' title='Symbol H2O Stufe A' \/><\/a><br\/>3l<\/div><\/td><\/tr><tr ><td style='width:80%;'>Pastabuffet: Gabelspaghetti al Sugo piccante mit Rinderhack und Chili in Gem\u00fcsesugo<br \/><span class='grau'>pasta buffet: cut up shortened spaghetti al Sugo piccante with minced beef and chilli in vegetable sugo<\/span><br \/><span class='mensapreis'>(0,50 | 0,80 | 1,10)<\/span><\/td><td style='text-align:right;width:10%;'><div class='mensakennsymb'><img src='\/wp-content\/themes\/swmd2026\/mensasym\/mensasym_rind.png' alt='Symbol Rind' title='Symbol Rind' height='30' width='30' style='float:right;'\/><\/div><div class='mensakennzahl' style='clear:both;'>(2) (a1) <\/div><\/td><td style='width:10%;'><div class='mensaeaternity'><a href='https:\/\/www.studentenwerk-magdeburg.de\/mensen-cafeterien\/klimabewusst\/'><img class='mensaeaternityimg' src='\/wp-content\/themes\/swmd2026\/mensasym\/swmd_mensa_klima_co2_b.png' alt='Symbol CO2 Stufe B' title='Symbol CO2 Stufe B' \/><\/a><br\/>765g<\/div><div class='mensaeaternity'><a href='https:\/\/www.studentenwerk-magdeburg.de\/mensen-cafeterien\/klimabewusst\/'><img class='mensaeaternityimg' src='\/wp-content\/themes\/swmd2026\/mensasym\/swmd_mensa_klima_h2o_b.png' alt='Symbol H2O Stufe B' title='Symbol H2O Stufe B' \/><\/a><br\/>59l<\/div><\/td><\/tr><tr ><td style='width:80%;'><span class='gruen'>Pastabuffet: Gabelspaghetti al Pomodoro mit fruchtigem Tomaten-Zwiebel-Basilikumsugo<\/span><br \/><span class='grau'><span class='gruen'><\/span>pasta buffet: cut up shortened spaghetti al Pomodoro with fruity tomato-onion-basil sugo<\/span><br \/><span class='mensapreis'>(0,50 | 0,80 | 1,10)<\/span><\/td><td style='text-align:right;width:10%;'><div class='mensakennsymb'><img src='\/wp-content\/themes\/swmd2026\/mensasym\/mensasym_vegan.png' alt='Symbol vegan' title='Symbol vegan' height='30' width='30' style='float:right;'\/><\/div><div class='mensakennzahl' style='clear:both;'>(1) (2) (5) (a1) (l) <\/div><\/td><td style='width:10%;'><div class='mensaeaternity'><a href='https:\/\/www.studentenwerk-magdeburg.de\/mensen-cafeterien\/klimabewusst\/'><img class='mensaeaternityimg' src='\/wp-content\/themes\/swmd2026\/mensasym\/swmd_mensa_klima_co2_a.png' alt='Symbol CO2 Stufe A' title='Symbol CO2 Stufe A' \/><\/a><br\/>257g<\/div><div class='mensaeaternity'><a href='https:\/\/www.studentenwerk-magdeburg.de\/mensen-cafeterien\/klimabewusst\/'><img class='mensaeaternityimg' src='\/wp-content\/themes\/swmd2026\/mensasym\/swmd_mensa_klima_h2o_b.png' alt='Symbol H2O Stufe B' title='Symbol H2O Stufe B' \/><\/a><br\/>53l<\/div><\/td><\/tr><tr ><td style='width:80%;'><span class='gruen'>Pastabuffet: Gabelspaghetti al Formaggio mit Kr\u00e4uter-K\u00e4sesauce<\/span><br \/><span class='grau'><span class='gruen'><\/span>pasta buffet: cut up shortened spaghetti al Formaggio with herb cheese sauce<\/span><br \/><span class='mensapreis'>(0,50 | 0,80 | 1,10)<\/span><\/td><td style='text-align:right;width:10%;'><div class='mensakennsymb'><img src='\/wp-content\/themes\/swmd2026\/mensasym\/mensasym_vegetarisch.png' alt='Symbol vegetarisch' title='Symbol vegetarisch' height='30' width='30' style='float:right;'\/><\/div><div class='mensakennzahl' style='clear:both;'>(1) (2) (a1) (c) (g) <\/div><\/td><td style='width:10%;'><div class='mensaeaternity'><a href='https:\/\/www.studentenwerk-magdeburg.de\/mensen-cafeterien\/klimabewusst\/'><img class='mensaeaternityimg' src='\/wp-content\/themes\/swmd2026\/mensasym\/swmd_mensa_klima_co2_a.png' alt='Symbol CO2 Stufe A' title='Symbol CO2 Stufe A' \/><\/a><br\/>552g<\/div><div class='mensaeaternity'><a href='https:\/\/www.studentenwerk-magdeburg.de\/mensen-cafeterien\/klimabewusst\/'><img class='mensaeaternityimg' src='\/wp-content\/themes\/swmd2026\/mensasym\/swmd_mensa_klima_h2o_a.png' alt='Symbol H2O Stufe A' title='Symbol H2O Stufe A' \/><\/a><br\/>22l<\/div><\/td><\/tr><\/table><\/div><div class='legende'><br \/><b>Preisstaffel:<\/b> Studenten | Bedienstete | G&auml;ste <span class='grau'>\/ price scale: students | staff | guests<\/span><br \/><br \/>\n<b>Zusatzstoffe:<\/b> mit Farbstoff (1), mit Konservierungsstoff (2), mit Antioxidationsmittel (3), mit Geschmacksverst&auml;rker (4), geschwefelt (5), gewachst (6), geschw&auml;rzt (7), mit Phosphat (8), mit S&uuml;&szlig;ungsmitteln (9), enth&auml;lt eine Phenylalaninquelle (10)<br \/>\n<span class='grau'><b>Additives:<\/b> with food colouring (1), with food preservatives (2), with anti-oxidants (3), with flavor enhancer (4), sulfurized (5), waxed (6), blackend (7), with phosphates (8), with sweetener (9), contains phenylalanine (10)<\/span><br \/><br \/>\n<b>Allergene:<\/b> enth&auml;lt Gluten: Weizen (a1), Roggen (a2), Gerste (a3), Hafer (a4), Dinkel (a5), Kamut (a6), enth&auml;lt Krebstiere (b), enth&auml;lt Ei (c), enth&auml;lt Fisch (d), enth&auml;lt Erdn&uuml;sse (e), enth&auml;lt Soja (f), enth&auml;lt Milch\/Milchzucker (g), enth&auml;lt Schalenfr&uuml;chte\/N&uuml;sse: Mandeln (h1), Haseln&uuml;sse (h2), Waln&uuml;sse (h3), Cashewn&uuml;sse (h4), Pecann&uuml;sse (h5), Paran&uuml;sse (h6), enth&auml;lt Sellerie (i), enth&auml;lt Senf (j), enth&auml;lt Sesam (k), enth&auml;lt Sulfit\/Schwefeldioxid (l), enth&auml;lt Lupine (m), Weichtiere (n)<br \/> \n<span class='grau'><b>Allergenic:<\/b> contains cereals containing gluten: wheat (a1), rye (a2), barley (a3), oats (a4), spelt (a5), kamut (a6), contains crustaceans (b), containing eggs (c), contains fish (d), contains penuts (e), contains soy\/soya (f), contains milk\/lactose (g), contains nuts: almonds (h1), hazelnuts (h2), walnuts (h3), cashews (h4), pecan nuts (h5), brazil nuts (h6), pistachios (h7), macadamia nuts (h8), queensland nuts (h9), contains celery (i), contains mustard (j), contains sesame (k), contains sulphite\/sulphur dioxide (l), contains lupin (m), contains molluscs (n)<\/span><br \/><br \/>\n<b>Sonstige Zusatzinformationen:<\/b> kann die Aufmerksamkeit von Kindern beeintr\u00e4chtigen (A), enth&auml;lt Gelatine (P), echtes Karmin (Q), Rindercollagen (R), Schafssaitling (S), tierisches Lab (T)<br \/> \n<span class='grau'><b>Other additional information:<\/b> may impair children's attention (A), contains gelatine (P), cochineal (Q), bovine collagen (R), sheep casing (S), animal rennet (T)<\/span><br \/><br \/>\n<b>Save the meal:<\/b> Verkauf einer begrenzten Portionen-Anzahl zur Abfall-Vermeidung.<br \/> \n<span class='grau'><b>Save the meal:<\/b> sale of a limited number of portions to avoid waste.<\/span><br \/>\n<b>Grab the prep:<\/b> Dieses Gericht steht in unserem W\u00e4rmeschrank bereit - zum Mitnehmen oder zum direkten Genuss vor Ort ohne Wartezeiten an der Essensausgabe.<br \/> \n<span class='grau'><b>Grab the prep:<\/b> This dish is ready in our warming cabinet \u2013 to take away or enjoy straight away without having to wait at the food counter.<\/span><br \/>\nDie als <b>Bio<\/b> ausgelobten Speisekomponenten und -zutaten sind zertifiziert durch Gr\u00fcnstempel DE-\u00d6KO-021.<br \/> \n<span class='grau'>The food components and ingredients advertised as <b>organic<\/b> are certified by Gr\u00fcnstempel DE-\u00d6KO-021.<\/span><br \/>\n\n<\/div>\n","protected":false},"excerpt":{"rendered":"<p>Mensa Wernigerode Friedrichstra\u00dfe 57 &#8211; 59 38855 Wernigerode [Location map &amp; info Campus Wernigerode] [to the current menu] &nbsp; The canteen is located directly on the campus of the university. From the dining room, the guest has a beautiful view of the park and the Brockenbahn. The Caf\u00e9 au lait &hellip; <a href=\"https:\/\/www.studentenwerk-magdeburg.de\/en\/canteens-cafeterias\/mensa-wernigerode\/\">Continue reading <span class=\"meta-nav\">&rarr;<\/span><\/a><\/p>\n","protected":false},"author":15,"featured_media":0,"parent":2012,"menu_order":8,"comment_status":"closed","ping_status":"closed","template":"","meta":{"_mc_calendar":[],"footnotes":""},"class_list":["post-3164","page","type-page","status-publish","hentry"],"_links":{"self":[{"href":"https:\/\/www.studentenwerk-magdeburg.de\/en\/wp-json\/wp\/v2\/pages\/3164","targetHints":{"allow":["GET"]}}],"collection":[{"href":"https:\/\/www.studentenwerk-magdeburg.de\/en\/wp-json\/wp\/v2\/pages"}],"about":[{"href":"https:\/\/www.studentenwerk-magdeburg.de\/en\/wp-json\/wp\/v2\/types\/page"}],"author":[{"embeddable":true,"href":"https:\/\/www.studentenwerk-magdeburg.de\/en\/wp-json\/wp\/v2\/users\/15"}],"replies":[{"embeddable":true,"href":"https:\/\/www.studentenwerk-magdeburg.de\/en\/wp-json\/wp\/v2\/comments?post=3164"}],"version-history":[{"count":20,"href":"https:\/\/www.studentenwerk-magdeburg.de\/en\/wp-json\/wp\/v2\/pages\/3164\/revisions"}],"predecessor-version":[{"id":19031,"href":"https:\/\/www.studentenwerk-magdeburg.de\/en\/wp-json\/wp\/v2\/pages\/3164\/revisions\/19031"}],"up":[{"embeddable":true,"href":"https:\/\/www.studentenwerk-magdeburg.de\/en\/wp-json\/wp\/v2\/pages\/2012"}],"wp:attachment":[{"href":"https:\/\/www.studentenwerk-magdeburg.de\/en\/wp-json\/wp\/v2\/media?parent=3164"}],"curies":[{"name":"wp","href":"https:\/\/api.w.org\/{rel}","templated":true}]}}