{"id":3158,"date":"2012-07-20T23:04:14","date_gmt":"2012-07-20T21:04:14","guid":{"rendered":"http:\/\/www1.studentenwerk-magdeburg.de\/?page_id=3158"},"modified":"2024-09-10T22:11:44","modified_gmt":"2024-09-10T21:11:44","slug":"mensa-halberstadt-menu","status":"publish","type":"page","link":"https:\/\/www.studentenwerk-magdeburg.de\/en\/canteens-cafeterias\/mensa-halberstadt-menu\/","title":{"rendered":"Canteen Menu Mensa DomCafete Halberstadt"},"content":{"rendered":"<h1>Canteen Menu Mensa DomCafete Halberstadt:<\/h1>\n<div class='mensa'>Die Mensa ist am 02.05.2026 geschlossen und &ouml;ffnet wieder am 04.05.2026:<table><thead><tr><td colspan='3'><strong>Montag \/ Monday, 04.05.2026<\/strong><\/td><\/tr><\/thead><tbody><tr ><td style='width:80%;'>Schweineschnitzel Cordon bleu mit Schinken-K\u00e4sef\u00fcllung , Champignon-Rahmsauce , gr\u00fcne Bohnen , Pommes Frites<br \/><span class='grau'>pork escalope cordon bleu with ham cheese filling , champignon cream sauce , green beans , french fries<\/span><br \/><span class='mensapreis'>(3,70 | 5,40 | 6,80)<\/span><\/td><td style='text-align:right;width:10%;'><div class='mensakennsymb'><img src='\/wp-content\/themes\/swmd2026\/mensasym\/mensasym_schwein.png' alt='Symbol Schwein' title='Symbol Schwein' height='30' width='30' style='float:right;'\/><\/div><div class='mensakennzahl' style='clear:both;'>(2) (3) (a1) (g) <\/div><\/td><td style='width:10%;'><div class='mensaeaternity'><a href='https:\/\/www.studentenwerk-magdeburg.de\/mensen-cafeterien\/klimabewusst\/'><img class='mensaeaternityimg' src='\/wp-content\/themes\/swmd2026\/mensasym\/swmd_mensa_klima_co2_b.png' alt='Symbol CO2 Stufe B' title='Symbol CO2 Stufe B' \/><\/a><br\/>1536g<\/div><div class='mensaeaternity'><a href='https:\/\/www.studentenwerk-magdeburg.de\/mensen-cafeterien\/klimabewusst\/'><img class='mensaeaternityimg' src='\/wp-content\/themes\/swmd2026\/mensasym\/swmd_mensa_klima_h2o_a.png' alt='Symbol H2O Stufe A' title='Symbol H2O Stufe A' \/><\/a><br\/>40l<\/div><\/td><\/tr><tr ><td style='width:80%;'><span class='gruen'>4 Eierkuchen , Zucker , Apfelmus<\/span><br \/><span class='grau'><span class='gruen'><\/span>4 pancakes , sugar , apple puree<\/span><br \/><span class='mensapreis'>(2,00 | 3,80 | 5,20)<\/span><\/td><td style='text-align:right;width:10%;'><div class='mensakennsymb'><img src='\/wp-content\/themes\/swmd2026\/mensasym\/mensasym_vegetarisch.png' alt='Symbol vegetarisch' title='Symbol vegetarisch' height='30' width='30' style='float:right;'\/><\/div><div class='mensakennzahl' style='clear:both;'>(3) (a1) (c) (g) <\/div><\/td><td style='width:10%;'><div class='mensaeaternity'><a href='https:\/\/www.studentenwerk-magdeburg.de\/mensen-cafeterien\/klimabewusst\/'><img class='mensaeaternityimg' src='\/wp-content\/themes\/swmd2026\/mensasym\/swmd_mensa_klima_co2_a.png' alt='Symbol CO2 Stufe A' title='Symbol CO2 Stufe A' \/><\/a><br\/>437g<\/div><div class='mensaeaternity'><a href='https:\/\/www.studentenwerk-magdeburg.de\/mensen-cafeterien\/klimabewusst\/'><img class='mensaeaternityimg' src='\/wp-content\/themes\/swmd2026\/mensasym\/swmd_mensa_klima_h2o_a.png' alt='Symbol H2O Stufe A' title='Symbol H2O Stufe A' \/><\/a><br\/>12l<\/div><\/td><\/tr><\/table><table><thead><tr><td colspan='3'><strong>Dienstag \/ Tuesday, 05.05.2026<\/strong><\/td><\/tr><\/thead><tbody><tr ><td style='width:80%;'>Rostbratwurst , Majoransauce , Leipziger Allerlei , Kartoffelstampf<br \/><span class='grau'>roast sausage , marjoram sauce , mixed cream vegetables 'Leipzig style' , mashed potatoes<\/span><br \/><span class='mensapreis'>(2,80 | 4,50 | 5,90)<\/span><\/td><td style='text-align:right;width:10%;'><div class='mensakennsymb'><img src='\/wp-content\/themes\/swmd2026\/mensasym\/mensasym_schwein.png' alt='Symbol Schwein' title='Symbol Schwein' height='30' width='30' style='float:right;'\/><\/div><div class='mensakennzahl' style='clear:both;'>(3) (8) (g) (i) (j) <\/div><\/td><td style='width:10%;'><div class='mensaeaternity'><a href='https:\/\/www.studentenwerk-magdeburg.de\/mensen-cafeterien\/klimabewusst\/'><img class='mensaeaternityimg' src='\/wp-content\/themes\/swmd2026\/mensasym\/swmd_mensa_klima_co2_b.png' alt='Symbol CO2 Stufe B' title='Symbol CO2 Stufe B' \/><\/a><br\/>851g<\/div><div class='mensaeaternity'><a href='https:\/\/www.studentenwerk-magdeburg.de\/mensen-cafeterien\/klimabewusst\/'><img class='mensaeaternityimg' src='\/wp-content\/themes\/swmd2026\/mensasym\/swmd_mensa_klima_h2o_a.png' alt='Symbol H2O Stufe A' title='Symbol H2O Stufe A' \/><\/a><br\/>28l<\/div><\/td><\/tr><tr ><td style='width:80%;'><span class='gruen'>Kartoffel-Blumenkohl-Brokkoliauflauf <\/span><br \/><span class='grau'><span class='gruen'><\/span>potato cauliflower broccoli casserole <\/span><br \/><span class='mensapreis'>(2,00 | 3,80 | 5,20)<\/span><\/td><td style='text-align:right;width:10%;'><div class='mensakennsymb'><img src='\/wp-content\/themes\/swmd2026\/mensasym\/mensasym_vegetarisch.png' alt='Symbol vegetarisch' title='Symbol vegetarisch' height='30' width='30' style='float:right;'\/><\/div><div class='mensakennzahl' style='clear:both;'>(c) (g) <\/div><\/td><td style='width:10%;'><div class='mensaeaternity'><a href='https:\/\/www.studentenwerk-magdeburg.de\/mensen-cafeterien\/klimabewusst\/'><img class='mensaeaternityimg' src='\/wp-content\/themes\/swmd2026\/mensasym\/swmd_mensa_klima_co2_b.png' alt='Symbol CO2 Stufe B' title='Symbol CO2 Stufe B' \/><\/a><br\/>603g<\/div><div class='mensaeaternity'><a href='https:\/\/www.studentenwerk-magdeburg.de\/mensen-cafeterien\/klimabewusst\/'><img class='mensaeaternityimg' src='\/wp-content\/themes\/swmd2026\/mensasym\/swmd_mensa_klima_h2o_a.png' alt='Symbol H2O Stufe A' title='Symbol H2O Stufe A' \/><\/a><br\/>12l<\/div><\/td><\/tr><\/table><table><thead><tr><td colspan='3'><strong>Mittwoch \/ Wednesday, 06.05.2026<\/strong><\/td><\/tr><\/thead><tbody><tr ><td style='width:80%;'>Wurst-Gulasch mit Paprika , Gabelspaghetti<br \/><span class='grau'>sausage goulash with bell pepper , cut up shortened spaghetti<\/span><br \/><span class='mensapreis'>(2,00 | 3,80 | 5,20)<\/span><\/td><td style='text-align:right;width:10%;'><div class='mensakennsymb'><img src='\/wp-content\/themes\/swmd2026\/mensasym\/mensasym_gefluegel.png' alt='Symbol Gefl&uuml;gel' title='Symbol Gefl&uuml;gel' height='30' width='30' style='float:right;'\/><\/div><div class='mensakennzahl' style='clear:both;'>(2) (3) (8) (a1) (R) <\/div><\/td><td style='width:10%;'><div class='mensaeaternity'><a href='https:\/\/www.studentenwerk-magdeburg.de\/mensen-cafeterien\/klimabewusst\/'><img class='mensaeaternityimg' src='\/wp-content\/themes\/swmd2026\/mensasym\/swmd_mensa_klima_co2_a.png' alt='Symbol CO2 Stufe A' title='Symbol CO2 Stufe A' \/><\/a><br\/>553g<\/div><div class='mensaeaternity'><a href='https:\/\/www.studentenwerk-magdeburg.de\/mensen-cafeterien\/klimabewusst\/'><img class='mensaeaternityimg' src='\/wp-content\/themes\/swmd2026\/mensasym\/swmd_mensa_klima_h2o_b.png' alt='Symbol H2O Stufe B' title='Symbol H2O Stufe B' \/><\/a><br\/>45l<\/div><\/td><\/tr><tr ><td style='width:80%;'><span class='gruen'>Sojageschnetzeltes mit Ananas, Paprika, Karotte, Bambus und Lauch in s\u00fc\u00df-saurer Sauce , Langkornreis<\/span><br \/><span class='grau'><span class='gruen'><\/span>soya strips with pineapple, bell pepper, carrot, bamboo and leek in sweet and sour sauce , long grain rice<\/span><br \/><span class='mensapreis'>(2,00 | 3,80 | 5,20)<\/span><\/td><td style='text-align:right;width:10%;'><div class='mensakennsymb'><img src='\/wp-content\/themes\/swmd2026\/mensasym\/mensasym_vegan.png' alt='Symbol vegan' title='Symbol vegan' height='30' width='30' style='float:right;'\/><\/div><div class='mensakennzahl' style='clear:both;'>(2) (9) (f) <\/div><\/td><td style='width:10%;'><div class='mensaeaternity'><a href='https:\/\/www.studentenwerk-magdeburg.de\/mensen-cafeterien\/klimabewusst\/'><img class='mensaeaternityimg' src='\/wp-content\/themes\/swmd2026\/mensasym\/swmd_mensa_klima_co2_a.png' alt='Symbol CO2 Stufe A' title='Symbol CO2 Stufe A' \/><\/a><br\/>381g<\/div><div class='mensaeaternity'><a href='https:\/\/www.studentenwerk-magdeburg.de\/mensen-cafeterien\/klimabewusst\/'><img class='mensaeaternityimg' src='\/wp-content\/themes\/swmd2026\/mensasym\/swmd_mensa_klima_h2o_a.png' alt='Symbol H2O Stufe A' title='Symbol H2O Stufe A' \/><\/a><br\/>4l<\/div><\/td><\/tr><\/table><table><thead><tr><td colspan='3'><strong>Donnerstag \/ Thursday, 07.05.2026<\/strong><\/td><\/tr><\/thead><tbody><tr ><td style='width:80%;'>Rinderhacksteak mit Frischk\u00e4sef\u00fcllung , Thymiansauce , Balkangem\u00fcse , Bratkartoffeln<br \/><span class='grau'>minced beef steak with cream cheese filling , thyme sauce , Balkan vegetables , fried potatoes<\/span><br \/><span class='mensapreis'>(3,70 | 5,40 | 6,80)<\/span><\/td><td style='text-align:right;width:10%;'><div class='mensakennsymb'><img src='\/wp-content\/themes\/swmd2026\/mensasym\/mensasym_knoblauch.png' alt='Symbol Knoblauch' title='Symbol Knoblauch' height='30' width='30' style='float:right;'\/><img src='\/wp-content\/themes\/swmd2026\/mensasym\/mensasym_rind.png' alt='Symbol Rind' title='Symbol Rind' height='30' width='30' style='float:right;'\/><\/div><div class='mensakennzahl' style='clear:both;'>(a1) (c) (g) <\/div><\/td><td style='width:10%;'><div class='mensaeaternity'><a href='https:\/\/www.studentenwerk-magdeburg.de\/mensen-cafeterien\/klimabewusst\/'><img class='mensaeaternityimg' src='\/wp-content\/themes\/swmd2026\/mensasym\/swmd_mensa_klima_co2_b.png' alt='Symbol CO2 Stufe B' title='Symbol CO2 Stufe B' \/><\/a><br\/>1186g<\/div><div class='mensaeaternity'><a href='https:\/\/www.studentenwerk-magdeburg.de\/mensen-cafeterien\/klimabewusst\/'><img class='mensaeaternityimg' src='\/wp-content\/themes\/swmd2026\/mensasym\/swmd_mensa_klima_h2o_a.png' alt='Symbol H2O Stufe A' title='Symbol H2O Stufe A' \/><\/a><br\/>14l<\/div><\/td><\/tr><tr ><td style='width:80%;'><span class='gruen'>One Pot Mac and Cheese - Makkaroni, cremige K\u00e4sesauce, R\u00f6stzwiebeln <\/span><br \/><span class='grau'><span class='gruen'><\/span>One Pot Mac and Chese - macaroni, creamy cheese sauce, fried onions <\/span><br \/><span class='mensapreis'>(2,00 | 3,80 | 5,20)<\/span><\/td><td style='text-align:right;width:10%;'><div class='mensakennsymb'><img src='\/wp-content\/themes\/swmd2026\/mensasym\/mensasym_vegetarisch.png' alt='Symbol vegetarisch' title='Symbol vegetarisch' height='30' width='30' style='float:right;'\/><\/div><div class='mensakennzahl' style='clear:both;'>(1) (a1) (g) <\/div><\/td><td style='width:10%;'><div class='mensaeaternity'><a href='https:\/\/www.studentenwerk-magdeburg.de\/mensen-cafeterien\/klimabewusst\/'><img class='mensaeaternityimg' src='\/wp-content\/themes\/swmd2026\/mensasym\/swmd_mensa_klima_co2_b.png' alt='Symbol CO2 Stufe B' title='Symbol CO2 Stufe B' \/><\/a><br\/>784g<\/div><div class='mensaeaternity'><a href='https:\/\/www.studentenwerk-magdeburg.de\/mensen-cafeterien\/klimabewusst\/'><img class='mensaeaternityimg' src='\/wp-content\/themes\/swmd2026\/mensasym\/swmd_mensa_klima_h2o_a.png' alt='Symbol H2O Stufe A' title='Symbol H2O Stufe A' \/><\/a><br\/>17l<\/div><\/td><\/tr><\/table><table><thead><tr><td colspan='3'><strong>Freitag \/ Friday, 08.05.2026<\/strong><\/td><\/tr><\/thead><tbody><tr ><td style='width:80%;'>Schweinegeschnetzeltes in Estragon-Senfsauce , Fr\u00fchlingsgem\u00fcse , Spirelli-Nudeln<br \/><span class='grau'>pork slices in tarragon mustard sauce , spring vegetables , spirelli noodles<\/span><br \/><span class='mensapreis'>(3,40 | 5,10 | 6,50)<\/span><\/td><td style='text-align:right;width:10%;'><div class='mensakennsymb'><img src='\/wp-content\/themes\/swmd2026\/mensasym\/mensasym_schwein.png' alt='Symbol Schwein' title='Symbol Schwein' height='30' width='30' style='float:right;'\/><\/div><div class='mensakennzahl' style='clear:both;'>(a1) (g) (j) <\/div><\/td><td style='width:10%;'><div class='mensaeaternity'><a href='https:\/\/www.studentenwerk-magdeburg.de\/mensen-cafeterien\/klimabewusst\/'><img class='mensaeaternityimg' src='\/wp-content\/themes\/swmd2026\/mensasym\/swmd_mensa_klima_co2_b.png' alt='Symbol CO2 Stufe B' title='Symbol CO2 Stufe B' \/><\/a><br\/>1352g<\/div><div class='mensaeaternity'><a href='https:\/\/www.studentenwerk-magdeburg.de\/mensen-cafeterien\/klimabewusst\/'><img class='mensaeaternityimg' src='\/wp-content\/themes\/swmd2026\/mensasym\/swmd_mensa_klima_h2o_a.png' alt='Symbol H2O Stufe A' title='Symbol H2O Stufe A' \/><\/a><br\/>41l<\/div><\/td><\/tr><tr ><td style='width:80%;'><span class='gruen'>K\u00e4seschnitzel , Tomatensauce , Spirelli-Nudeln , marinierte Blattsalate<\/span><br \/><span class='grau'><span class='gruen'><\/span>cheese escalope , tomato sauce , spirelli noodles , marinated leaf salads<\/span><br \/><span class='mensapreis'>(3,40 | 5,10 | 6,50)<\/span><\/td><td style='text-align:right;width:10%;'><div class='mensakennsymb'><img src='\/wp-content\/themes\/swmd2026\/mensasym\/mensasym_vegetarisch.png' alt='Symbol vegetarisch' title='Symbol vegetarisch' height='30' width='30' style='float:right;'\/><\/div><div class='mensakennzahl' style='clear:both;'>(a1) (g) <\/div><\/td><td style='width:10%;'><div class='mensaeaternity'><a href='https:\/\/www.studentenwerk-magdeburg.de\/mensen-cafeterien\/klimabewusst\/'><img class='mensaeaternityimg' src='\/wp-content\/themes\/swmd2026\/mensasym\/swmd_mensa_klima_co2_b.png' alt='Symbol CO2 Stufe B' title='Symbol CO2 Stufe B' \/><\/a><br\/>1225g<\/div><div class='mensaeaternity'><a href='https:\/\/www.studentenwerk-magdeburg.de\/mensen-cafeterien\/klimabewusst\/'><img class='mensaeaternityimg' src='\/wp-content\/themes\/swmd2026\/mensasym\/swmd_mensa_klima_h2o_a.png' alt='Symbol H2O Stufe A' title='Symbol H2O Stufe A' \/><\/a><br\/>51l<\/div><\/td><\/tr><\/table><table><thead><tr><td colspan='3'><strong>Montag \/ Monday, 11.05.2026<\/strong><\/td><\/tr><\/thead><tbody><tr ><td style='width:80%;'>Gefl\u00fcgel-Fleischk\u00e4se , Meerrettich-Senfsauce , gr\u00fcne Bohnen , Kartoffelstampf<br \/><span class='grau'>poultry meatloaf , horseradish mustard sauce , green beans , mashed potatoes<\/span><br \/><span class='mensapreis'>(3,40 | 5,10 | 6,50)<\/span><\/td><td style='text-align:right;width:10%;'><div class='mensakennsymb'><img src='\/wp-content\/themes\/swmd2026\/mensasym\/mensasym_gefluegel.png' alt='Symbol Gefl&uuml;gel' title='Symbol Gefl&uuml;gel' height='30' width='30' style='float:right;'\/><\/div><div class='mensakennzahl' style='clear:both;'>(2) (3) (5) (8) (g) (j) (l) <\/div><\/td><td style='width:10%;'><div class='mensaeaternity'><a href='https:\/\/www.studentenwerk-magdeburg.de\/mensen-cafeterien\/klimabewusst\/'><img class='mensaeaternityimg' src='\/wp-content\/themes\/swmd2026\/mensasym\/swmd_mensa_klima_co2_b.png' alt='Symbol CO2 Stufe B' title='Symbol CO2 Stufe B' \/><\/a><br\/>1015g<\/div><div class='mensaeaternity'><a href='https:\/\/www.studentenwerk-magdeburg.de\/mensen-cafeterien\/klimabewusst\/'><img class='mensaeaternityimg' src='\/wp-content\/themes\/swmd2026\/mensasym\/swmd_mensa_klima_h2o_a.png' alt='Symbol H2O Stufe A' title='Symbol H2O Stufe A' \/><\/a><br\/>26l<\/div><\/td><\/tr><tr ><td style='width:80%;'><span class='gruen'>Bunte Sp\u00e4tzle-Gem\u00fcsepfanne mit Gartenkr\u00e4utern und geriebenem Gouda <\/span><br \/><span class='grau'><span class='gruen'><\/span>colourful spaetzle vegetable pan with garden herbs and grated Gouda cheese <\/span><br \/><span class='mensapreis'>(2,00 | 3,80 | 5,20)<\/span><\/td><td style='text-align:right;width:10%;'><div class='mensakennsymb'><img src='\/wp-content\/themes\/swmd2026\/mensasym\/mensasym_vegetarisch.png' alt='Symbol vegetarisch' title='Symbol vegetarisch' height='30' width='30' style='float:right;'\/><\/div><div class='mensakennzahl' style='clear:both;'>(a1) (c) (g) <\/div><\/td><td style='width:10%;'><div class='mensaeaternity'><a href='https:\/\/www.studentenwerk-magdeburg.de\/mensen-cafeterien\/klimabewusst\/'><img class='mensaeaternityimg' src='\/wp-content\/themes\/swmd2026\/mensasym\/swmd_mensa_klima_co2_b.png' alt='Symbol CO2 Stufe B' title='Symbol CO2 Stufe B' \/><\/a><br\/>742g<\/div><div class='mensaeaternity'><a href='https:\/\/www.studentenwerk-magdeburg.de\/mensen-cafeterien\/klimabewusst\/'><img class='mensaeaternityimg' src='\/wp-content\/themes\/swmd2026\/mensasym\/swmd_mensa_klima_h2o_a.png' alt='Symbol H2O Stufe A' title='Symbol H2O Stufe A' \/><\/a><br\/>16l<\/div><\/td><\/tr><\/table><\/div><div class='legende'><br \/><b>Preisstaffel:<\/b> Studenten | Bedienstete | G&auml;ste <span class='grau'>\/ price scale: students | staff | guests<\/span><br \/><br \/>\n<b>Zusatzstoffe:<\/b> mit Farbstoff (1), mit Konservierungsstoff (2), mit Antioxidationsmittel (3), mit Geschmacksverst&auml;rker (4), geschwefelt (5), gewachst (6), geschw&auml;rzt (7), mit Phosphat (8), mit S&uuml;&szlig;ungsmitteln (9), enth&auml;lt eine Phenylalaninquelle (10)<br \/>\n<span class='grau'><b>Additives:<\/b> with food colouring (1), with food preservatives (2), with anti-oxidants (3), with flavor enhancer (4), sulfurized (5), waxed (6), blackend (7), with phosphates (8), with sweetener (9), contains phenylalanine (10)<\/span><br \/><br \/>\n<b>Allergene:<\/b> enth&auml;lt Gluten: Weizen (a1), Roggen (a2), Gerste (a3), Hafer (a4), Dinkel (a5), Kamut (a6), enth&auml;lt Krebstiere (b), enth&auml;lt Ei (c), enth&auml;lt Fisch (d), enth&auml;lt Erdn&uuml;sse (e), enth&auml;lt Soja (f), enth&auml;lt Milch\/Milchzucker (g), enth&auml;lt Schalenfr&uuml;chte\/N&uuml;sse: Mandeln (h1), Haseln&uuml;sse (h2), Waln&uuml;sse (h3), Cashewn&uuml;sse (h4), Pecann&uuml;sse (h5), Paran&uuml;sse (h6), enth&auml;lt Sellerie (i), enth&auml;lt Senf (j), enth&auml;lt Sesam (k), enth&auml;lt Sulfit\/Schwefeldioxid (l), enth&auml;lt Lupine (m), Weichtiere (n)<br \/> \n<span class='grau'><b>Allergenic:<\/b> contains cereals containing gluten: wheat (a1), rye (a2), barley (a3), oats (a4), spelt (a5), kamut (a6), contains crustaceans (b), containing eggs (c), contains fish (d), contains penuts (e), contains soy\/soya (f), contains milk\/lactose (g), contains nuts: almonds (h1), hazelnuts (h2), walnuts (h3), cashews (h4), pecan nuts (h5), brazil nuts (h6), pistachios (h7), macadamia nuts (h8), queensland nuts (h9), contains celery (i), contains mustard (j), contains sesame (k), contains sulphite\/sulphur dioxide (l), contains lupin (m), contains molluscs (n)<\/span><br \/><br \/>\n<b>Sonstige Zusatzinformationen:<\/b> kann die Aufmerksamkeit von Kindern beeintr\u00e4chtigen (A), enth&auml;lt Gelatine (P), echtes Karmin (Q), Rindercollagen (R), Schafssaitling (S), tierisches Lab (T)<br \/> \n<span class='grau'><b>Other additional information:<\/b> may impair children's attention (A), contains gelatine (P), cochineal (Q), bovine collagen (R), sheep casing (S), animal rennet (T)<\/span><br \/><br \/>\n<b>Save the meal:<\/b> Verkauf einer begrenzten Portionen-Anzahl zur Abfall-Vermeidung.<br \/> \n<span class='grau'><b>Save the meal:<\/b> sale of a limited number of portions to avoid waste.<\/span><br \/>\n<b>Grab the prep:<\/b> Dieses Gericht steht in unserem W\u00e4rmeschrank bereit - zum Mitnehmen oder zum direkten Genuss vor Ort ohne Wartezeiten an der Essensausgabe.<br \/> \n<span class='grau'><b>Grab the prep:<\/b> This dish is ready in our warming cabinet \u2013 to take away or enjoy straight away without having to wait at the food counter.<\/span><br \/>\nDie als <b>Bio<\/b> ausgelobten Speisekomponenten und -zutaten sind zertifiziert durch Gr\u00fcnstempel DE-\u00d6KO-021.<br \/> \n<span class='grau'>The food components and ingredients advertised as <b>organic<\/b> are certified by Gr\u00fcnstempel DE-\u00d6KO-021.<\/span><br \/>\n\n<\/div>\n","protected":false},"excerpt":{"rendered":"<p>Canteen Menu Mensa DomCafete Halberstadt:<\/p>\n","protected":false},"author":15,"featured_media":0,"parent":2012,"menu_order":1,"comment_status":"closed","ping_status":"closed","template":"","meta":{"_mc_calendar":[],"footnotes":""},"class_list":["post-3158","page","type-page","status-publish","hentry"],"_links":{"self":[{"href":"https:\/\/www.studentenwerk-magdeburg.de\/en\/wp-json\/wp\/v2\/pages\/3158","targetHints":{"allow":["GET"]}}],"collection":[{"href":"https:\/\/www.studentenwerk-magdeburg.de\/en\/wp-json\/wp\/v2\/pages"}],"about":[{"href":"https:\/\/www.studentenwerk-magdeburg.de\/en\/wp-json\/wp\/v2\/types\/page"}],"author":[{"embeddable":true,"href":"https:\/\/www.studentenwerk-magdeburg.de\/en\/wp-json\/wp\/v2\/users\/15"}],"replies":[{"embeddable":true,"href":"https:\/\/www.studentenwerk-magdeburg.de\/en\/wp-json\/wp\/v2\/comments?post=3158"}],"version-history":[{"count":7,"href":"https:\/\/www.studentenwerk-magdeburg.de\/en\/wp-json\/wp\/v2\/pages\/3158\/revisions"}],"predecessor-version":[{"id":19704,"href":"https:\/\/www.studentenwerk-magdeburg.de\/en\/wp-json\/wp\/v2\/pages\/3158\/revisions\/19704"}],"up":[{"embeddable":true,"href":"https:\/\/www.studentenwerk-magdeburg.de\/en\/wp-json\/wp\/v2\/pages\/2012"}],"wp:attachment":[{"href":"https:\/\/www.studentenwerk-magdeburg.de\/en\/wp-json\/wp\/v2\/media?parent=3158"}],"curies":[{"name":"wp","href":"https:\/\/api.w.org\/{rel}","templated":true}]}}