{"id":3151,"date":"2012-07-20T22:56:07","date_gmt":"2012-07-20T20:56:07","guid":{"rendered":"http:\/\/www1.studentenwerk-magdeburg.de\/?page_id=3151"},"modified":"2023-10-05T07:55:53","modified_gmt":"2023-10-05T06:55:53","slug":"mensa-stendal","status":"publish","type":"page","link":"https:\/\/www.studentenwerk-magdeburg.de\/en\/canteens-cafeterias\/mensa-stendal\/","title":{"rendered":"Mensa Stendal"},"content":{"rendered":"<h1>Mensa Stendal<\/h1>\n<p><img decoding=\"async\" class=\"alignright size-large wp-image-11755\" src=\"https:\/\/www.studentenwerk-magdeburg.de\/wp-content\/uploads\/2012\/06\/mensa_stendal_2019-300x300.jpg\" alt=\"mensa_stendal_2019\" width=\"300\" height=\"300\" srcset=\"https:\/\/www.studentenwerk-magdeburg.de\/wp-content\/uploads\/2012\/06\/mensa_stendal_2019-300x300.jpg 300w, https:\/\/www.studentenwerk-magdeburg.de\/wp-content\/uploads\/2012\/06\/mensa_stendal_2019-150x150.jpg 150w, https:\/\/www.studentenwerk-magdeburg.de\/wp-content\/uploads\/2012\/06\/mensa_stendal_2019-768x768.jpg 768w, https:\/\/www.studentenwerk-magdeburg.de\/wp-content\/uploads\/2012\/06\/mensa_stendal_2019-600x600.jpg 600w, https:\/\/www.studentenwerk-magdeburg.de\/wp-content\/uploads\/2012\/06\/mensa_stendal_2019-800x800.jpg 800w, https:\/\/www.studentenwerk-magdeburg.de\/wp-content\/uploads\/2012\/06\/mensa_stendal_2019-190x190.jpg 190w, https:\/\/www.studentenwerk-magdeburg.de\/wp-content\/uploads\/2012\/06\/mensa_stendal_2019-100x100.jpg 100w, https:\/\/www.studentenwerk-magdeburg.de\/wp-content\/uploads\/2012\/06\/mensa_stendal_2019.jpg 1200w\" sizes=\"(max-width: 300px) 100vw, 300px\" \/> Osterburger Str. 25<br \/>\n39567 Stendal<\/p>\n<p><a title=\"Campus Stendal\" href=\"\/?page_id=1326\">[Location Map &amp; Infos Campus Stendal]<\/a><\/p>\n<p><strong><a title=\"Menu\" href=\"\/?page_id=1676\">[to the current menu]<\/a><\/strong><\/p>\n<p>On the Stendal campus, the canteen and the integrated caf\u00e9 with 80 seats invite you to linger.<\/p>\n<h3>Opening hours<\/h3>\n<table style=\"width: 100%;\">\n<thead>\n<tr>\n<td colspan=\"2\"><strong>During the lecture and examination period<\/strong><\/td>\n<\/tr>\n<\/thead>\n<tbody>\n<tr>\n<td style=\"width: 30%;\"><strong>Dining room<\/strong><\/td>\n<td style=\"width: 70%;\">Mon &#8211; Fri: 11:15 am &#8211; 02:15 pm<br \/>\nSat: 12:00 pm &#8211; 01:30 pm<\/td>\n<\/tr>\n<tr>\n<td style=\"width: 30%;\"><strong>Caf\u00e9 Stendal <\/strong><\/td>\n<td style=\"width: 70%;\">\n<p>Mon &#8211; Fri: 09:30 am &#8211; 02:15 pm, food is available at the Mensa<\/p>\n<\/td>\n<\/tr>\n<tr>\n<th colspan=\"2\"><strong>Outside the lecture and examination period<\/strong><\/th>\n<\/tr>\n<tr>\n<td style=\"width: 30%;\"><strong>Dining room<\/strong><\/td>\n<td style=\"width: 70%;\">closed<\/td>\n<\/tr>\n<tr>\n<td style=\"width: 30%;\"><strong>Caf\u00e9 Stendal <\/strong><\/td>\n<td style=\"width: 70%;\">closed<\/td>\n<\/tr>\n<\/tbody>\n<\/table>\n<h3><a title=\"Menu\" href=\"\/?page_id=1676\">Current menu<\/a><\/h3>\n<div class='mensa'>Die Mensa ist am 26.04.2026 geschlossen und &ouml;ffnet wieder am 27.04.2026:<table><thead><tr><td colspan='3'><strong>Montag \/ Monday, 27.04.2026<\/strong><\/td><\/tr><\/thead><tbody><tr ><td style='width:80%;'><span class='gruen'>Gem\u00fcse-R\u00f6sti-B\u00e4llchen mit Schnittlauch-Frischk\u00e4se-F\u00fcllung , Tomaten-Gurkendip , Radieschensalat<\/span><br \/><span class='grau'><span class='gruen'><\/span>vegetables r\u00f6sti balls with chives cream cheese filling , tomato cucumber dip , radish salad<\/span><br \/><span class='mensapreis'>(4,30 | 6,00 | 7,40)<\/span><\/td><td style='text-align:right;width:10%;'><div class='mensakennsymb'><img src='\/wp-content\/themes\/swmd2026\/mensasym\/mensasym_knoblauch.png' alt='Symbol Knoblauch' title='Symbol Knoblauch' height='30' width='30' style='float:right;'\/><img src='\/wp-content\/themes\/swmd2026\/mensasym\/mensasym_vegetarisch.png' alt='Symbol vegetarisch' title='Symbol vegetarisch' height='30' width='30' style='float:right;'\/><\/div><div class='mensakennzahl' style='clear:both;'>(g) (j) <\/div><\/td><td style='width:10%;'><div class='mensaeaternity'><a href='https:\/\/www.studentenwerk-magdeburg.de\/mensen-cafeterien\/klimabewusst\/'><img class='mensaeaternityimg' src='\/wp-content\/themes\/swmd2026\/mensasym\/swmd_mensa_klima_co2_b.png' alt='Symbol CO2 Stufe B' title='Symbol CO2 Stufe B' \/><\/a><br\/>618g<\/div><div class='mensaeaternity'><a href='https:\/\/www.studentenwerk-magdeburg.de\/mensen-cafeterien\/klimabewusst\/'><img class='mensaeaternityimg' src='\/wp-content\/themes\/swmd2026\/mensasym\/swmd_mensa_klima_h2o_b.png' alt='Symbol H2O Stufe B' title='Symbol H2O Stufe B' \/><\/a><br\/>32l<\/div><\/td><\/tr><tr ><td style='width:80%;'>Bombay Bowl - Tandoori Chicken, Raita, Kichererbsen-Blumenkohlsalat, Sesam-Spinat, Cashewkerne <br \/><span class='grau'>Bombay bowl - Tandoori chicken, raita, chickpea cauliflower salad, sesame spinach and cashews <\/span><br \/><span class='mensapreis'>(3,90 | 5,60 | 7,00)<\/span><\/td><td style='text-align:right;width:10%;'><div class='mensakennsymb'><img src='\/wp-content\/themes\/swmd2026\/mensasym\/mensasym_gefluegel.png' alt='Symbol Gefl&uuml;gel' title='Symbol Gefl&uuml;gel' height='30' width='30' style='float:right;'\/><img src='\/wp-content\/themes\/swmd2026\/mensasym\/mensasym_knoblauch.png' alt='Symbol Knoblauch' title='Symbol Knoblauch' height='30' width='30' style='float:right;'\/><\/div><div class='mensakennzahl' style='clear:both;'>(1) (2) (3) (5) (g) (h4) (j) (k) (l) <\/div><\/td><td style='width:10%;'><div class='mensaeaternity'><a href='https:\/\/www.studentenwerk-magdeburg.de\/mensen-cafeterien\/klimabewusst\/'><img class='mensaeaternityimg' src='\/wp-content\/themes\/swmd2026\/mensasym\/swmd_mensa_klima_co2_b.png' alt='Symbol CO2 Stufe B' title='Symbol CO2 Stufe B' \/><\/a><br\/>1360g<\/div><div class='mensaeaternity'><a href='https:\/\/www.studentenwerk-magdeburg.de\/mensen-cafeterien\/klimabewusst\/'><img class='mensaeaternityimg' src='\/wp-content\/themes\/swmd2026\/mensasym\/swmd_mensa_klima_h2o_c.png' alt='Symbol H2O Stufe C' title='Symbol H2O Stufe C' \/><\/a><br\/>137l<\/div><\/td><\/tr><tr ><td style='width:80%;'>Schweineschnitzel , Rahmsauce , Fr\u00fchlingsgem\u00fcse , Pommes Frites oder Salzkartoffeln<br \/><span class='grau'>pork escalope with breading , cream sauce , spring vegetables , french fries or salt potatoes<\/span><br \/><span class='mensapreis'>(3,70 | 5,40 | 6,80)<\/span><\/td><td style='text-align:right;width:10%;'><div class='mensakennsymb'><img src='\/wp-content\/themes\/swmd2026\/mensasym\/mensasym_schwein.png' alt='Symbol Schwein' title='Symbol Schwein' height='30' width='30' style='float:right;'\/><\/div><div class='mensakennzahl' style='clear:both;'>(a1) (c) (g) <\/div><\/td><td style='width:10%;'><div class='mensaeaternity'><a href='https:\/\/www.studentenwerk-magdeburg.de\/mensen-cafeterien\/klimabewusst\/'><img class='mensaeaternityimg' src='\/wp-content\/themes\/swmd2026\/mensasym\/swmd_mensa_klima_co2_c.png' alt='Symbol CO2 Stufe C' title='Symbol CO2 Stufe C' \/><\/a><br\/>1927g<\/div><div class='mensaeaternity'><a href='https:\/\/www.studentenwerk-magdeburg.de\/mensen-cafeterien\/klimabewusst\/'><img class='mensaeaternityimg' src='\/wp-content\/themes\/swmd2026\/mensasym\/swmd_mensa_klima_h2o_b.png' alt='Symbol H2O Stufe B' title='Symbol H2O Stufe B' \/><\/a><br\/>59l<\/div><\/td><\/tr><tr ><td style='width:80%;'><span class='gruen'>Portion Pommes Frites, Ketchup oder Mayonnaise , marinierte Blattsalate<\/span><br \/><span class='grau'><span class='gruen'><\/span>Serving of french fries, ketchup or mayonnaise , marinated leaf salads<\/span><br \/><span class='mensapreis'>(2,00 | 3,80 | 5,20)<\/span><\/td><td style='text-align:right;width:10%;'><div class='mensakennsymb'><img src='\/wp-content\/themes\/swmd2026\/mensasym\/mensasym_vegetarisch.png' alt='Symbol vegetarisch' title='Symbol vegetarisch' height='30' width='30' style='float:right;'\/><\/div><div class='mensakennzahl' style='clear:both;'>(3) (c) (j) <\/div><\/td><td style='width:10%;'><div class='mensaeaternity'><a href='https:\/\/www.studentenwerk-magdeburg.de\/mensen-cafeterien\/klimabewusst\/'><img class='mensaeaternityimg' src='\/wp-content\/themes\/swmd2026\/mensasym\/swmd_mensa_klima_co2_a.png' alt='Symbol CO2 Stufe A' title='Symbol CO2 Stufe A' \/><\/a><br\/>487g<\/div><div class='mensaeaternity'><a href='https:\/\/www.studentenwerk-magdeburg.de\/mensen-cafeterien\/klimabewusst\/'><img class='mensaeaternityimg' src='\/wp-content\/themes\/swmd2026\/mensasym\/swmd_mensa_klima_h2o_a.png' alt='Symbol H2O Stufe A' title='Symbol H2O Stufe A' \/><\/a><br\/>3l<\/div><\/td><\/tr><tr ><td style='width:80%;'>Pastabuffet: Penne Rigate al Sugo piccante mit Rinderhack und Chili in Gem\u00fcsesugo<br \/><span class='grau'>pasta buffet: penne rigate al Sugo piccante with minced beef and chilli in vegetable sugo<\/span><br \/><span class='mensapreis'>(0,50 | 0,80 | 1,10)<\/span><\/td><td style='text-align:right;width:10%;'><div class='mensakennsymb'><img src='\/wp-content\/themes\/swmd2026\/mensasym\/mensasym_rind.png' alt='Symbol Rind' title='Symbol Rind' height='30' width='30' style='float:right;'\/><\/div><div class='mensakennzahl' style='clear:both;'>(2) (a1) <\/div><\/td><td style='width:10%;'><div class='mensaeaternity'><a href='https:\/\/www.studentenwerk-magdeburg.de\/mensen-cafeterien\/klimabewusst\/'><img class='mensaeaternityimg' src='\/wp-content\/themes\/swmd2026\/mensasym\/swmd_mensa_klima_co2_b.png' alt='Symbol CO2 Stufe B' title='Symbol CO2 Stufe B' \/><\/a><br\/>806g<\/div><div class='mensaeaternity'><a href='https:\/\/www.studentenwerk-magdeburg.de\/mensen-cafeterien\/klimabewusst\/'><img class='mensaeaternityimg' src='\/wp-content\/themes\/swmd2026\/mensasym\/swmd_mensa_klima_h2o_b.png' alt='Symbol H2O Stufe B' title='Symbol H2O Stufe B' \/><\/a><br\/>50l<\/div><\/td><\/tr><tr ><td style='width:80%;'><span class='gruen'>Pastabuffet: Gabelspaghetti mit Tomatensauce<\/span><br \/><span class='grau'><span class='gruen'><\/span>pasta buffet: cut up shortened spaghetti with tomato sauce<\/span><br \/><span class='mensapreis'>(0,50 | 0,80 | 1,10)<\/span><\/td><td style='text-align:right;width:10%;'><div class='mensakennsymb'><img src='\/wp-content\/themes\/swmd2026\/mensasym\/mensasym_vegetarisch.png' alt='Symbol vegetarisch' title='Symbol vegetarisch' height='30' width='30' style='float:right;'\/><\/div><div class='mensakennzahl' style='clear:both;'>(a1) (g) <\/div><\/td><td style='width:10%;'><div class='mensaeaternity'><a href='https:\/\/www.studentenwerk-magdeburg.de\/mensen-cafeterien\/klimabewusst\/'><img class='mensaeaternityimg' src='\/wp-content\/themes\/swmd2026\/mensasym\/swmd_mensa_klima_co2_a.png' alt='Symbol CO2 Stufe A' title='Symbol CO2 Stufe A' \/><\/a><br\/>326g<\/div><div class='mensaeaternity'><a href='https:\/\/www.studentenwerk-magdeburg.de\/mensen-cafeterien\/klimabewusst\/'><img class='mensaeaternityimg' src='\/wp-content\/themes\/swmd2026\/mensasym\/swmd_mensa_klima_h2o_a.png' alt='Symbol H2O Stufe A' title='Symbol H2O Stufe A' \/><\/a><br\/>17l<\/div><\/td><\/tr><\/table><\/div><div class='legende'><br \/><b>Preisstaffel:<\/b> Studenten | Bedienstete | G&auml;ste <span class='grau'>\/ price scale: students | staff | guests<\/span><br \/><br \/>\n<b>Zusatzstoffe:<\/b> mit Farbstoff (1), mit Konservierungsstoff (2), mit Antioxidationsmittel (3), mit Geschmacksverst&auml;rker (4), geschwefelt (5), gewachst (6), geschw&auml;rzt (7), mit Phosphat (8), mit S&uuml;&szlig;ungsmitteln (9), enth&auml;lt eine Phenylalaninquelle (10)<br \/>\n<span class='grau'><b>Additives:<\/b> with food colouring (1), with food preservatives (2), with anti-oxidants (3), with flavor enhancer (4), sulfurized (5), waxed (6), blackend (7), with phosphates (8), with sweetener (9), contains phenylalanine (10)<\/span><br \/><br \/>\n<b>Allergene:<\/b> enth&auml;lt Gluten: Weizen (a1), Roggen (a2), Gerste (a3), Hafer (a4), Dinkel (a5), Kamut (a6), enth&auml;lt Krebstiere (b), enth&auml;lt Ei (c), enth&auml;lt Fisch (d), enth&auml;lt Erdn&uuml;sse (e), enth&auml;lt Soja (f), enth&auml;lt Milch\/Milchzucker (g), enth&auml;lt Schalenfr&uuml;chte\/N&uuml;sse: Mandeln (h1), Haseln&uuml;sse (h2), Waln&uuml;sse (h3), Cashewn&uuml;sse (h4), Pecann&uuml;sse (h5), Paran&uuml;sse (h6), enth&auml;lt Sellerie (i), enth&auml;lt Senf (j), enth&auml;lt Sesam (k), enth&auml;lt Sulfit\/Schwefeldioxid (l), enth&auml;lt Lupine (m), Weichtiere (n)<br \/> \n<span class='grau'><b>Allergenic:<\/b> contains cereals containing gluten: wheat (a1), rye (a2), barley (a3), oats (a4), spelt (a5), kamut (a6), contains crustaceans (b), containing eggs (c), contains fish (d), contains penuts (e), contains soy\/soya (f), contains milk\/lactose (g), contains nuts: almonds (h1), hazelnuts (h2), walnuts (h3), cashews (h4), pecan nuts (h5), brazil nuts (h6), pistachios (h7), macadamia nuts (h8), queensland nuts (h9), contains celery (i), contains mustard (j), contains sesame (k), contains sulphite\/sulphur dioxide (l), contains lupin (m), contains molluscs (n)<\/span><br \/><br \/>\n<b>Sonstige Zusatzinformationen:<\/b> kann die Aufmerksamkeit von Kindern beeintr\u00e4chtigen (A), enth&auml;lt Gelatine (P), echtes Karmin (Q), Rindercollagen (R), Schafssaitling (S), tierisches Lab (T)<br \/> \n<span class='grau'><b>Other additional information:<\/b> may impair children's attention (A), contains gelatine (P), cochineal (Q), bovine collagen (R), sheep casing (S), animal rennet (T)<\/span><br \/><br \/>\n<b>Save the meal:<\/b> Verkauf einer begrenzten Portionen-Anzahl zur Abfall-Vermeidung.<br \/> \n<span class='grau'><b>Save the meal:<\/b> sale of a limited number of portions to avoid waste.<\/span><br \/>\n<b>Grab the prep:<\/b> Dieses Gericht steht in unserem W\u00e4rmeschrank bereit - zum Mitnehmen oder zum direkten Genuss vor Ort ohne Wartezeiten an der Essensausgabe.<br \/> \n<span class='grau'><b>Grab the prep:<\/b> This dish is ready in our warming cabinet \u2013 to take away or enjoy straight away without having to wait at the food counter.<\/span><br \/>\nDie als <b>Bio<\/b> ausgelobten Speisekomponenten und -zutaten sind zertifiziert durch Gr\u00fcnstempel DE-\u00d6KO-021.<br \/> \n<span class='grau'>The food components and ingredients advertised as <b>organic<\/b> are certified by Gr\u00fcnstempel DE-\u00d6KO-021.<\/span><br \/>\n\n<\/div>\n","protected":false},"excerpt":{"rendered":"<p>Mensa Stendal Osterburger Str. 25 39567 Stendal [Location Map &amp; Infos Campus Stendal] [to the current menu] On the Stendal campus, the canteen and the integrated caf\u00e9 with 80 seats invite you to linger. Opening hours During the lecture and examination period Dining room Mon &#8211; Fri: 11:15 am &#8211; &hellip; <a href=\"https:\/\/www.studentenwerk-magdeburg.de\/en\/canteens-cafeterias\/mensa-stendal\/\">Continue reading <span class=\"meta-nav\">&rarr;<\/span><\/a><\/p>\n","protected":false},"author":15,"featured_media":0,"parent":2012,"menu_order":4,"comment_status":"closed","ping_status":"closed","template":"","meta":{"_mc_calendar":[],"footnotes":""},"class_list":["post-3151","page","type-page","status-publish","hentry"],"_links":{"self":[{"href":"https:\/\/www.studentenwerk-magdeburg.de\/en\/wp-json\/wp\/v2\/pages\/3151","targetHints":{"allow":["GET"]}}],"collection":[{"href":"https:\/\/www.studentenwerk-magdeburg.de\/en\/wp-json\/wp\/v2\/pages"}],"about":[{"href":"https:\/\/www.studentenwerk-magdeburg.de\/en\/wp-json\/wp\/v2\/types\/page"}],"author":[{"embeddable":true,"href":"https:\/\/www.studentenwerk-magdeburg.de\/en\/wp-json\/wp\/v2\/users\/15"}],"replies":[{"embeddable":true,"href":"https:\/\/www.studentenwerk-magdeburg.de\/en\/wp-json\/wp\/v2\/comments?post=3151"}],"version-history":[{"count":21,"href":"https:\/\/www.studentenwerk-magdeburg.de\/en\/wp-json\/wp\/v2\/pages\/3151\/revisions"}],"predecessor-version":[{"id":18035,"href":"https:\/\/www.studentenwerk-magdeburg.de\/en\/wp-json\/wp\/v2\/pages\/3151\/revisions\/18035"}],"up":[{"embeddable":true,"href":"https:\/\/www.studentenwerk-magdeburg.de\/en\/wp-json\/wp\/v2\/pages\/2012"}],"wp:attachment":[{"href":"https:\/\/www.studentenwerk-magdeburg.de\/en\/wp-json\/wp\/v2\/media?parent=3151"}],"curies":[{"name":"wp","href":"https:\/\/api.w.org\/{rel}","templated":true}]}}