{"id":3106,"date":"2012-07-20T13:24:12","date_gmt":"2012-07-20T11:24:12","guid":{"rendered":"http:\/\/www1.studentenwerk-magdeburg.de\/?page_id=3106"},"modified":"2019-10-30T20:36:38","modified_gmt":"2019-10-30T18:36:38","slug":"canteenfeedback","status":"publish","type":"page","link":"https:\/\/www.studentenwerk-magdeburg.de\/en\/canteens-cafeterias\/canteenfeedback\/","title":{"rendered":"CanteenFeedback"},"content":{"rendered":"<h1>My feedback about the following canteen of the Studentenwerk Magdeburg:<\/h1>\n<p>&nbsp;<\/p>\n\n<div class=\"wpcf7 no-js\" id=\"wpcf7-f1960-o1\" lang=\"en-US\" dir=\"ltr\" data-wpcf7-id=\"1960\">\n<div class=\"screen-reader-response\"><p role=\"status\" aria-live=\"polite\" aria-atomic=\"true\"><\/p> <ul><\/ul><\/div>\n<form action=\"\/en\/wp-json\/wp\/v2\/pages\/3106#wpcf7-f1960-o1\" method=\"post\" class=\"wpcf7-form init\" aria-label=\"Contact form\" novalidate=\"novalidate\" data-status=\"init\">\n<fieldset class=\"hidden-fields-container\"><input type=\"hidden\" name=\"_wpcf7\" value=\"1960\" \/><input type=\"hidden\" name=\"_wpcf7_version\" value=\"6.1.6\" \/><input type=\"hidden\" name=\"_wpcf7_locale\" value=\"en_US\" \/><input type=\"hidden\" name=\"_wpcf7_unit_tag\" value=\"wpcf7-f1960-o1\" \/><input type=\"hidden\" name=\"_wpcf7_container_post\" value=\"0\" \/><input type=\"hidden\" name=\"_wpcf7_posted_data_hash\" value=\"\" \/>\n<\/fieldset>\n<p><label>Mensa<span class=\"grau\"> \/ Canteen:<\/span><br \/>\n<span class=\"wpcf7-form-control-wrap\" data-name=\"mensa\"><select class=\"wpcf7-form-control wpcf7-select wpcf7-validates-as-required\" aria-required=\"true\" aria-invalid=\"false\" name=\"mensa\"><option value=\"UniCampus Magdeburg\">UniCampus Magdeburg<\/option><option value=\"Herrenkrug Magdeburg\">Herrenkrug Magdeburg<\/option><option value=\"Stendal\">Stendal<\/option><option value=\"DomCafete Halberstadt\">DomCafete Halberstadt<\/option><option value=\"Wernigerode\">Wernigerode<\/option><option value=\"Kellercaf\u00e9 Magdeburg\">Kellercaf\u00e9 Magdeburg<\/option><option value=\"PIER 16 Magdeburg\">PIER 16 Magdeburg<\/option><\/select><\/span><\/label>\n<\/p>\n<p><label>Ich bewerte meinen Besuch am*:<span class=\"grau\"> \/ I rate my meal on*: <\/span><br \/>\n<span class=\"wpcf7-form-control-wrap\" data-name=\"datum\"><input class=\"wpcf7-form-control wpcf7-date wpcf7-validates-as-required wpcf7-validates-as-date\" min=\"2025-01-01\" max=\"2028-12-31\" aria-required=\"true\" aria-invalid=\"false\" value=\"\" type=\"date\" name=\"datum\" \/><\/span><\/label><br \/>\n<label>Die Wartezeit am o.g. Tag empfand ich als:<span class=\"grau\"> \/ The waiting time that day was: <\/span><br \/>\n<span class=\"wpcf7-form-control-wrap\" data-name=\"wartezeit\"><select class=\"wpcf7-form-control wpcf7-select wpcf7-validates-as-required\" aria-required=\"true\" aria-invalid=\"false\" name=\"wartezeit\"><option value=\"kurz \/ short\">kurz \/ short<\/option><option value=\"angemessen \/ ok\">angemessen \/ ok<\/option><option value=\"lang \/ long\">lang \/ long<\/option><option value=\"viel zu lang \/  too long\">viel zu lang \/  too long<\/option><\/select><\/span><\/label><br \/>\n<label>Ich habe folgendes Gericht (ggf. auch Dessert) gegessen*:<span class=\"grau\"> \/ I've eaten the following dish*: <\/span><br \/>\n<span class=\"wpcf7-form-control-wrap\" data-name=\"gericht\"><input size=\"60\" maxlength=\"60\" class=\"wpcf7-form-control wpcf7-text wpcf7-validates-as-required\" aria-required=\"true\" aria-invalid=\"false\" value=\"\" type=\"text\" name=\"gericht\" \/><\/span><\/label><br \/>\n<label>Dieses Gericht schmeckte:<span class=\"grau\"> \/ This dish tasted: <\/span><br \/>\n<span class=\"wpcf7-form-control-wrap\" data-name=\"geschmack\"><select class=\"wpcf7-form-control wpcf7-select wpcf7-validates-as-required\" aria-required=\"true\" aria-invalid=\"false\" name=\"geschmack\"><option value=\"sehr gut \/ very good\">sehr gut \/ very good<\/option><option value=\"gut \/ good\">gut \/ good<\/option><option value=\"weniger gut \/ less good\">weniger gut \/ less good<\/option><option value=\"schlecht \/ bad\">schlecht \/ bad<\/option><\/select><\/span><\/label><br \/>\n<label>Folgende weitere Anregungen\/Hinweise m\u00f6chte ich dazu mitteilen: <span class=\"grau\">\/ Your message:<\/span><br \/>\n<span class=\"wpcf7-form-control-wrap\" data-name=\"nachricht\"><textarea cols=\"50\" rows=\"5\" maxlength=\"2000\" class=\"wpcf7-form-control wpcf7-textarea\" aria-invalid=\"false\" name=\"nachricht\"><\/textarea><\/span><\/label>\n<\/p>\n<h2>Angaben zum Absender:\n<\/h2>\n<p><label>Nachname*:<span class=\"grau\"> \/ family name*: <\/span><br \/>\n<span class=\"wpcf7-form-control-wrap\" data-name=\"nachname\"><input size=\"60\" maxlength=\"60\" class=\"wpcf7-form-control wpcf7-text wpcf7-validates-as-required\" aria-required=\"true\" aria-invalid=\"false\" value=\"\" type=\"text\" name=\"nachname\" \/><\/span><\/label><br \/>\n<label>Vorname*:<span class=\"grau\"> \/ first name*:<\/span><br \/>\n<span class=\"wpcf7-form-control-wrap\" data-name=\"vorname\"><input size=\"60\" maxlength=\"60\" class=\"wpcf7-form-control wpcf7-text wpcf7-validates-as-required\" aria-required=\"true\" aria-invalid=\"false\" value=\"\" type=\"text\" name=\"vorname\" \/><\/span><\/label><br \/>\n<label>E-Mail*:<span class=\"grau\"> \/ email*:<\/span><br \/>\n<span class=\"wpcf7-form-control-wrap\" data-name=\"email1\"><input size=\"60\" maxlength=\"60\" class=\"wpcf7-form-control wpcf7-email wpcf7-validates-as-required wpcf7-text wpcf7-validates-as-email\" aria-required=\"true\" aria-invalid=\"false\" value=\"\" type=\"email\" name=\"email1\" \/><\/span><\/label><br \/>\n<label>E-Mail wiederholen*:<span class=\"grau\"> \/ confirm email*:<\/span><br \/>\n<span class=\"wpcf7-form-control-wrap\" data-name=\"email2\"><input size=\"60\" maxlength=\"60\" class=\"wpcf7-form-control wpcf7-email wpcf7-validates-as-required wpcf7-text wpcf7-validates-as-email\" aria-required=\"true\" aria-invalid=\"false\" value=\"\" type=\"email\" name=\"email2\" \/><\/span><\/label>\n<\/p>\n<p>&nbsp;\n<\/p>\n<p>Spamschutz: Gibt das Ergebnis der folgenden Rechenaufgabe als Zahl in das Textfeld darunter ein.* <span class=\"grau\">\/ Spam protection: Enter the result of the following calculation as a number in the text field below.*<\/span><br \/>\n<span class=\"wpcf7-form-control-wrap\" data-name=\"random-math-quiz\"><label><span class=\"wpcf7-quiz-label\">Wieviel ist drei minus zwei? \/ How much is three minus two?<\/span> <input size=\"40\" class=\"wpcf7-form-control wpcf7-quiz\" autocomplete=\"off\" aria-required=\"true\" aria-invalid=\"false\" type=\"text\" name=\"random-math-quiz\" \/><\/label><input type=\"hidden\" name=\"_wpcf7_quiz_answer_random-math-quiz\" value=\"903ee3e1a9593d09134c8da2f5120328\" \/><\/span>\n<\/p>\n<p>&nbsp;\n<\/p>\n<div class=\"dsgvo\">\n\t<p><label>Einwilligungserkl\u00e4rung zur Datenverarbeitung (DSGVO)<span class=\"wpcf7-form-control-wrap\" data-name=\"privacy-policy\"><span class=\"wpcf7-form-control wpcf7-acceptance\"><span class=\"wpcf7-list-item\"><input type=\"checkbox\" name=\"privacy-policy\" value=\"1\" aria-invalid=\"false\" \/><\/span><\/span><\/span><\/label>\n\t<\/p>\n<\/div>\n<p>Der zweckgebundenen Erfassung, Speicherung und Verarbeitung meiner eingegebenen Daten durch das Studentenwerk Magdeburg und der Nutzung meiner E-Mail-Adresse zur Korrespondenz stimme ich hiermit ausdr\u00fccklich zu. Mir ist bewu\u00dft, dass die angegebenen personenbezogenen Daten f\u00fcr die zweckgebundene Bearbeitung der im vorstehenden Formular zur Kontaktaufnahme erhoben werden. Diese Daten sind erforderlich um meine Anfrage \u00fcber das Kontaktformular bearbeiten zu k\u00f6nnen. Ohne meine Zustimmung ist das Absenden des Formulars daher nicht m\u00f6glich. Die <a href=\"https:\/\/www.studentenwerk-magdeburg.de\/studentenwerk\/datenschutzerklaerung\/\">Datenschutzerkl\u00e4rung<\/a> und insbesondere die Hinweise zur L\u00f6schung und \u00dcbertragbarkeit meiner Daten habe ich gelesen und verstanden. Ich versichere abschlie\u00dfend, dass meine Angaben wahrheitsgem\u00e4\u00df und vollst\u00e4ndig sind.\n<\/p>\n<p>&nbsp;\n<\/p>\n<p><input class=\"wpcf7-form-control wpcf7-submit has-spinner\" type=\"submit\" value=\"Senden \/ Submit\" \/>\n<\/p><div class=\"wpcf7-response-output\" aria-hidden=\"true\"><\/div>\n<\/form>\n<\/div>\n\n","protected":false},"excerpt":{"rendered":"<p>My feedback about the following canteen of the Studentenwerk Magdeburg: &nbsp;<\/p>\n","protected":false},"author":15,"featured_media":0,"parent":2012,"menu_order":6,"comment_status":"closed","ping_status":"closed","template":"","meta":{"_mc_calendar":[],"footnotes":""},"class_list":["post-3106","page","type-page","status-publish","hentry"],"_links":{"self":[{"href":"https:\/\/www.studentenwerk-magdeburg.de\/en\/wp-json\/wp\/v2\/pages\/3106","targetHints":{"allow":["GET"]}}],"collection":[{"href":"https:\/\/www.studentenwerk-magdeburg.de\/en\/wp-json\/wp\/v2\/pages"}],"about":[{"href":"https:\/\/www.studentenwerk-magdeburg.de\/en\/wp-json\/wp\/v2\/types\/page"}],"author":[{"embeddable":true,"href":"https:\/\/www.studentenwerk-magdeburg.de\/en\/wp-json\/wp\/v2\/users\/15"}],"replies":[{"embeddable":true,"href":"https:\/\/www.studentenwerk-magdeburg.de\/en\/wp-json\/wp\/v2\/comments?post=3106"}],"version-history":[{"count":7,"href":"https:\/\/www.studentenwerk-magdeburg.de\/en\/wp-json\/wp\/v2\/pages\/3106\/revisions"}],"predecessor-version":[{"id":13092,"href":"https:\/\/www.studentenwerk-magdeburg.de\/en\/wp-json\/wp\/v2\/pages\/3106\/revisions\/13092"}],"up":[{"embeddable":true,"href":"https:\/\/www.studentenwerk-magdeburg.de\/en\/wp-json\/wp\/v2\/pages\/2012"}],"wp:attachment":[{"href":"https:\/\/www.studentenwerk-magdeburg.de\/en\/wp-json\/wp\/v2\/media?parent=3106"}],"curies":[{"name":"wp","href":"https:\/\/api.w.org\/{rel}","templated":true}]}}