{"id":2021,"date":"2012-07-21T01:10:06","date_gmt":"2012-07-20T23:10:06","guid":{"rendered":"http:\/\/www1.studentenwerk-magdeburg.de\/?page_id=2021"},"modified":"2024-09-02T08:53:31","modified_gmt":"2024-09-02T07:53:31","slug":"campus-child-care","status":"publish","type":"page","link":"https:\/\/www.studentenwerk-magdeburg.de\/en\/campus-child-care\/","title":{"rendered":"Campus Child Care"},"content":{"rendered":"<h1>Welcome to the Campus Child Care!<\/h1>\n<p><img decoding=\"async\" width=\"300\" height=\"300\" class=\"alignright size-large wp-image-1893\" title=\"campuschildcare01\" src=\"https:\/\/www.studentenwerk-magdeburg.de\/wp-content\/uploads\/2012\/06\/campuskinderzimmer01-300x300.jpg\" alt=\"\" srcset=\"https:\/\/www.studentenwerk-magdeburg.de\/wp-content\/uploads\/2012\/06\/campuskinderzimmer01-300x300.jpg 300w, https:\/\/www.studentenwerk-magdeburg.de\/wp-content\/uploads\/2012\/06\/campuskinderzimmer01-150x150.jpg 150w, https:\/\/www.studentenwerk-magdeburg.de\/wp-content\/uploads\/2012\/06\/campuskinderzimmer01.jpg 480w\" sizes=\"(max-width: 300px) 100vw, 300px\" \/><\/p>\n<p>On the ground floor of domitory 7 on the campus of Otto von Guericke University Magdeburg is our <em>Kita &#8220;CampusKids&#8221;<\/em>. Our large and colourful rooms offer space for 70 children in two cr\u00e8che groups and two kindergarten groups.<\/p>\n<p><strong>Opening hours:<\/strong><br \/>\nMonday to Friday: from 7:00 am &#8211; 5:00 pm<br \/>\nCampusKinderzimmer: until 9:00 pm<\/p>\n<p><strong>Closing times:<\/strong><br \/>\nannually at the turn of the year, two weeks in summer<\/p>\n<p><strong>Admission:<\/strong><br \/>\nfrom the 8th week of life, we primarily accept children of students and employees of the college and university<\/p>\n<p><strong>Catering:<\/strong><br \/>\nAll-day catering (including a daily offer of fresh fruit and vegetables and a varied and healthy range of drinks)<\/p>\n<p>Additional offer:<br \/>\nAll care products (nappies, cream, wipes, toothpaste, toothbrush, suntan lotion) are organised by the daycare centre and do not need to be brought along.<\/p>\n<p><strong>Place enquiry<\/strong><br \/>\nPlease use our pre-enrolment form.<\/p>\n<p>\nWe also offer a free, flexible childcare service there with the <em>CampusKinderzimmer<\/em> in cooperation with Otto von Guericke University Magdeburg, Magdeburg-Stendal University of Applied Sciences and the student councils.<\/p>\n<p>&nbsp;<\/p>\n<h3>Latest News in German:<\/h3>\n<div class='newsliste'><div class='neuenews'><div class='newszeile'><div class='newsspalte'><h2 class='newstitel'><a href='https:\/\/www.studentenwerk-magdeburg.de\/en\/girls-boys-day-bei-den-campuskids\/'>Girls\u2019 &amp; Boys\u2019 Day bei den CampusKids<\/a><\/h2><a href='https:\/\/www.studentenwerk-magdeburg.de\/en\/girls-boys-day-bei-den-campuskids\/'><img class='alignright size-news' src='https:\/\/www.studentenwerk-magdeburg.de\/wp-content\/uploads\/2026\/04\/Grafik_KiTa-Girls-Day-540x675.jpg' alt='Girls\u2019 &amp; Boys\u2019 Day bei den CampusKids' \/><\/a>(<a href=\"https:\/\/www.studentenwerk-magdeburg.de\/en\/category\/allgemein\/\">Allgemein<\/a>, 29. April 2026) Vergangenen Donnerstag hatte die KiTa CampusKids tolle Unterst\u00fctzung von f\u00fcnf Praktis aus der 6.\u20139. Klasse \u2013 und das von 8 bis 15 Uhr! Gemeinsam wurde gebacken, im Garten gespielt, vorgelesen und beim Mittagessen unterst\u00fctzt. Mit den CampusKids wird es eben nie langweilig! Mit kleinen Aufgabenzetteln konnten die Praktis den KiTa-Alltag &hellip; <a href=\"https:\/\/www.studentenwerk-magdeburg.de\/en\/girls-boys-day-bei-den-campuskids\/\">Continue reading <span class=\"meta-nav\">&rarr;<\/span><\/a><\/div><div class='newsspalte'><h2 class='newstitel'><a href='https:\/\/www.studentenwerk-magdeburg.de\/en\/einladung-zum-digitalen-elterncafe\/'>Einladung zum digitalen Elterncaf\u00e9<\/a><\/h2><a href='https:\/\/www.studentenwerk-magdeburg.de\/en\/einladung-zum-digitalen-elterncafe\/'><img class='alignright size-news' src='https:\/\/www.studentenwerk-magdeburg.de\/wp-content\/uploads\/2026\/04\/Elterncafe-Grafik-DE-270426-540x675.jpg' alt='Einladung zum digitalen Elterncaf\u00e9' \/><\/a>(<a href=\"https:\/\/www.studentenwerk-magdeburg.de\/en\/category\/allgemein\/\">Allgemein<\/a>, 22. April 2026) Studium und Familie = viele Fragen, viel Organisation \u2013 und manchmal das Gef\u00fchl, allein damit zu sein. Unser digitales Elterncaf\u00e9 bietet einen gesch\u00fctzten Raum f\u00fcr offenen Austausch, gegenseitige Unterst\u00fctzung und neue Impulse f\u00fcr euren Alltag mit Kind(ern). Hier k\u00f6nnt ihr euch mit anderen studierenden und promovierenden Eltern vernetzen, Erfahrungen teilen &hellip; <a href=\"https:\/\/www.studentenwerk-magdeburg.de\/en\/einladung-zum-digitalen-elterncafe\/\">Continue reading <span class=\"meta-nav\">&rarr;<\/span><\/a><\/div><\/div><div class='newszeile'><div class='newsspalte'><h2 class='newstitel'><a href='https:\/\/www.studentenwerk-magdeburg.de\/en\/neues-aus-der-kita-campuskids\/'>Neues aus der Kita CampusKids<\/a><\/h2><a href='https:\/\/www.studentenwerk-magdeburg.de\/en\/neues-aus-der-kita-campuskids\/'><img class='alignright size-news' src='https:\/\/www.studentenwerk-magdeburg.de\/wp-content\/uploads\/2026\/04\/Grafik_KinderUni-540x675.jpg' alt='Neues aus der Kita CampusKids' \/><\/a>(<a href=\"https:\/\/www.studentenwerk-magdeburg.de\/en\/category\/allgemein\/\">Allgemein<\/a>, 10. April 2026) Die Kinder, die in diesem Jahr zur Schule kommen, konnten den Campus der OVGU kennenlernen und viele tolle Experimente miterleben. Auch der gro\u00dfe H\u00f6rsaal wurde staunend besichtigt. Vielen Dank an Anja Dempewolf und Sebastian Metzner vom Institut f\u00fcr Physik der OVGU f\u00fcr diesen spannenden Vormittag! &#8212;&#8212;&#8212;&#8212;&#8212;&#8212;&#8212;&#8212;&#8212;&#8212;&#8212;&#8212;&#8212;&#8212; Auch ein Bibliotheksf\u00fchrerschein darf &hellip; <a href=\"https:\/\/www.studentenwerk-magdeburg.de\/en\/neues-aus-der-kita-campuskids\/\">Continue reading <span class=\"meta-nav\">&rarr;<\/span><\/a><\/div><\/div><\/div><\/div>\n","protected":false},"excerpt":{"rendered":"<p>Welcome to the Campus Child Care! On the ground floor of domitory 7 on the campus of Otto von Guericke University Magdeburg is our Kita &#8220;CampusKids&#8221;. Our large and colourful rooms offer space for 70 children in two cr\u00e8che groups and two kindergarten groups. Opening hours: Monday to Friday: from &hellip; <a href=\"https:\/\/www.studentenwerk-magdeburg.de\/en\/neues-aus-der-kita-campuskids\/\">Continue reading <span class=\"meta-nav\">&rarr;<\/span><\/a><\/p>\n","protected":false},"author":7,"featured_media":12585,"parent":0,"menu_order":10,"comment_status":"closed","ping_status":"closed","template":"cakizi-page.php","meta":{"_mc_calendar":[],"footnotes":""},"class_list":["post-2021","page","type-page","status-publish","has-post-thumbnail","hentry"],"_links":{"self":[{"href":"https:\/\/www.studentenwerk-magdeburg.de\/en\/wp-json\/wp\/v2\/pages\/2021","targetHints":{"allow":["GET"]}}],"collection":[{"href":"https:\/\/www.studentenwerk-magdeburg.de\/en\/wp-json\/wp\/v2\/pages"}],"about":[{"href":"https:\/\/www.studentenwerk-magdeburg.de\/en\/wp-json\/wp\/v2\/types\/page"}],"author":[{"embeddable":true,"href":"https:\/\/www.studentenwerk-magdeburg.de\/en\/wp-json\/wp\/v2\/users\/7"}],"replies":[{"embeddable":true,"href":"https:\/\/www.studentenwerk-magdeburg.de\/en\/wp-json\/wp\/v2\/comments?post=2021"}],"version-history":[{"count":13,"href":"https:\/\/www.studentenwerk-magdeburg.de\/en\/wp-json\/wp\/v2\/pages\/2021\/revisions"}],"predecessor-version":[{"id":19349,"href":"https:\/\/www.studentenwerk-magdeburg.de\/en\/wp-json\/wp\/v2\/pages\/2021\/revisions\/19349"}],"wp:featuredmedia":[{"embeddable":true,"href":"https:\/\/www.studentenwerk-magdeburg.de\/en\/wp-json\/wp\/v2\/media\/12585"}],"wp:attachment":[{"href":"https:\/\/www.studentenwerk-magdeburg.de\/en\/wp-json\/wp\/v2\/media?parent=2021"}],"curies":[{"name":"wp","href":"https:\/\/api.w.org\/{rel}","templated":true}]}}