{"id":2014,"date":"2012-08-22T18:39:24","date_gmt":"2012-08-22T16:39:24","guid":{"rendered":"http:\/\/www1.studentenwerk-magdeburg.de\/?page_id=2014"},"modified":"2025-07-06T20:34:55","modified_gmt":"2025-07-06T19:34:55","slug":"social-affairs","status":"publish","type":"page","link":"https:\/\/www.studentenwerk-magdeburg.de\/en\/social-affairs\/","title":{"rendered":"Social Affairs"},"content":{"rendered":"\n<div class=\"wp-block-columns menukacheln is-layout-flex wp-container-core-columns-is-layout-9d6595d7 wp-block-columns-is-layout-flex\">\n<div class=\"wp-block-column is-layout-flow wp-block-column-is-layout-flow\">\n<figure class=\"wp-block-image size-full\"><a href=\"https:\/\/www.studentenwerk-magdeburg.de\/en\/social-affairs\/social-counselling\/\"><img decoding=\"async\" width=\"1920\" height=\"1920\" src=\"https:\/\/www.studentenwerk-magdeburg.de\/wp-content\/uploads\/2025\/07\/swmd_webkacheln_sozial_unterseiten_en_1.jpg\" alt=\"\" class=\"wp-image-22241\" srcset=\"https:\/\/www.studentenwerk-magdeburg.de\/wp-content\/uploads\/2025\/07\/swmd_webkacheln_sozial_unterseiten_en_1.jpg 1920w, https:\/\/www.studentenwerk-magdeburg.de\/wp-content\/uploads\/2025\/07\/swmd_webkacheln_sozial_unterseiten_en_1-300x300.jpg 300w, https:\/\/www.studentenwerk-magdeburg.de\/wp-content\/uploads\/2025\/07\/swmd_webkacheln_sozial_unterseiten_en_1-600x600.jpg 600w, https:\/\/www.studentenwerk-magdeburg.de\/wp-content\/uploads\/2025\/07\/swmd_webkacheln_sozial_unterseiten_en_1-150x150.jpg 150w, https:\/\/www.studentenwerk-magdeburg.de\/wp-content\/uploads\/2025\/07\/swmd_webkacheln_sozial_unterseiten_en_1-768x768.jpg 768w, https:\/\/www.studentenwerk-magdeburg.de\/wp-content\/uploads\/2025\/07\/swmd_webkacheln_sozial_unterseiten_en_1-1536x1536.jpg 1536w, https:\/\/www.studentenwerk-magdeburg.de\/wp-content\/uploads\/2025\/07\/swmd_webkacheln_sozial_unterseiten_en_1-1080x1080.jpg 1080w, https:\/\/www.studentenwerk-magdeburg.de\/wp-content\/uploads\/2025\/07\/swmd_webkacheln_sozial_unterseiten_en_1-540x540.jpg 540w\" sizes=\"(max-width: 1920px) 100vw, 1920px\" \/><\/a><\/figure>\n<\/div>\n\n\n\n<div class=\"wp-block-column is-layout-flow wp-block-column-is-layout-flow\">\n<figure class=\"wp-block-image size-full\"><a href=\"https:\/\/www.studentenwerk-magdeburg.de\/en\/social-affairs\/financial-advice\/\"><img decoding=\"async\" width=\"1920\" height=\"1920\" src=\"https:\/\/www.studentenwerk-magdeburg.de\/wp-content\/uploads\/2025\/07\/swmd_webkacheln_sozial_unterseiten_en_2.jpg\" alt=\"\" class=\"wp-image-22243\" srcset=\"https:\/\/www.studentenwerk-magdeburg.de\/wp-content\/uploads\/2025\/07\/swmd_webkacheln_sozial_unterseiten_en_2.jpg 1920w, https:\/\/www.studentenwerk-magdeburg.de\/wp-content\/uploads\/2025\/07\/swmd_webkacheln_sozial_unterseiten_en_2-300x300.jpg 300w, https:\/\/www.studentenwerk-magdeburg.de\/wp-content\/uploads\/2025\/07\/swmd_webkacheln_sozial_unterseiten_en_2-600x600.jpg 600w, https:\/\/www.studentenwerk-magdeburg.de\/wp-content\/uploads\/2025\/07\/swmd_webkacheln_sozial_unterseiten_en_2-150x150.jpg 150w, https:\/\/www.studentenwerk-magdeburg.de\/wp-content\/uploads\/2025\/07\/swmd_webkacheln_sozial_unterseiten_en_2-768x768.jpg 768w, https:\/\/www.studentenwerk-magdeburg.de\/wp-content\/uploads\/2025\/07\/swmd_webkacheln_sozial_unterseiten_en_2-1536x1536.jpg 1536w, https:\/\/www.studentenwerk-magdeburg.de\/wp-content\/uploads\/2025\/07\/swmd_webkacheln_sozial_unterseiten_en_2-1080x1080.jpg 1080w, https:\/\/www.studentenwerk-magdeburg.de\/wp-content\/uploads\/2025\/07\/swmd_webkacheln_sozial_unterseiten_en_2-540x540.jpg 540w\" sizes=\"(max-width: 1920px) 100vw, 1920px\" \/><\/a><\/figure>\n<\/div>\n\n\n\n<div class=\"wp-block-column is-layout-flow wp-block-column-is-layout-flow\">\n<figure class=\"wp-block-image size-full\"><a href=\"https:\/\/www.studentenwerk-magdeburg.de\/en\/social-affairs\/psb\/\"><img decoding=\"async\" width=\"1920\" height=\"1920\" src=\"https:\/\/www.studentenwerk-magdeburg.de\/wp-content\/uploads\/2025\/07\/swmd_webkacheln_sozial_unterseiten_en_3.jpg\" alt=\"\" class=\"wp-image-22245\" srcset=\"https:\/\/www.studentenwerk-magdeburg.de\/wp-content\/uploads\/2025\/07\/swmd_webkacheln_sozial_unterseiten_en_3.jpg 1920w, https:\/\/www.studentenwerk-magdeburg.de\/wp-content\/uploads\/2025\/07\/swmd_webkacheln_sozial_unterseiten_en_3-300x300.jpg 300w, https:\/\/www.studentenwerk-magdeburg.de\/wp-content\/uploads\/2025\/07\/swmd_webkacheln_sozial_unterseiten_en_3-600x600.jpg 600w, https:\/\/www.studentenwerk-magdeburg.de\/wp-content\/uploads\/2025\/07\/swmd_webkacheln_sozial_unterseiten_en_3-150x150.jpg 150w, https:\/\/www.studentenwerk-magdeburg.de\/wp-content\/uploads\/2025\/07\/swmd_webkacheln_sozial_unterseiten_en_3-768x768.jpg 768w, https:\/\/www.studentenwerk-magdeburg.de\/wp-content\/uploads\/2025\/07\/swmd_webkacheln_sozial_unterseiten_en_3-1536x1536.jpg 1536w, https:\/\/www.studentenwerk-magdeburg.de\/wp-content\/uploads\/2025\/07\/swmd_webkacheln_sozial_unterseiten_en_3-1080x1080.jpg 1080w, https:\/\/www.studentenwerk-magdeburg.de\/wp-content\/uploads\/2025\/07\/swmd_webkacheln_sozial_unterseiten_en_3-540x540.jpg 540w\" sizes=\"(max-width: 1920px) 100vw, 1920px\" \/><\/a><\/figure>\n<\/div>\n\n\n\n<div class=\"wp-block-column is-layout-flow wp-block-column-is-layout-flow\">\n<figure class=\"wp-block-image size-full\"><a href=\"https:\/\/www.studentenwerk-magdeburg.de\/en\/social-affairs\/legal-counselling\/\"><img decoding=\"async\" width=\"1920\" height=\"1920\" src=\"https:\/\/www.studentenwerk-magdeburg.de\/wp-content\/uploads\/2025\/07\/swmd_webkacheln_sozial_unterseiten_en_4-1.jpg\" alt=\"\" class=\"wp-image-22272\" srcset=\"https:\/\/www.studentenwerk-magdeburg.de\/wp-content\/uploads\/2025\/07\/swmd_webkacheln_sozial_unterseiten_en_4-1.jpg 1920w, https:\/\/www.studentenwerk-magdeburg.de\/wp-content\/uploads\/2025\/07\/swmd_webkacheln_sozial_unterseiten_en_4-1-300x300.jpg 300w, https:\/\/www.studentenwerk-magdeburg.de\/wp-content\/uploads\/2025\/07\/swmd_webkacheln_sozial_unterseiten_en_4-1-600x600.jpg 600w, https:\/\/www.studentenwerk-magdeburg.de\/wp-content\/uploads\/2025\/07\/swmd_webkacheln_sozial_unterseiten_en_4-1-150x150.jpg 150w, https:\/\/www.studentenwerk-magdeburg.de\/wp-content\/uploads\/2025\/07\/swmd_webkacheln_sozial_unterseiten_en_4-1-768x768.jpg 768w, https:\/\/www.studentenwerk-magdeburg.de\/wp-content\/uploads\/2025\/07\/swmd_webkacheln_sozial_unterseiten_en_4-1-1536x1536.jpg 1536w, https:\/\/www.studentenwerk-magdeburg.de\/wp-content\/uploads\/2025\/07\/swmd_webkacheln_sozial_unterseiten_en_4-1-1080x1080.jpg 1080w, https:\/\/www.studentenwerk-magdeburg.de\/wp-content\/uploads\/2025\/07\/swmd_webkacheln_sozial_unterseiten_en_4-1-540x540.jpg 540w\" sizes=\"(max-width: 1920px) 100vw, 1920px\" \/><\/a><\/figure>\n<\/div>\n<\/div>\n\n\n\n<h1 class=\"wp-block-heading\">Social Affairs<\/h1>\n\n\n\n<p>For most students, studying is a time of upheaval, fundamental change and personal development. Changing life circumstances bring successes as well as unexpected difficulties. It can therefore happen that some people feel overwhelmed. This is completely normal! We are there for you with advice, information and help:    <\/p>\n\n\n\n<div class=\"wp-block-columns is-layout-flex wp-container-core-columns-is-layout-9d6595d7 wp-block-columns-is-layout-flex\">\n<div class=\"wp-block-column is-layout-flow wp-block-column-is-layout-flow\">\n<h2 class=\"wp-block-heading\"><a href=\"https:\/\/www.studentenwerk-magdeburg.de\/en\/social-affairs\/social-counselling\/\" data-type=\"page\" data-id=\"768\">Social counselling<\/a><\/h2>\n\n\n\n<p>Do you have questions about jobs, social benefits or parenthood? Are you stuck on topics such as the broadcasting fee, semester ticket or health insurance? We can help you shed some light on the subject or, if necessary, put you in touch with the relevant specialist agencies!    <a href=\"https:\/\/www.studentenwerk-magdeburg.de\/en\/social-affairs\/social-counselling\/\" data-type=\"page\" data-id=\"768\">&gt;  Social counseling<\/a><\/p>\n<\/div>\n\n\n\n<div class=\"wp-block-column is-layout-flow wp-block-column-is-layout-flow\">\n<h2 class=\"wp-block-heading\"><a href=\"https:\/\/www.studentenwerk-magdeburg.de\/soziales\/finanzierungsberatung\/\" data-type=\"page\" data-id=\"22085\">Financial advice<\/a><\/h2>\n\n\n\n<p>We know that studying can be a challenging time &#8211; especially when it comes to financial issues. That&#8217;s why we offer you comprehensive support to improve your financial situation and make it easier for you to get through your studies. Our financial advisor will provide you with individual advice and practical tips to help you successfully complete your studies with financial security.    <br><a href=\"https:\/\/www.studentenwerk-magdeburg.de\/soziales\/finanzierungsberatung\/\" data-type=\"page\" data-id=\"22085\">&gt;  Financial advice<\/a><\/p>\n<\/div>\n<\/div>\n\n\n\n<div class=\"wp-block-columns is-layout-flex wp-container-core-columns-is-layout-9d6595d7 wp-block-columns-is-layout-flex\">\n<div class=\"wp-block-column is-layout-flow wp-block-column-is-layout-flow\">\n<h2 class=\"wp-block-heading\"><a href=\"https:\/\/www.studentenwerk-magdeburg.de\/en\/social-affairs\/psb\/\">Psychosocial counseling (PSB)<\/a><\/h2>\n\n\n\n<p>Anything that is causing you mental stress is in the right hands with us: Low motivation, excessive demands, difficulties in relationships, fears &#8211; we listen and find solutions. Free of charge and strictly confidential. <a href=\"https:\/\/www.studentenwerk-magdeburg.de\/en\/social-affairs\/psb\/\">>  Psychosocial counseling (PSB)<\/a><\/p>\n<\/div>\n\n\n\n<div class=\"wp-block-column is-layout-flow wp-block-column-is-layout-flow\">\n<h2 class=\"wp-block-heading\"><a href=\"https:\/\/www.studentenwerk-magdeburg.de\/en\/social-affairs\/legal-counselling\/\" data-type=\"page\" data-id=\"772\">Legal advice<\/a><\/h2>\n\n\n\n<p>Do you have problems with paragraphs or other legal issues? Sometimes situations can arise that require the professional advice of a lawyer. We offer you a free initial consultation!    <a href=\"https:\/\/www.studentenwerk-magdeburg.de\/en\/social-affairs\/legal-counselling\/\" data-type=\"page\" data-id=\"772\">&gt;  Legal advice<\/a><\/p>\n<\/div>\n<\/div>\n\n\n\n<p>It goes without saying that all discussions and inquiries are treated in the strictest confidence.<\/p>\n\n\n\n<p><\/p>\n\n\n<div class='newsliste'><div class='neuenews'><div class='newszeile'><div class='newsspalte'><h2 class='newstitel'><a href='https:\/\/www.studentenwerk-magdeburg.de\/en\/embodiment-selbstregulation-weitere-termine\/'>Embodiment &amp; Selbstregulation &#8211; weitere Termine<\/a><\/h2><a href='https:\/\/www.studentenwerk-magdeburg.de\/en\/embodiment-selbstregulation-weitere-termine\/'><img class='alignright size-news' src='https:\/\/www.studentenwerk-magdeburg.de\/wp-content\/uploads\/2025\/11\/swmd_symbol_videoimbeitrag-600x600-1.jpg' alt='Embodiment &amp; Selbstregulation &#8211; weitere Termine' \/><\/a>(<a href=\"https:\/\/www.studentenwerk-magdeburg.de\/en\/category\/allgemein\/\">Allgemein<\/a>, 23. April 2026) Deine eigenen Gedanken werden dir zu viel und du musst dich mal ein bisschen auspowern? Dann besuche Teil 2 und 3 der \u201eEmbodiment &amp; Selbstregulation\u201c Kursreihe der Psychosozialen Studierendenberatung! Teil 2 : \u201eAffektregulation in Bewegung\u201cWann? 04.05.26, 15:00\u201317:00 UhrWo? JoGo (hinter Wohnheim 7, Johann-Gottlob-Nathusius-Ring 5) Teil 3 : \u201eKognitive Entlastung durch &hellip; <a href=\"https:\/\/www.studentenwerk-magdeburg.de\/en\/embodiment-selbstregulation-weitere-termine\/\">Continue reading <span class=\"meta-nav\">&rarr;<\/span><\/a><\/div><div class='newsspalte'><h2 class='newstitel'><a href='https:\/\/www.studentenwerk-magdeburg.de\/en\/einladung-zum-digitalen-elterncafe\/'>Einladung zum digitalen Elterncaf\u00e9<\/a><\/h2><a href='https:\/\/www.studentenwerk-magdeburg.de\/en\/einladung-zum-digitalen-elterncafe\/'><img class='alignright size-news' src='https:\/\/www.studentenwerk-magdeburg.de\/wp-content\/uploads\/2026\/04\/Elterncafe-Grafik-DE-270426-540x675.jpg' alt='Einladung zum digitalen Elterncaf\u00e9' \/><\/a>(<a href=\"https:\/\/www.studentenwerk-magdeburg.de\/en\/category\/allgemein\/\">Allgemein<\/a>, 22. April 2026) Studium und Familie = viele Fragen, viel Organisation \u2013 und manchmal das Gef\u00fchl, allein damit zu sein. Unser digitales Elterncaf\u00e9 bietet einen gesch\u00fctzten Raum f\u00fcr offenen Austausch, gegenseitige Unterst\u00fctzung und neue Impulse f\u00fcr euren Alltag mit Kind(ern). Hier k\u00f6nnt ihr euch mit anderen studierenden und promovierenden Eltern vernetzen, Erfahrungen teilen &hellip; <a href=\"https:\/\/www.studentenwerk-magdeburg.de\/en\/einladung-zum-digitalen-elterncafe\/\">Continue reading <span class=\"meta-nav\">&rarr;<\/span><\/a><\/div><\/div><div class='newszeile'><div class='newsspalte'><h2 class='newstitel'><a href='https:\/\/www.studentenwerk-magdeburg.de\/en\/unsere-kurse-fuer-deine-abschlussarbeit\/'>UNSERE Kurse f\u00fcr DEINE Abschlussarbeit<\/a><\/h2><a href='https:\/\/www.studentenwerk-magdeburg.de\/en\/unsere-kurse-fuer-deine-abschlussarbeit\/'><img class='alignright size-news' src='https:\/\/www.studentenwerk-magdeburg.de\/wp-content\/uploads\/2026\/04\/Grafik_Thesis-Talk-540x675.jpg' alt='UNSERE Kurse f\u00fcr DEINE Abschlussarbeit' \/><\/a>(<a href=\"https:\/\/www.studentenwerk-magdeburg.de\/en\/category\/allgemein\/\">Allgemein<\/a>, 14. April 2026) Thesis Talk &amp; Thrive Writing your bachelor\u2019s or master\u2019s thesis and feeling overwhelmed? You\u2019re not alone. Join a small, fixed group meeting four times to tackle shared challenges like finding a topic, getting started, and dealing with pressure and self-doubt. Each session begins with a short input (e.g. motivation, communication &hellip; <a href=\"https:\/\/www.studentenwerk-magdeburg.de\/en\/unsere-kurse-fuer-deine-abschlussarbeit\/\">Continue reading <span class=\"meta-nav\">&rarr;<\/span><\/a><\/div><div class='newsspalte'><h2 class='newstitel'><a href='https:\/\/www.studentenwerk-magdeburg.de\/en\/neues-aus-der-kita-campuskids\/'>Neues aus der Kita CampusKids<\/a><\/h2><a href='https:\/\/www.studentenwerk-magdeburg.de\/en\/neues-aus-der-kita-campuskids\/'><img class='alignright size-news' src='https:\/\/www.studentenwerk-magdeburg.de\/wp-content\/uploads\/2026\/04\/Grafik_KinderUni-540x675.jpg' alt='Neues aus der Kita CampusKids' \/><\/a>(<a href=\"https:\/\/www.studentenwerk-magdeburg.de\/en\/category\/allgemein\/\">Allgemein<\/a>, 10. April 2026) Die Kinder, die in diesem Jahr zur Schule kommen, konnten den Campus der OVGU kennenlernen und viele tolle Experimente miterleben. Auch der gro\u00dfe H\u00f6rsaal wurde staunend besichtigt. Vielen Dank an Anja Dempewolf und Sebastian Metzner vom Institut f\u00fcr Physik der OVGU f\u00fcr diesen spannenden Vormittag! &#8212;&#8212;&#8212;&#8212;&#8212;&#8212;&#8212;&#8212;&#8212;&#8212;&#8212;&#8212;&#8212;&#8212; Auch ein Bibliotheksf\u00fchrerschein darf &hellip; <a href=\"https:\/\/www.studentenwerk-magdeburg.de\/en\/neues-aus-der-kita-campuskids\/\">Continue reading <span class=\"meta-nav\">&rarr;<\/span><\/a><\/div><\/div><\/div><\/div>\n","protected":false},"excerpt":{"rendered":"<p>Social Affairs For most students, studying is a time of upheaval, fundamental change and personal development. Changing life circumstances bring successes as well as unexpected difficulties. It can therefore happen that some people feel overwhelmed. This is completely normal! We are there for you with advice, information and help: Social &hellip; <a href=\"https:\/\/www.studentenwerk-magdeburg.de\/en\/neues-aus-der-kita-campuskids\/\">Continue reading <span class=\"meta-nav\">&rarr;<\/span><\/a><\/p>\n","protected":false},"author":44,"featured_media":0,"parent":0,"menu_order":7,"comment_status":"closed","ping_status":"closed","template":"","meta":{"_mc_calendar":[],"footnotes":""},"class_list":["post-2014","page","type-page","status-publish","hentry"],"_links":{"self":[{"href":"https:\/\/www.studentenwerk-magdeburg.de\/en\/wp-json\/wp\/v2\/pages\/2014","targetHints":{"allow":["GET"]}}],"collection":[{"href":"https:\/\/www.studentenwerk-magdeburg.de\/en\/wp-json\/wp\/v2\/pages"}],"about":[{"href":"https:\/\/www.studentenwerk-magdeburg.de\/en\/wp-json\/wp\/v2\/types\/page"}],"author":[{"embeddable":true,"href":"https:\/\/www.studentenwerk-magdeburg.de\/en\/wp-json\/wp\/v2\/users\/44"}],"replies":[{"embeddable":true,"href":"https:\/\/www.studentenwerk-magdeburg.de\/en\/wp-json\/wp\/v2\/comments?post=2014"}],"version-history":[{"count":15,"href":"https:\/\/www.studentenwerk-magdeburg.de\/en\/wp-json\/wp\/v2\/pages\/2014\/revisions"}],"predecessor-version":[{"id":22346,"href":"https:\/\/www.studentenwerk-magdeburg.de\/en\/wp-json\/wp\/v2\/pages\/2014\/revisions\/22346"}],"wp:attachment":[{"href":"https:\/\/www.studentenwerk-magdeburg.de\/en\/wp-json\/wp\/v2\/media?parent=2014"}],"curies":[{"name":"wp","href":"https:\/\/api.w.org\/{rel}","templated":true}]}}