{"id":2012,"date":"2012-06-05T22:31:58","date_gmt":"2012-06-05T20:31:58","guid":{"rendered":"http:\/\/www1.studentenwerk-magdeburg.de\/?page_id=2012"},"modified":"2025-04-03T11:51:05","modified_gmt":"2025-04-03T10:51:05","slug":"canteens-cafeterias","status":"publish","type":"page","link":"https:\/\/www.studentenwerk-magdeburg.de\/en\/canteens-cafeterias\/","title":{"rendered":"Mensen &amp; Cafeterias"},"content":{"rendered":"\n<figure class=\"wp-block-image size-full\"><img decoding=\"async\" width=\"2560\" height=\"640\" src=\"https:\/\/www.studentenwerk-magdeburg.de\/wp-content\/uploads\/2024\/09\/swmd_webheader_mensauebersicht-scaled.jpg\" alt=\"\" class=\"wp-image-19599\" style=\"object-fit:cover\" srcset=\"https:\/\/www.studentenwerk-magdeburg.de\/wp-content\/uploads\/2024\/09\/swmd_webheader_mensauebersicht-scaled.jpg 2560w, https:\/\/www.studentenwerk-magdeburg.de\/wp-content\/uploads\/2024\/09\/swmd_webheader_mensauebersicht-768x192.jpg 768w, https:\/\/www.studentenwerk-magdeburg.de\/wp-content\/uploads\/2024\/09\/swmd_webheader_mensauebersicht-1536x384.jpg 1536w, https:\/\/www.studentenwerk-magdeburg.de\/wp-content\/uploads\/2024\/09\/swmd_webheader_mensauebersicht-2048x512.jpg 2048w\" sizes=\"(max-width: 2560px) 100vw, 2560px\" \/><\/figure>\n\n\n\n<h1 class=\"wp-block-heading\">Our canteens &amp; cafeterias<\/h1>\n\n\n\n<p>On the following pages you can find out more about the offers in our canteens and cafeterias!<\/p>\n\n\n\n<div class=\"wp-block-columns is-layout-flex wp-container-core-columns-is-layout-9d6595d7 wp-block-columns-is-layout-flex\">\n<div class=\"wp-block-column is-layout-flow wp-block-column-is-layout-flow\"><div class=\"wp-block-image\">\n<figure class=\"alignright size-thumbnail\"><img decoding=\"async\" width=\"150\" height=\"150\" src=\"https:\/\/www.studentenwerk-magdeburg.de\/wp-content\/uploads\/2012\/06\/mensa_unicampus_aussen-150x150.jpg\" alt=\"Mensa UniCampus Magdeburg exterior view\" class=\"wp-image-2156\" srcset=\"https:\/\/www.studentenwerk-magdeburg.de\/wp-content\/uploads\/2012\/06\/mensa_unicampus_aussen-150x150.jpg 150w, https:\/\/www.studentenwerk-magdeburg.de\/wp-content\/uploads\/2012\/06\/mensa_unicampus_aussen-300x300.jpg 300w, https:\/\/www.studentenwerk-magdeburg.de\/wp-content\/uploads\/2012\/06\/mensa_unicampus_aussen.jpg 480w\" sizes=\"(max-width: 150px) 100vw, 150px\" \/><\/figure>\n<\/div>\n\n\n<h3 class=\"wp-block-heading\">Mensa UniCampus Magdeburg<\/h3>\n\n\n\n<p>Directly on the OVGU campus opposite the library and university computer center. Breakfast, lunch and snacks. <a href=\"https:\/\/www.studentenwerk-magdeburg.de\/en\/canteens-cafeterias\/mensa-unicampus-menu-lower-hall\/\" data-type=\"page\" data-id=\"2742\">Menu lower hall\u21e2<\/a> <a href=\"https:\/\/www.studentenwerk-magdeburg.de\/en\/canteens-cafeterias\/mensa-unicampus-menu-upper-hall\/\" data-type=\"page\" data-id=\"2739\">Menu upper hall\u21e2<\/a><\/p>\n\n\n\n<figure class=\"wp-block-table\"><table class=\"has-fixed-layout\"><thead><tr><td colspan=\"2\"><strong>During the lecture period<\/strong><\/td><\/tr><\/thead><tbody><tr><td><strong>Dining room downstairs <br>\n<\/strong><\/td><td>Mon. &#8211; Fri.: 10:45 &#8211; 14:00<\/td><\/tr><tr><td><strong>Dining room upstairs<\/strong><\/td><td>Mon. &#8211; Fri.: 10:45 &#8211; 14:00 &amp; 16:00 &#8211; 19:30 Uhr<\/td><\/tr><tr><td><strong>Caf\u00e9 Latte in the foyer<\/strong><\/td><td>Mon. &#8211; Fri.: 07:30 &#8211; 19:30<\/td><\/tr><tr><th colspan=\"2\"><strong>Outside lecture time<\/strong><\/th><\/tr><tr><td><strong>Dining room downstairs<\/strong><\/td><td>Mon. &#8211; Fri.: 10:45 &#8211; 14:00<\/td><\/tr><tr><td><strong>Dining room upstairs<\/strong><\/td><td>Mon. &#8211; Fri.: 10:45 &#8211; 14:00, issue closed<\/td><\/tr><tr><td><strong>Caf\u00e9 Latte in the foyer<\/strong><\/td><td>Mon. &#8211; Fri.: 07:30 &#8211; 19:30<\/td><\/tr><\/tbody><\/table><\/figure>\n<\/div>\n\n\n\n<div class=\"wp-block-column is-layout-flow wp-block-column-is-layout-flow\"><div class=\"wp-block-image\">\n<figure class=\"alignright size-thumbnail\"><img decoding=\"async\" width=\"150\" height=\"150\" src=\"https:\/\/www.studentenwerk-magdeburg.de\/wp-content\/uploads\/2012\/06\/kellercafe_geb40-150x150.jpg\" alt=\"Kellercaf\u00e9 in the building 40\" class=\"wp-image-4786\" srcset=\"https:\/\/www.studentenwerk-magdeburg.de\/wp-content\/uploads\/2012\/06\/kellercafe_geb40-150x150.jpg 150w, https:\/\/www.studentenwerk-magdeburg.de\/wp-content\/uploads\/2012\/06\/kellercafe_geb40-300x300.jpg 300w, https:\/\/www.studentenwerk-magdeburg.de\/wp-content\/uploads\/2012\/06\/kellercafe_geb40-168x168.jpg 168w, https:\/\/www.studentenwerk-magdeburg.de\/wp-content\/uploads\/2012\/06\/kellercafe_geb40-240x240.jpg 240w, https:\/\/www.studentenwerk-magdeburg.de\/wp-content\/uploads\/2012\/06\/kellercafe_geb40-120x120.jpg 120w, https:\/\/www.studentenwerk-magdeburg.de\/wp-content\/uploads\/2012\/06\/kellercafe_geb40-190x190.jpg 190w, https:\/\/www.studentenwerk-magdeburg.de\/wp-content\/uploads\/2012\/06\/kellercafe_geb40-100x100.jpg 100w, https:\/\/www.studentenwerk-magdeburg.de\/wp-content\/uploads\/2012\/06\/kellercafe_geb40-75x75.jpg 75w, https:\/\/www.studentenwerk-magdeburg.de\/wp-content\/uploads\/2012\/06\/kellercafe_geb40.jpg 480w\" sizes=\"(max-width: 150px) 100vw, 150px\" \/><\/figure>\n<\/div>\n\n\n<h3 class=\"wp-block-heading\">Mensa Kellercaf\u00e9 Magdeburg<\/h3>\n\n\n\n<p>In teaching building 40 on the campus in Zschokkestra\u00dfe. Breakfast, lunch and snacks. <a href=\"https:\/\/www.studentenwerk-magdeburg.de\/en\/canteens-cafeterias\/mensa-kellercafe-menu\/\" data-type=\"page\" data-id=\"5639\">To the menu\u21e2<\/a><\/p>\n\n\n\n<figure class=\"wp-block-table\"><table class=\"has-fixed-layout\"><thead><tr><td colspan=\"2\"><strong>During the lecture and examination period<\/strong><\/td><\/tr><\/thead><tbody><tr><td>open:<\/td><td>Mon. &#8211; Fri.: 08:00 &#8211; 15:30<\/td><\/tr><tr><td>Lunch:<\/td><td>Mon. &#8211; Fri.: 10:45 &#8211; 14:00<\/td><\/tr><tr><th colspan=\"2\"><strong>Outside the lecture and examination period<\/strong><\/th><\/tr><tr><td>&nbsp;<\/td><td>Closed<\/td><\/tr><\/tbody><\/table><\/figure>\n\n\n\n<h3 class=\"wp-block-heading\">&nbsp;<\/h3>\n<\/div>\n<\/div>\n\n\n\n<div class=\"wp-block-columns is-layout-flex wp-container-core-columns-is-layout-9d6595d7 wp-block-columns-is-layout-flex\">\n<div class=\"wp-block-column is-layout-flow wp-block-column-is-layout-flow\"><div class=\"wp-block-image\">\n<figure class=\"alignright size-thumbnail\"><img decoding=\"async\" width=\"150\" height=\"150\" src=\"https:\/\/www.studentenwerk-magdeburg.de\/wp-content\/uploads\/2022\/12\/mensa_pier16_2019-600x600-1-150x150.jpg\" alt=\"\" class=\"wp-image-17293\" srcset=\"https:\/\/www.studentenwerk-magdeburg.de\/wp-content\/uploads\/2022\/12\/mensa_pier16_2019-600x600-1-150x150.jpg 150w, https:\/\/www.studentenwerk-magdeburg.de\/wp-content\/uploads\/2022\/12\/mensa_pier16_2019-600x600-1-300x300.jpg 300w, https:\/\/www.studentenwerk-magdeburg.de\/wp-content\/uploads\/2022\/12\/mensa_pier16_2019-600x600-1.jpg 600w\" sizes=\"(max-width: 150px) 100vw, 150px\" \/><\/figure>\n<\/div>\n\n\n<h3 class=\"wp-block-heading\">Cafeteria PIER 16 Magdeburg<\/h3>\n\n\n\n<p>Cafeteria in building 16 on the main campus of OVGU. Breakfast, coffee specialties, cakes, soft drinks and more. <a href=\"https:\/\/www.studentenwerk-magdeburg.de\/en\/canteens-cafeterias\/pier-16-menu\/\" data-type=\"page\" data-id=\"16749\">To the menu\u21e2<\/a><\/p>\n\n\n\n<figure class=\"wp-block-table\"><table class=\"has-fixed-layout\"><thead><tr><td colspan=\"2\"><strong>During the lecture and examination period<\/strong><\/td><\/tr><\/thead><tbody><tr><td>&nbsp;<\/td><td>Mon. &#8211; Fri.: 07:30 &#8211; 15:00<\/td><\/tr><tr><th colspan=\"2\"><strong>Outside the lecture and examination period<\/strong><\/th><\/tr><tr><td>&nbsp;<\/td><td>Mon. &#8211; Fri.: 07:30 &#8211; 15:00<\/td><\/tr><\/tbody><\/table><\/figure>\n<\/div>\n\n\n\n<div class=\"wp-block-column is-layout-flow wp-block-column-is-layout-flow\"><div class=\"wp-block-image\">\n<figure class=\"alignright size-thumbnail\"><img decoding=\"async\" width=\"150\" height=\"150\" src=\"https:\/\/www.studentenwerk-magdeburg.de\/wp-content\/uploads\/2020\/09\/MG_3070s-150x150.jpg\" alt=\"\" class=\"wp-image-14993\" srcset=\"https:\/\/www.studentenwerk-magdeburg.de\/wp-content\/uploads\/2020\/09\/MG_3070s-150x150.jpg 150w, https:\/\/www.studentenwerk-magdeburg.de\/wp-content\/uploads\/2020\/09\/MG_3070s-300x300.jpg 300w, https:\/\/www.studentenwerk-magdeburg.de\/wp-content\/uploads\/2020\/09\/MG_3070s-600x600.jpg 600w, https:\/\/www.studentenwerk-magdeburg.de\/wp-content\/uploads\/2020\/09\/MG_3070s-768x768.jpg 768w, https:\/\/www.studentenwerk-magdeburg.de\/wp-content\/uploads\/2020\/09\/MG_3070s-800x800.jpg 800w, https:\/\/www.studentenwerk-magdeburg.de\/wp-content\/uploads\/2020\/09\/MG_3070s.jpg 1000w\" sizes=\"(max-width: 150px) 100vw, 150px\" \/><\/figure>\n<\/div>\n\n\n<h3 class=\"wp-block-heading\">Mensa Herrenkrug Magdeburg<\/h3>\n\n\n\n<p>Canteen and caf\u00e9 with terrace in Herrenkrug &#8211; in the middle of the green campus on Breitscheidstra\u00dfe. Breakfast, lunch and snacks. <a href=\"https:\/\/www.studentenwerk-magdeburg.de\/en\/canteens-cafeterias\/mensa-herrenkrug-menu\/\" data-type=\"page\" data-id=\"3124\">To the menu\u21e2<\/a><\/p>\n\n\n\n<figure class=\"wp-block-table\"><table class=\"has-fixed-layout\"><thead><tr><td colspan=\"2\"><strong>During the lecture and examination period<\/strong><\/td><\/tr><\/thead><tbody><tr><td>&nbsp;<\/td><td>Mon. &#8211; Thu.: 08:00 &#8211; 14:15<br>\nFri: 08:00 &#8211; 14:00<\/td><\/tr><tr><th colspan=\"2\"><strong>Outside the lecture and examination period<\/strong><\/th><\/tr><tr><td>&nbsp;<\/td><td>Mon. &#8211; Fri.: 11:00 &#8211; 13:30<\/td><\/tr><\/tbody><\/table><\/figure>\n<\/div>\n<\/div>\n\n\n\n<div class=\"wp-block-columns is-layout-flex wp-container-core-columns-is-layout-9d6595d7 wp-block-columns-is-layout-flex\">\n<div class=\"wp-block-column is-layout-flow wp-block-column-is-layout-flow\"><div class=\"wp-block-image\">\n<figure class=\"alignright size-thumbnail\"><img decoding=\"async\" width=\"150\" height=\"150\" src=\"https:\/\/www.studentenwerk-magdeburg.de\/wp-content\/uploads\/2012\/06\/mensa_stendal_2019-150x150.jpg\" alt=\"\" class=\"wp-image-11755\" srcset=\"https:\/\/www.studentenwerk-magdeburg.de\/wp-content\/uploads\/2012\/06\/mensa_stendal_2019-150x150.jpg 150w, https:\/\/www.studentenwerk-magdeburg.de\/wp-content\/uploads\/2012\/06\/mensa_stendal_2019-300x300.jpg 300w, https:\/\/www.studentenwerk-magdeburg.de\/wp-content\/uploads\/2012\/06\/mensa_stendal_2019-768x768.jpg 768w, https:\/\/www.studentenwerk-magdeburg.de\/wp-content\/uploads\/2012\/06\/mensa_stendal_2019-600x600.jpg 600w, https:\/\/www.studentenwerk-magdeburg.de\/wp-content\/uploads\/2012\/06\/mensa_stendal_2019-800x800.jpg 800w, https:\/\/www.studentenwerk-magdeburg.de\/wp-content\/uploads\/2012\/06\/mensa_stendal_2019-190x190.jpg 190w, https:\/\/www.studentenwerk-magdeburg.de\/wp-content\/uploads\/2012\/06\/mensa_stendal_2019-100x100.jpg 100w, https:\/\/www.studentenwerk-magdeburg.de\/wp-content\/uploads\/2012\/06\/mensa_stendal_2019.jpg 1200w\" sizes=\"(max-width: 150px) 100vw, 150px\" \/><\/figure>\n<\/div>\n\n\n<h3 class=\"wp-block-heading\">Mensa Stendal<\/h3>\n\n\n\n<p>On the campus on Osterburger Stra\u00dfe, the canteen and the integrated caf\u00e9 with 80 seats invite you to linger. Breakfast, lunch and snacks. <a href=\"https:\/\/www.studentenwerk-magdeburg.de\/en\/canteens-cafeterias\/mensa-stendal-menu\/\" data-type=\"page\" data-id=\"3149\">To the current menu\u21e2<\/a><\/p>\n\n\n\n<figure class=\"wp-block-table\"><table class=\"has-fixed-layout\"><thead><tr><td colspan=\"2\"><strong>During the lecture and examination period<\/strong><\/td><\/tr><\/thead><tbody><tr><td><strong>Dining room<\/strong><\/td><td>Mon. &#8211; Fri.: 11:15 &#8211; 14:15<br>\nSat: 12:00 &#8211; 13:30<\/td><\/tr><tr><td><strong>Caf\u00e9 Stendal<\/strong><\/td><td>Mon. &#8211; Fri.: 09:30 &#8211; 14:15<br>\nSale of snacks via the canteen<\/td><\/tr><tr><th colspan=\"2\"><strong>Outside the lecture and examination period<\/strong><\/th><\/tr><tr><td><strong>Dining room<\/strong><\/td><td>Closed<\/td><\/tr><tr><td><strong>Caf\u00e9 Stendal<\/strong><\/td><td>Closed<\/td><\/tr><\/tbody><\/table><\/figure>\n<\/div>\n\n\n\n<div class=\"wp-block-column is-layout-flow wp-block-column-is-layout-flow\"><div class=\"wp-block-image\">\n<figure class=\"alignright size-thumbnail\"><img decoding=\"async\" width=\"150\" height=\"150\" src=\"https:\/\/www.studentenwerk-magdeburg.de\/wp-content\/uploads\/2012\/02\/mensa_halberstadt_aussen-150x150.jpg\" alt=\"\" class=\"wp-image-2236\" srcset=\"https:\/\/www.studentenwerk-magdeburg.de\/wp-content\/uploads\/2012\/02\/mensa_halberstadt_aussen-150x150.jpg 150w, https:\/\/www.studentenwerk-magdeburg.de\/wp-content\/uploads\/2012\/02\/mensa_halberstadt_aussen-300x300.jpg 300w, https:\/\/www.studentenwerk-magdeburg.de\/wp-content\/uploads\/2012\/02\/mensa_halberstadt_aussen.jpg 480w\" sizes=\"(max-width: 150px) 100vw, 150px\" \/><\/figure>\n<\/div>\n\n\n<h3 class=\"wp-block-heading\">Mensa DomCafete Halberstadt<\/h3>\n\n\n\n<p>On the grounds of the Harz University of Applied Sciences &#8211; close to the city center directly on Domplatz. Breakfast, lunch, coffee specialties, cakes, ice cream and drinks. <a href=\"https:\/\/www.studentenwerk-magdeburg.de\/en\/canteens-cafeterias\/mensa-halberstadt-menu\/\" data-type=\"page\" data-id=\"3158\">To the current menu\u21e2<\/a><\/p>\n\n\n\n<figure class=\"wp-block-table\"><table class=\"has-fixed-layout\"><thead><tr><td colspan=\"2\"><strong>During the lecture and examination period:<\/strong><\/td><\/tr><\/thead><tbody><tr><td>open:<\/td><td>Mon. &#8211; Thurs.: 07:45 &#8211; 13:45<br>\nFri.: 07:45 &#8211; 13:30<\/td><\/tr><tr><td>Lunch:<\/td><td>Mon. &#8211; Thurs.: 11:15 &#8211; 13:45<br>\nFri.: 11:15 &#8211; 13:30<\/td><\/tr><tr><th colspan=\"2\"><strong>Outside the lecture and examination period:<\/strong><\/th><\/tr><tr><td>&nbsp;<\/td><td>Closed<\/td><\/tr><\/tbody><\/table><\/figure>\n<\/div>\n<\/div>\n\n\n\n<div class=\"wp-block-columns is-layout-flex wp-container-core-columns-is-layout-9d6595d7 wp-block-columns-is-layout-flex\">\n<div class=\"wp-block-column is-layout-flow wp-block-column-is-layout-flow\"><div class=\"wp-block-image\">\n<figure class=\"alignright size-thumbnail\"><img decoding=\"async\" width=\"150\" height=\"150\" src=\"https:\/\/www.studentenwerk-magdeburg.de\/wp-content\/uploads\/2012\/02\/mensa_wernigerode_2019-150x150.jpg\" alt=\"\" class=\"wp-image-11749\" srcset=\"https:\/\/www.studentenwerk-magdeburg.de\/wp-content\/uploads\/2012\/02\/mensa_wernigerode_2019-150x150.jpg 150w, https:\/\/www.studentenwerk-magdeburg.de\/wp-content\/uploads\/2012\/02\/mensa_wernigerode_2019-300x300.jpg 300w, https:\/\/www.studentenwerk-magdeburg.de\/wp-content\/uploads\/2012\/02\/mensa_wernigerode_2019-768x768.jpg 768w, https:\/\/www.studentenwerk-magdeburg.de\/wp-content\/uploads\/2012\/02\/mensa_wernigerode_2019-600x600.jpg 600w, https:\/\/www.studentenwerk-magdeburg.de\/wp-content\/uploads\/2012\/02\/mensa_wernigerode_2019-800x800.jpg 800w, https:\/\/www.studentenwerk-magdeburg.de\/wp-content\/uploads\/2012\/02\/mensa_wernigerode_2019-190x190.jpg 190w, https:\/\/www.studentenwerk-magdeburg.de\/wp-content\/uploads\/2012\/02\/mensa_wernigerode_2019-100x100.jpg 100w, https:\/\/www.studentenwerk-magdeburg.de\/wp-content\/uploads\/2012\/02\/mensa_wernigerode_2019.jpg 1200w\" sizes=\"(max-width: 150px) 100vw, 150px\" \/><\/figure>\n<\/div>\n\n\n<h3 class=\"wp-block-heading\">Mensa Wernigerode<\/h3>\n\n\n\n<p>Directly on the university&#8217;s Friedrichstrasse campus. From the dining room, the guest has a beautiful view of the park and the Brockenbahn. Extensive breakfast offer, lunch and snacks. <a href=\"https:\/\/www.studentenwerk-magdeburg.de\/en\/canteens-cafeterias\/mensa-wernigerode-menu\/\" data-type=\"page\" data-id=\"3166\">To the current menu\u21e2<\/a><\/p>\n\n\n\n<figure class=\"wp-block-table\"><table class=\"has-fixed-layout\"><thead><tr><td colspan=\"2\"><strong>During the lecture period<\/strong><\/td><\/tr><\/thead><tbody><tr><td><strong>Dining room<\/strong><\/td><td>Mon. &#8211; Thurs.: 11:00 &#8211; 14:00<br>\nFri.: 11:00 &#8211; 13:30<\/td><\/tr><tr><td><strong>Caf\u00e9 au lait Wernigerode<\/strong><\/td><td>Mon. &#8211; Fri.: 07:30 &#8211; 13:00<\/td><\/tr><tr><th colspan=\"2\"><strong>Outside lecture time<\/strong><\/th><\/tr><tr><td><strong>Dining room<\/strong><\/td><td>Mon. &#8211; Fri.: 11:00 &#8211; 13:30 (food served in the cafeteria &#8220;Caf\u00e9 au lait&#8221;)<\/td><\/tr><tr><td><strong>Caf\u00e9 au lait Wernigerode<\/strong><\/td><td>Mon. &#8211; Fri.: 07:30 &#8211; 11:00, followed by lunch service<\/td><\/tr><\/tbody><\/table><\/figure>\n<\/div>\n\n\n\n<div class=\"wp-block-column is-layout-flow wp-block-column-is-layout-flow\"><div class=\"wp-block-image\">\n<figure class=\"alignright size-thumbnail\"><img decoding=\"async\" width=\"150\" height=\"150\" src=\"https:\/\/www.studentenwerk-magdeburg.de\/wp-content\/uploads\/2024\/08\/blub-150x150.png\" alt=\"\" class=\"wp-image-19148\" srcset=\"https:\/\/www.studentenwerk-magdeburg.de\/wp-content\/uploads\/2024\/08\/blub-150x150.png 150w, https:\/\/www.studentenwerk-magdeburg.de\/wp-content\/uploads\/2024\/08\/blub-300x300.png 300w, https:\/\/www.studentenwerk-magdeburg.de\/wp-content\/uploads\/2024\/08\/blub-600x600.png 600w, https:\/\/www.studentenwerk-magdeburg.de\/wp-content\/uploads\/2024\/08\/blub-768x762.png 768w, https:\/\/www.studentenwerk-magdeburg.de\/wp-content\/uploads\/2024\/08\/blub.png 788w\" sizes=\"(max-width: 150px) 100vw, 150px\" \/><\/figure>\n<\/div>\n\n\n<h3 class=\"wp-block-heading\">blub in house 3 Wernigerode<\/h3>\n\n\n\n<p>Since August 1, the former &#8220;Kaffeeklappe&#8221; in House 3 at the Harz University of Applied Sciences has reopened for you under the name &#8220;blub&#8221;. and offers you hot and cold drinks as well as small snacks! <a href=\"https:\/\/www.studentenwerk-magdeburg.de\/en\/canteens-cafeterias\/dining-plan-blub-in-house-3-wernigerode\/\" data-type=\"page\" data-id=\"19689\">To the current menu\u21e2<\/a><\/p>\n\n\n\n<figure class=\"wp-block-table\"><table class=\"has-fixed-layout\"><thead><tr><td colspan=\"2\"><strong>During the lecture period<\/strong><\/td><\/tr><\/thead><tbody><tr><td><strong>blub main building<\/strong><\/td><td>follow<\/td><\/tr><tr><th colspan=\"2\"><strong>Outside lecture time<\/strong><\/th><\/tr><tr><td><strong>blub main building<\/strong><\/td><td>11.07. \u2013 19.07.: 07:45 \u2013 13:00 Uhr<br>\n22.07. \u2013 11.09.: 08:30 \u2013 13:30 Uhr<\/td><\/tr><\/tbody><\/table><\/figure>\n<\/div>\n<\/div>\n\n\n<div class='newsliste'><div class='neuenews'><div class='newszeile'><div class='newsspalte'><h2 class='newstitel'><a href='https:\/\/www.studentenwerk-magdeburg.de\/en\/functional-food-essen-mit-zusatznutzen-in-deiner-mensa\/'>Functional Food &#8211; Essen mit Zusatznutzen in deiner Mensa<\/a><\/h2><a href='https:\/\/www.studentenwerk-magdeburg.de\/en\/functional-food-essen-mit-zusatznutzen-in-deiner-mensa\/'><img class='alignright size-news' src='https:\/\/www.studentenwerk-magdeburg.de\/wp-content\/uploads\/2026\/04\/swmd_some_sose2026_functionalfood_1-540x675.jpg' alt='Functional Food &#8211; Essen mit Zusatznutzen in deiner Mensa' \/><\/a>(<a href=\"https:\/\/www.studentenwerk-magdeburg.de\/en\/category\/mensen\/\">Mensen &amp; Cafeterien<\/a>, 12. April 2026) Auch im Sommersemester erwarten euch in unseren Mensen wieder abwechslungsreiche Aktionswochen. Diese Woche hei\u00dft es: \u201eFunctional Food\u201c. Freut euch auf leckere Gerichte mit echtem Mehrwert \u2013 reich an Vitaminen &amp; Mineralstoffen, gut f\u00fcr eure Laune &#x1f604; und perfekt f\u00fcr Fokus &amp; Konzentration im Uni-Alltag! In den Mensen Pf\u00e4lzer Stra\u00dfe (UniCampus) &hellip; <a href=\"https:\/\/www.studentenwerk-magdeburg.de\/en\/functional-food-essen-mit-zusatznutzen-in-deiner-mensa\/\">Continue reading <span class=\"meta-nav\">&rarr;<\/span><\/a><\/div><div class='newsspalte'><h2 class='newstitel'><a href='https:\/\/www.studentenwerk-magdeburg.de\/en\/jogo-das-sagt-ihr\/'>JoGo &#8211; Das sagt ihr!<\/a><\/h2><a href='https:\/\/www.studentenwerk-magdeburg.de\/en\/jogo-das-sagt-ihr\/'><img class='alignright size-news' src='https:\/\/www.studentenwerk-magdeburg.de\/wp-content\/uploads\/2025\/11\/swmd_symbol_videoimbeitrag-600x600-1.jpg' alt='JoGo &#8211; Das sagt ihr!' \/><\/a>(<a href=\"https:\/\/www.studentenwerk-magdeburg.de\/en\/category\/allgemein\/\">Allgemein<\/a>, 7. April 2026) Kaffee oder Cocktail, Lieblingsgetr\u00e4nk im JoGo &#8230; wir haben euch gefragt! Warum kommt ihr ins JoGo? Wie viele Sterne w\u00fcrdet ihr verteilen und warum sollte man unbedingt mal in der neuen Studibar vorbeischauen? Paul und Bounty geben euch einen kleinen Einblick! Seit Dreh hat sich schon einiges getan: neue Wandfarbe, &hellip; <a href=\"https:\/\/www.studentenwerk-magdeburg.de\/en\/jogo-das-sagt-ihr\/\">Continue reading <span class=\"meta-nav\">&rarr;<\/span><\/a><\/div><\/div><div class='newszeile'><div class='newsspalte'><h2 class='newstitel'><a href='https:\/\/www.studentenwerk-magdeburg.de\/en\/jetzt-wirds-lecker-neuheiten-aus-euren-mensen-cafeterien\/'>Jetzt wird\u2019s lecker! Neuheiten aus euren Mensen &amp; Cafeterien<\/a><\/h2><a href='https:\/\/www.studentenwerk-magdeburg.de\/en\/jetzt-wirds-lecker-neuheiten-aus-euren-mensen-cafeterien\/'><img class='alignright size-news' src='https:\/\/www.studentenwerk-magdeburg.de\/wp-content\/uploads\/2026\/04\/some_swmd_getraenke_202604-540x675.jpg' alt='Jetzt wird\u2019s lecker! Neuheiten aus euren Mensen &amp; Cafeterien' \/><\/a>(<a href=\"https:\/\/www.studentenwerk-magdeburg.de\/en\/category\/mensen\/\">Mensen &amp; Cafeterien<\/a>, 2. April 2026) Gestern haben wir euch noch ein bisschen aufs Glatteis gef\u00fchrt \u2013 heute gibt\u2019s daf\u00fcr echte Neuheiten aus euren Mensen &amp; Cafeterien Neu von YUNIQ:Asiatisch inspirierte Limos mit extra Twist!Fein abgestimmt, nicht zu s\u00fc\u00df und richtig refreshing \u2013 checkt unbedingt die neue Sorte Salted Lychee ai:tea ist am Start:100 % Bio, &hellip; <a href=\"https:\/\/www.studentenwerk-magdeburg.de\/en\/jetzt-wirds-lecker-neuheiten-aus-euren-mensen-cafeterien\/\">Continue reading <span class=\"meta-nav\">&rarr;<\/span><\/a><\/div><div class='newsspalte'><h2 class='newstitel'><a href='https:\/\/www.studentenwerk-magdeburg.de\/en\/neu-unser-fruehlingsburger\/'>NEU: Unser Fr\u00fchlingsburger<\/a><\/h2><a href='https:\/\/www.studentenwerk-magdeburg.de\/en\/neu-unser-fruehlingsburger\/'><img class='alignright size-news' src='https:\/\/www.studentenwerk-magdeburg.de\/wp-content\/uploads\/2026\/03\/Grafik_Fruehlingsburger-540x675.jpg' alt='NEU: Unser Fr\u00fchlingsburger' \/><\/a>(<a href=\"https:\/\/www.studentenwerk-magdeburg.de\/en\/category\/allgemein\/\">Allgemein<\/a>, 26. March 2026) Seid ihr auch so ready f\u00fcr den Fr\u00fchling wie wir? Wir haben f\u00fcr euch wieder einen richtigen Leckerbissen gezaubert! Ab sofort gibt es ganz neu unseren Fr\u00fchlingsburger als Burger-Special der Saison: Crunchy Kimchi-Burger mit Chinakohl, Sesamgurken und Koriander-Aioli (Studierende: 3,70 \u20ac \/ Bedienstete: 5,40 \u20ac \/ G\u00e4ste: 6,80 \u20ac) auf &hellip; <a href=\"https:\/\/www.studentenwerk-magdeburg.de\/en\/neu-unser-fruehlingsburger\/\">Continue reading <span class=\"meta-nav\">&rarr;<\/span><\/a><\/div><\/div><\/div><\/div>\n","protected":false},"excerpt":{"rendered":"<p>Our canteens &amp; cafeterias On the following pages you can find out more about the offers in our canteens and cafeterias! Mensa UniCampus Magdeburg Directly on the OVGU campus opposite the library and university computer center. Breakfast, lunch and snacks. Menu lower hall\u21e2 Menu upper hall\u21e2 During the lecture period &hellip; <a href=\"https:\/\/www.studentenwerk-magdeburg.de\/en\/neu-unser-fruehlingsburger\/\">Continue reading <span class=\"meta-nav\">&rarr;<\/span><\/a><\/p>\n","protected":false},"author":15,"featured_media":0,"parent":0,"menu_order":6,"comment_status":"closed","ping_status":"closed","template":"onecolumn-page.php","meta":{"_mc_calendar":[],"footnotes":""},"class_list":["post-2012","page","type-page","status-publish","hentry"],"_links":{"self":[{"href":"https:\/\/www.studentenwerk-magdeburg.de\/en\/wp-json\/wp\/v2\/pages\/2012","targetHints":{"allow":["GET"]}}],"collection":[{"href":"https:\/\/www.studentenwerk-magdeburg.de\/en\/wp-json\/wp\/v2\/pages"}],"about":[{"href":"https:\/\/www.studentenwerk-magdeburg.de\/en\/wp-json\/wp\/v2\/types\/page"}],"author":[{"embeddable":true,"href":"https:\/\/www.studentenwerk-magdeburg.de\/en\/wp-json\/wp\/v2\/users\/15"}],"replies":[{"embeddable":true,"href":"https:\/\/www.studentenwerk-magdeburg.de\/en\/wp-json\/wp\/v2\/comments?post=2012"}],"version-history":[{"count":20,"href":"https:\/\/www.studentenwerk-magdeburg.de\/en\/wp-json\/wp\/v2\/pages\/2012\/revisions"}],"predecessor-version":[{"id":21558,"href":"https:\/\/www.studentenwerk-magdeburg.de\/en\/wp-json\/wp\/v2\/pages\/2012\/revisions\/21558"}],"wp:attachment":[{"href":"https:\/\/www.studentenwerk-magdeburg.de\/en\/wp-json\/wp\/v2\/media?parent=2012"}],"curies":[{"name":"wp","href":"https:\/\/api.w.org\/{rel}","templated":true}]}}