{"id":1977,"date":"2012-08-03T14:38:12","date_gmt":"2012-08-03T12:38:12","guid":{"rendered":"http:\/\/www1.studentenwerk-magdeburg.de\/?page_id=1977"},"modified":"2019-10-30T18:03:26","modified_gmt":"2019-10-30T16:03:26","slug":"finances","status":"publish","type":"page","link":"https:\/\/www.studentenwerk-magdeburg.de\/en\/finances\/","title":{"rendered":"Finances"},"content":{"rendered":"<h1>Your contact for all financial questions concerning your studies!<\/h1>\n<p><img decoding=\"async\" width=\"300\" height=\"300\" class=\"alignright size-large wp-image-1347\" title=\"Graphic BAf\u00f6G Studies Money\" src=\"https:\/\/www.studentenwerk-magdeburg.de\/wp-content\/uploads\/2012\/02\/bafoeg_wuerfel-300x300.jpg\" alt=\"Graphic BAf\u00f6G Studies Money\" srcset=\"https:\/\/www.studentenwerk-magdeburg.de\/wp-content\/uploads\/2012\/02\/bafoeg_wuerfel-300x300.jpg 300w, https:\/\/www.studentenwerk-magdeburg.de\/wp-content\/uploads\/2012\/02\/bafoeg_wuerfel-150x150.jpg 150w, https:\/\/www.studentenwerk-magdeburg.de\/wp-content\/uploads\/2012\/02\/bafoeg_wuerfel.jpg 480w\" sizes=\"(max-width: 300px) 100vw, 300px\" \/><\/p>\n<p>Hardly any student has a regular income, since the study stands in the forefront. One of the most pressing issues for students is how to ensure the upkeep of their training. Students usually live on<\/p>\n<ul>\n<li>child benefits,<\/li>\n<li>financial aid of the parents (assistance to the student),<\/li>\n<li>government education grants (BAf\u00f6G),<\/li>\n<li>scholarships,<\/li>\n<li>student loans or<\/li>\n<li>income from minor employment.<\/li>\n<\/ul>\n<p>The Studentenwerk Magdeburg&#8217;s Office for Educational Support is the contact for all financial questions concerning studies. Of particular importance are education grants under BAf\u00f6G (Federal Training Assistance Act). One half of this grant is given as a government subsidy and the other half is given as an interest-free loan that can be repaid under very favourable terms.<\/p>\n<p>If there is no or only partial entitlement to BAf\u00f6G you may face financial emergencies and cases of exceptional hardship. In these cases, students have several options to get support from both public and private sources. Even if you apply for these various financing instruments, we will do our utmost to assist you.<\/p>\n<h2>Latest News in German:<\/h2>\n<div class='newsliste'><div class='neuenews'><div class='newszeile'><div class='newsspalte'><h2 class='newstitel'><a href='https:\/\/www.studentenwerk-magdeburg.de\/en\/noch-bis-zum-30-4-deinen-bafoeg-antrag-stellen-und-geld-fuer-april-sichern\/'>Noch bis zum 30.4 deinen BAf\u00f6G-Antrag stellen \u2013 und Geld f\u00fcr April sichern!<\/a><\/h2><a href='https:\/\/www.studentenwerk-magdeburg.de\/en\/noch-bis-zum-30-4-deinen-bafoeg-antrag-stellen-und-geld-fuer-april-sichern\/'><img class='alignright size-news' src='https:\/\/www.studentenwerk-magdeburg.de\/wp-content\/uploads\/2026\/04\/Jetzt-Bafoeg-Antrag-stellen-540x675.jpg' alt='Noch bis zum 30.4 deinen BAf\u00f6G-Antrag stellen \u2013 und Geld f\u00fcr April sichern!' \/><\/a>(<a href=\"https:\/\/www.studentenwerk-magdeburg.de\/en\/category\/allgemein\/\">Allgemein<\/a>, 26. April 2026) Studieren kostet \u2013 aber du musst nicht alles allein stemmen. Dank BAf\u00f6G bekommst du finanzielle Unterst\u00fctzung, damit du dich voll aufs Studium konzentrieren kannst. Auf einen Blick: Es lohnt sich, den Antrag zu stellen! Egal, ob du zum ersten Mal BAf\u00f6G beantragst oder es sich um einen Folgeantrag handelt &#8211; &hellip; <a href=\"https:\/\/www.studentenwerk-magdeburg.de\/en\/noch-bis-zum-30-4-deinen-bafoeg-antrag-stellen-und-geld-fuer-april-sichern\/\">Continue reading <span class=\"meta-nav\">&rarr;<\/span><\/a><\/div><div class='newsspalte'><h2 class='newstitel'><a href='https:\/\/www.studentenwerk-magdeburg.de\/en\/studieren-und-trotzdem-wohngeld-bekommen-so-funktionierts\/'>Studieren und trotzdem Wohngeld bekommen? So funktioniert\u2019s:<\/a><\/h2><a href='https:\/\/www.studentenwerk-magdeburg.de\/en\/studieren-und-trotzdem-wohngeld-bekommen-so-funktionierts\/'><img class='alignright size-news' src='https:\/\/www.studentenwerk-magdeburg.de\/wp-content\/uploads\/2026\/04\/Grafik_Wohngeldstelle-540x675.jpg' alt='Studieren und trotzdem Wohngeld bekommen? So funktioniert\u2019s:' \/><\/a>(<a href=\"https:\/\/www.studentenwerk-magdeburg.de\/en\/category\/allgemein\/\">Allgemein<\/a>, 15. April 2026) Studierende in Deutschland bekommen normalerweise kein Wohngeld, weil sie dem Grunde nach Anspruch auf BAf\u00f6G haben \u2013 selbst dann, wenn sie kein BAf\u00f6G ausgezahlt bekommen. Hei\u00dft konkret:Wird dein BAf\u00f6G-Antrag z. B. wegen zu hohem Einkommen deiner Eltern oder eigenem Verm\u00f6gen abgelehnt, giltst du trotzdem als BAf\u00f6G-berechtigt \u2013 und hast keinen &hellip; <a href=\"https:\/\/www.studentenwerk-magdeburg.de\/en\/studieren-und-trotzdem-wohngeld-bekommen-so-funktionierts\/\">Continue reading <span class=\"meta-nav\">&rarr;<\/span><\/a><\/div><\/div><div class='newszeile'><div class='newsspalte'><h2 class='newstitel'><a href='https:\/\/www.studentenwerk-magdeburg.de\/en\/jetzt-deinen-bafoeg-antrag-stellen\/'>Jetzt deinen BAf\u00f6G-Antrag stellen!<\/a><\/h2><a href='https:\/\/www.studentenwerk-magdeburg.de\/en\/jetzt-deinen-bafoeg-antrag-stellen\/'><img class='alignright size-news' src='https:\/\/www.studentenwerk-magdeburg.de\/wp-content\/uploads\/2026\/03\/Jetzt-Bafoeg-Antrag-stellen-540x675.jpg' alt='Jetzt deinen BAf\u00f6G-Antrag stellen!' \/><\/a>(<a href=\"https:\/\/www.studentenwerk-magdeburg.de\/en\/category\/allgemein\/\">Allgemein<\/a>, 23. March 2026) Studieren kostet \u2013 aber du musst nicht alles allein stemmen. Dank BAf\u00f6G bekommst du finanzielle Unterst\u00fctzung, damit du dich voll aufs Studium konzentrieren kannst. Auf einen Blick: Es lohnt sich, den Antrag zu stellen! Bei Fragen ist unser Amt f\u00fcr Ausbildungsf\u00f6rderung f\u00fcr dich da. Schau einfach mal hier vorbei: BAf\u00f6G-Sprechstunden &hellip; <a href=\"https:\/\/www.studentenwerk-magdeburg.de\/en\/jetzt-deinen-bafoeg-antrag-stellen\/\">Continue reading <span class=\"meta-nav\">&rarr;<\/span><\/a><\/div><\/div><\/div><\/div>\n","protected":false},"excerpt":{"rendered":"<p>Your contact for all financial questions concerning your studies! Hardly any student has a regular income, since the study stands in the forefront. One of the most pressing issues for students is how to ensure the upkeep of their training. Students usually live on child benefits, financial aid of the &hellip; <a href=\"https:\/\/www.studentenwerk-magdeburg.de\/en\/jetzt-deinen-bafoeg-antrag-stellen\/\">Continue reading <span class=\"meta-nav\">&rarr;<\/span><\/a><\/p>\n","protected":false},"author":36,"featured_media":0,"parent":0,"menu_order":4,"comment_status":"closed","ping_status":"closed","template":"","meta":{"_mc_calendar":[],"footnotes":""},"class_list":["post-1977","page","type-page","status-publish","hentry"],"_links":{"self":[{"href":"https:\/\/www.studentenwerk-magdeburg.de\/en\/wp-json\/wp\/v2\/pages\/1977","targetHints":{"allow":["GET"]}}],"collection":[{"href":"https:\/\/www.studentenwerk-magdeburg.de\/en\/wp-json\/wp\/v2\/pages"}],"about":[{"href":"https:\/\/www.studentenwerk-magdeburg.de\/en\/wp-json\/wp\/v2\/types\/page"}],"author":[{"embeddable":true,"href":"https:\/\/www.studentenwerk-magdeburg.de\/en\/wp-json\/wp\/v2\/users\/36"}],"replies":[{"embeddable":true,"href":"https:\/\/www.studentenwerk-magdeburg.de\/en\/wp-json\/wp\/v2\/comments?post=1977"}],"version-history":[{"count":10,"href":"https:\/\/www.studentenwerk-magdeburg.de\/en\/wp-json\/wp\/v2\/pages\/1977\/revisions"}],"predecessor-version":[{"id":13047,"href":"https:\/\/www.studentenwerk-magdeburg.de\/en\/wp-json\/wp\/v2\/pages\/1977\/revisions\/13047"}],"wp:attachment":[{"href":"https:\/\/www.studentenwerk-magdeburg.de\/en\/wp-json\/wp\/v2\/media?parent=1977"}],"curies":[{"name":"wp","href":"https:\/\/api.w.org\/{rel}","templated":true}]}}