{"id":1975,"date":"2012-07-20T15:36:09","date_gmt":"2012-07-20T13:36:09","guid":{"rendered":"http:\/\/www1.studentenwerk-magdeburg.de\/studentenwerk\/"},"modified":"2026-04-01T11:22:09","modified_gmt":"2026-04-01T09:22:09","slug":"studentenwerk","status":"publish","type":"page","link":"https:\/\/www.studentenwerk-magdeburg.de\/en\/","title":{"rendered":"Studentenwerk"},"content":{"rendered":"\n<div class=\"wp-block-columns menukacheln is-layout-flex wp-container-core-columns-is-layout-9d6595d7 wp-block-columns-is-layout-flex\">\n<div class=\"wp-block-column is-layout-flow wp-block-column-is-layout-flow\">\n<figure class=\"wp-block-image size-full\"><a href=\"https:\/\/www.studentenwerk-magdeburg.de\/en\/canteens-cafeterias\/today-in-our-canteens\/\"><img decoding=\"async\" width=\"1600\" height=\"1600\" src=\"https:\/\/www.studentenwerk-magdeburg.de\/wp-content\/uploads\/2024\/09\/swmd_webkacheln_2024_2025_englisch_1.jpg\" alt=\"\" class=\"wp-image-19436\" srcset=\"https:\/\/www.studentenwerk-magdeburg.de\/wp-content\/uploads\/2024\/09\/swmd_webkacheln_2024_2025_englisch_1.jpg 1600w, https:\/\/www.studentenwerk-magdeburg.de\/wp-content\/uploads\/2024\/09\/swmd_webkacheln_2024_2025_englisch_1-300x300.jpg 300w, https:\/\/www.studentenwerk-magdeburg.de\/wp-content\/uploads\/2024\/09\/swmd_webkacheln_2024_2025_englisch_1-600x600.jpg 600w, https:\/\/www.studentenwerk-magdeburg.de\/wp-content\/uploads\/2024\/09\/swmd_webkacheln_2024_2025_englisch_1-150x150.jpg 150w, https:\/\/www.studentenwerk-magdeburg.de\/wp-content\/uploads\/2024\/09\/swmd_webkacheln_2024_2025_englisch_1-768x768.jpg 768w, https:\/\/www.studentenwerk-magdeburg.de\/wp-content\/uploads\/2024\/09\/swmd_webkacheln_2024_2025_englisch_1-1536x1536.jpg 1536w, https:\/\/www.studentenwerk-magdeburg.de\/wp-content\/uploads\/2024\/09\/swmd_webkacheln_2024_2025_englisch_1-800x800.jpg 800w\" sizes=\"(max-width: 1600px) 100vw, 1600px\" \/><\/a><\/figure>\n<\/div>\n\n\n\n<div class=\"wp-block-column is-layout-flow wp-block-column-is-layout-flow\">\n<figure class=\"wp-block-image size-full\"><a href=\"https:\/\/www.studentenwerk-magdeburg.de\/en\/finances\/bafog\/\"><img decoding=\"async\" width=\"1600\" height=\"1600\" src=\"https:\/\/www.studentenwerk-magdeburg.de\/wp-content\/uploads\/2024\/09\/swmd_webkacheln_2024_2025_englisch_2.jpg\" alt=\"\" class=\"wp-image-19438\" srcset=\"https:\/\/www.studentenwerk-magdeburg.de\/wp-content\/uploads\/2024\/09\/swmd_webkacheln_2024_2025_englisch_2.jpg 1600w, https:\/\/www.studentenwerk-magdeburg.de\/wp-content\/uploads\/2024\/09\/swmd_webkacheln_2024_2025_englisch_2-300x300.jpg 300w, https:\/\/www.studentenwerk-magdeburg.de\/wp-content\/uploads\/2024\/09\/swmd_webkacheln_2024_2025_englisch_2-600x600.jpg 600w, https:\/\/www.studentenwerk-magdeburg.de\/wp-content\/uploads\/2024\/09\/swmd_webkacheln_2024_2025_englisch_2-150x150.jpg 150w, https:\/\/www.studentenwerk-magdeburg.de\/wp-content\/uploads\/2024\/09\/swmd_webkacheln_2024_2025_englisch_2-768x768.jpg 768w, https:\/\/www.studentenwerk-magdeburg.de\/wp-content\/uploads\/2024\/09\/swmd_webkacheln_2024_2025_englisch_2-1536x1536.jpg 1536w, https:\/\/www.studentenwerk-magdeburg.de\/wp-content\/uploads\/2024\/09\/swmd_webkacheln_2024_2025_englisch_2-800x800.jpg 800w\" sizes=\"(max-width: 1600px) 100vw, 1600px\" \/><\/a><\/figure>\n<\/div>\n\n\n\n<div class=\"wp-block-column is-layout-flow wp-block-column-is-layout-flow\">\n<figure class=\"wp-block-image size-full\"><a href=\"https:\/\/www.studentenwerk-magdeburg.de\/en\/dormitories-at-a-glance\/\"><img decoding=\"async\" width=\"1600\" height=\"1600\" src=\"https:\/\/www.studentenwerk-magdeburg.de\/wp-content\/uploads\/2024\/09\/swmd_webkacheln_2024_2025_englisch_3.jpg\" alt=\"\" class=\"wp-image-19440\" srcset=\"https:\/\/www.studentenwerk-magdeburg.de\/wp-content\/uploads\/2024\/09\/swmd_webkacheln_2024_2025_englisch_3.jpg 1600w, https:\/\/www.studentenwerk-magdeburg.de\/wp-content\/uploads\/2024\/09\/swmd_webkacheln_2024_2025_englisch_3-300x300.jpg 300w, https:\/\/www.studentenwerk-magdeburg.de\/wp-content\/uploads\/2024\/09\/swmd_webkacheln_2024_2025_englisch_3-600x600.jpg 600w, https:\/\/www.studentenwerk-magdeburg.de\/wp-content\/uploads\/2024\/09\/swmd_webkacheln_2024_2025_englisch_3-150x150.jpg 150w, https:\/\/www.studentenwerk-magdeburg.de\/wp-content\/uploads\/2024\/09\/swmd_webkacheln_2024_2025_englisch_3-768x768.jpg 768w, https:\/\/www.studentenwerk-magdeburg.de\/wp-content\/uploads\/2024\/09\/swmd_webkacheln_2024_2025_englisch_3-1536x1536.jpg 1536w, https:\/\/www.studentenwerk-magdeburg.de\/wp-content\/uploads\/2024\/09\/swmd_webkacheln_2024_2025_englisch_3-800x800.jpg 800w\" sizes=\"(max-width: 1600px) 100vw, 1600px\" \/><\/a><\/figure>\n<\/div>\n\n\n\n<div class=\"wp-block-column is-layout-flow wp-block-column-is-layout-flow\">\n<figure class=\"wp-block-image size-full\"><a href=\"https:\/\/www.studentenwerk-magdeburg.de\/en\/accommodation\/damage_notification\/\"><img decoding=\"async\" width=\"1600\" height=\"1600\" src=\"https:\/\/www.studentenwerk-magdeburg.de\/wp-content\/uploads\/2024\/09\/swmd_webkacheln_2024_2025_englisch_4.jpg\" alt=\"\" class=\"wp-image-19442\" srcset=\"https:\/\/www.studentenwerk-magdeburg.de\/wp-content\/uploads\/2024\/09\/swmd_webkacheln_2024_2025_englisch_4.jpg 1600w, https:\/\/www.studentenwerk-magdeburg.de\/wp-content\/uploads\/2024\/09\/swmd_webkacheln_2024_2025_englisch_4-300x300.jpg 300w, https:\/\/www.studentenwerk-magdeburg.de\/wp-content\/uploads\/2024\/09\/swmd_webkacheln_2024_2025_englisch_4-600x600.jpg 600w, https:\/\/www.studentenwerk-magdeburg.de\/wp-content\/uploads\/2024\/09\/swmd_webkacheln_2024_2025_englisch_4-150x150.jpg 150w, https:\/\/www.studentenwerk-magdeburg.de\/wp-content\/uploads\/2024\/09\/swmd_webkacheln_2024_2025_englisch_4-768x768.jpg 768w, https:\/\/www.studentenwerk-magdeburg.de\/wp-content\/uploads\/2024\/09\/swmd_webkacheln_2024_2025_englisch_4-1536x1536.jpg 1536w, https:\/\/www.studentenwerk-magdeburg.de\/wp-content\/uploads\/2024\/09\/swmd_webkacheln_2024_2025_englisch_4-800x800.jpg 800w\" sizes=\"(max-width: 1600px) 100vw, 1600px\" \/><\/a><\/figure>\n<\/div>\n<\/div>\n\n\n\n<div class=\"wp-block-columns menukacheln is-layout-flex wp-container-core-columns-is-layout-9d6595d7 wp-block-columns-is-layout-flex\">\n<div class=\"wp-block-column is-layout-flow wp-block-column-is-layout-flow\">\n<figure class=\"wp-block-image size-full\"><a href=\"https:\/\/www.studentenwerk-magdeburg.de\/en\/advice-dates\/\"><img decoding=\"async\" width=\"1600\" height=\"1600\" src=\"https:\/\/www.studentenwerk-magdeburg.de\/wp-content\/uploads\/2024\/09\/swmd_webkacheln_2024_2025_englisch_5.jpg\" alt=\"\" class=\"wp-image-19444\" srcset=\"https:\/\/www.studentenwerk-magdeburg.de\/wp-content\/uploads\/2024\/09\/swmd_webkacheln_2024_2025_englisch_5.jpg 1600w, https:\/\/www.studentenwerk-magdeburg.de\/wp-content\/uploads\/2024\/09\/swmd_webkacheln_2024_2025_englisch_5-300x300.jpg 300w, https:\/\/www.studentenwerk-magdeburg.de\/wp-content\/uploads\/2024\/09\/swmd_webkacheln_2024_2025_englisch_5-600x600.jpg 600w, https:\/\/www.studentenwerk-magdeburg.de\/wp-content\/uploads\/2024\/09\/swmd_webkacheln_2024_2025_englisch_5-150x150.jpg 150w, https:\/\/www.studentenwerk-magdeburg.de\/wp-content\/uploads\/2024\/09\/swmd_webkacheln_2024_2025_englisch_5-768x768.jpg 768w, https:\/\/www.studentenwerk-magdeburg.de\/wp-content\/uploads\/2024\/09\/swmd_webkacheln_2024_2025_englisch_5-1536x1536.jpg 1536w, https:\/\/www.studentenwerk-magdeburg.de\/wp-content\/uploads\/2024\/09\/swmd_webkacheln_2024_2025_englisch_5-800x800.jpg 800w\" sizes=\"(max-width: 1600px) 100vw, 1600px\" \/><\/a><\/figure>\n<\/div>\n\n\n\n<div class=\"wp-block-column is-layout-flow wp-block-column-is-layout-flow\">\n<figure class=\"wp-block-image size-full\"><a href=\"https:\/\/www.studentenwerk-magdeburg.de\/en\/courses-workshops\/\"><img decoding=\"async\" width=\"1600\" height=\"1600\" src=\"https:\/\/www.studentenwerk-magdeburg.de\/wp-content\/uploads\/2024\/09\/swmd_webkacheln_2024_2025_englisch_6.jpg\" alt=\"\" class=\"wp-image-19446\" srcset=\"https:\/\/www.studentenwerk-magdeburg.de\/wp-content\/uploads\/2024\/09\/swmd_webkacheln_2024_2025_englisch_6.jpg 1600w, https:\/\/www.studentenwerk-magdeburg.de\/wp-content\/uploads\/2024\/09\/swmd_webkacheln_2024_2025_englisch_6-300x300.jpg 300w, https:\/\/www.studentenwerk-magdeburg.de\/wp-content\/uploads\/2024\/09\/swmd_webkacheln_2024_2025_englisch_6-600x600.jpg 600w, https:\/\/www.studentenwerk-magdeburg.de\/wp-content\/uploads\/2024\/09\/swmd_webkacheln_2024_2025_englisch_6-150x150.jpg 150w, https:\/\/www.studentenwerk-magdeburg.de\/wp-content\/uploads\/2024\/09\/swmd_webkacheln_2024_2025_englisch_6-768x768.jpg 768w, https:\/\/www.studentenwerk-magdeburg.de\/wp-content\/uploads\/2024\/09\/swmd_webkacheln_2024_2025_englisch_6-1536x1536.jpg 1536w, https:\/\/www.studentenwerk-magdeburg.de\/wp-content\/uploads\/2024\/09\/swmd_webkacheln_2024_2025_englisch_6-800x800.jpg 800w\" sizes=\"(max-width: 1600px) 100vw, 1600px\" \/><\/a><\/figure>\n<\/div>\n\n\n\n<div class=\"wp-block-column is-layout-flow wp-block-column-is-layout-flow\">\n<figure class=\"wp-block-image size-full\"><a href=\"https:\/\/www.studentenwerk-magdeburg.de\/en\/studentenwerk\/job-offers\/\"><img decoding=\"async\" width=\"1600\" height=\"1600\" src=\"https:\/\/www.studentenwerk-magdeburg.de\/wp-content\/uploads\/2024\/09\/swmd_webkacheln_2024_2025_englisch_7.jpg\" alt=\"\" class=\"wp-image-19448\" srcset=\"https:\/\/www.studentenwerk-magdeburg.de\/wp-content\/uploads\/2024\/09\/swmd_webkacheln_2024_2025_englisch_7.jpg 1600w, https:\/\/www.studentenwerk-magdeburg.de\/wp-content\/uploads\/2024\/09\/swmd_webkacheln_2024_2025_englisch_7-300x300.jpg 300w, https:\/\/www.studentenwerk-magdeburg.de\/wp-content\/uploads\/2024\/09\/swmd_webkacheln_2024_2025_englisch_7-600x600.jpg 600w, https:\/\/www.studentenwerk-magdeburg.de\/wp-content\/uploads\/2024\/09\/swmd_webkacheln_2024_2025_englisch_7-150x150.jpg 150w, https:\/\/www.studentenwerk-magdeburg.de\/wp-content\/uploads\/2024\/09\/swmd_webkacheln_2024_2025_englisch_7-768x768.jpg 768w, https:\/\/www.studentenwerk-magdeburg.de\/wp-content\/uploads\/2024\/09\/swmd_webkacheln_2024_2025_englisch_7-1536x1536.jpg 1536w, https:\/\/www.studentenwerk-magdeburg.de\/wp-content\/uploads\/2024\/09\/swmd_webkacheln_2024_2025_englisch_7-800x800.jpg 800w\" sizes=\"(max-width: 1600px) 100vw, 1600px\" \/><\/a><\/figure>\n<\/div>\n\n\n\n<div class=\"wp-block-column is-layout-flow wp-block-column-is-layout-flow\">\n<figure class=\"wp-block-image size-full\"><img decoding=\"async\" width=\"1920\" height=\"1920\" src=\"https:\/\/www.studentenwerk-magdeburg.de\/wp-content\/uploads\/2026\/04\/swmd_webkacheln_stuta_2026_2.jpg\" alt=\"\" class=\"wp-image-23862\" srcset=\"https:\/\/www.studentenwerk-magdeburg.de\/wp-content\/uploads\/2026\/04\/swmd_webkacheln_stuta_2026_2.jpg 1920w, https:\/\/www.studentenwerk-magdeburg.de\/wp-content\/uploads\/2026\/04\/swmd_webkacheln_stuta_2026_2-300x300.jpg 300w, https:\/\/www.studentenwerk-magdeburg.de\/wp-content\/uploads\/2026\/04\/swmd_webkacheln_stuta_2026_2-600x600.jpg 600w, https:\/\/www.studentenwerk-magdeburg.de\/wp-content\/uploads\/2026\/04\/swmd_webkacheln_stuta_2026_2-150x150.jpg 150w, https:\/\/www.studentenwerk-magdeburg.de\/wp-content\/uploads\/2026\/04\/swmd_webkacheln_stuta_2026_2-768x768.jpg 768w, https:\/\/www.studentenwerk-magdeburg.de\/wp-content\/uploads\/2026\/04\/swmd_webkacheln_stuta_2026_2-1536x1536.jpg 1536w, https:\/\/www.studentenwerk-magdeburg.de\/wp-content\/uploads\/2026\/04\/swmd_webkacheln_stuta_2026_2-1080x1080.jpg 1080w, https:\/\/www.studentenwerk-magdeburg.de\/wp-content\/uploads\/2026\/04\/swmd_webkacheln_stuta_2026_2-540x540.jpg 540w\" sizes=\"(max-width: 1920px) 100vw, 1920px\" \/><\/figure>\n<\/div>\n<\/div>\n\n\n<div class='newsliste'><div class='neuenews'><div class='newszeile'><div class='newsspalte'><h2 class='newstitel'><a href='https:\/\/www.studentenwerk-magdeburg.de\/en\/psb-kurse-im-mai\/'>Mental stark im Mai \u2013 entdecke die PSB Kurse!<\/a><\/h2><a href='https:\/\/www.studentenwerk-magdeburg.de\/en\/psb-kurse-im-mai\/'><img class='alignright size-news' src='https:\/\/www.studentenwerk-magdeburg.de\/wp-content\/uploads\/2025\/11\/swmd_symbol_videoimbeitrag-600x600-1.jpg' alt='Mental stark im Mai \u2013 entdecke die PSB Kurse!' \/><\/a>(<a href=\"https:\/\/www.studentenwerk-magdeburg.de\/en\/category\/allgemein\/\">Allgemein<\/a>, 1. May 2026) Ihr braucht Unterst\u00fctzung im Unialltag? Unsere Psychosoziale Studierendenberatung ist f\u00fcr euch da! Mareen Einsenbl\u00e4tter hat f\u00fcr euch die Kurse im Mai und einen kleinen sneak peek f\u00fcr das Kursangebot im Juni. Eine \u00dcbersicht &amp; die Anmeldung zu den Kursen findet ihr hier. Musik: The Mountain (pixabay)<\/div><div class='newsspalte'><h2 class='newstitel'><a href='https:\/\/www.studentenwerk-magdeburg.de\/en\/girls-boys-day-bei-den-campuskids\/'>Girls\u2019 &amp; Boys\u2019 Day bei den CampusKids<\/a><\/h2><a href='https:\/\/www.studentenwerk-magdeburg.de\/en\/girls-boys-day-bei-den-campuskids\/'><img class='alignright size-news' src='https:\/\/www.studentenwerk-magdeburg.de\/wp-content\/uploads\/2026\/04\/Grafik_KiTa-Girls-Day-540x675.jpg' alt='Girls\u2019 &amp; Boys\u2019 Day bei den CampusKids' \/><\/a>(<a href=\"https:\/\/www.studentenwerk-magdeburg.de\/en\/category\/allgemein\/\">Allgemein<\/a>, 29. April 2026) Vergangenen Donnerstag hatte die KiTa CampusKids tolle Unterst\u00fctzung von f\u00fcnf Praktis aus der 6.\u20139. Klasse \u2013 und das von 8 bis 15 Uhr! Gemeinsam wurde gebacken, im Garten gespielt, vorgelesen und beim Mittagessen unterst\u00fctzt. Mit den CampusKids wird es eben nie langweilig! Mit kleinen Aufgabenzetteln konnten die Praktis den KiTa-Alltag &hellip; <a href=\"https:\/\/www.studentenwerk-magdeburg.de\/en\/girls-boys-day-bei-den-campuskids\/\">Continue reading <span class=\"meta-nav\">&rarr;<\/span><\/a><\/div><\/div><div class='newszeile'><div class='newsspalte'><h2 class='newstitel'><a href='https:\/\/www.studentenwerk-magdeburg.de\/en\/noch-bis-zum-30-4-deinen-bafoeg-antrag-stellen-und-geld-fuer-april-sichern\/'>Noch bis zum 30.4 deinen BAf\u00f6G-Antrag stellen \u2013 und Geld f\u00fcr April sichern!<\/a><\/h2><a href='https:\/\/www.studentenwerk-magdeburg.de\/en\/noch-bis-zum-30-4-deinen-bafoeg-antrag-stellen-und-geld-fuer-april-sichern\/'><img class='alignright size-news' src='https:\/\/www.studentenwerk-magdeburg.de\/wp-content\/uploads\/2026\/04\/Jetzt-Bafoeg-Antrag-stellen-540x675.jpg' alt='Noch bis zum 30.4 deinen BAf\u00f6G-Antrag stellen \u2013 und Geld f\u00fcr April sichern!' \/><\/a>(<a href=\"https:\/\/www.studentenwerk-magdeburg.de\/en\/category\/allgemein\/\">Allgemein<\/a>, 26. April 2026) Studieren kostet \u2013 aber du musst nicht alles allein stemmen. Dank BAf\u00f6G bekommst du finanzielle Unterst\u00fctzung, damit du dich voll aufs Studium konzentrieren kannst. Auf einen Blick: Es lohnt sich, den Antrag zu stellen! Egal, ob du zum ersten Mal BAf\u00f6G beantragst oder es sich um einen Folgeantrag handelt &#8211; &hellip; <a href=\"https:\/\/www.studentenwerk-magdeburg.de\/en\/noch-bis-zum-30-4-deinen-bafoeg-antrag-stellen-und-geld-fuer-april-sichern\/\">Continue reading <span class=\"meta-nav\">&rarr;<\/span><\/a><\/div><div class='newsspalte'><h2 class='newstitel'><a href='https:\/\/www.studentenwerk-magdeburg.de\/en\/access-all-areas-neue-ausstellung-in-der-mensa-unicampus-pfaelzer-strasse\/'>Access all areas &#8211; Neue Ausstellung in der Mensa UniCampus (Pf\u00e4lzer Stra\u00dfe)<\/a><\/h2><a href='https:\/\/www.studentenwerk-magdeburg.de\/en\/access-all-areas-neue-ausstellung-in-der-mensa-unicampus-pfaelzer-strasse\/'><img class='alignright size-news' src='https:\/\/www.studentenwerk-magdeburg.de\/wp-content\/uploads\/2026\/04\/swmd_some_sose2026_ausstellung_matze_1-540x675.jpg' alt='Access all areas &#8211; Neue Ausstellung in der Mensa UniCampus (Pf\u00e4lzer Stra\u00dfe)' \/><\/a>(<a href=\"https:\/\/www.studentenwerk-magdeburg.de\/en\/category\/kultur\/\">Kultur<\/a>, 24. April 2026) Ab heute erwartet euch im oberen Foyer der Mensa auf dem UniCampus (Pf\u00e4lzer Stra\u00dfe, Magdeburg) eine neue Ausstellung! Unter dem Titel \u201eAccess all areas\u201c pr\u00e4sentiert der Magdeburger Fotograf Matthias Piekacz eine vielschichtige visuelle Auseinandersetzung mit der Welt der Livemusik. Ausgehend von seiner Leidenschaft f\u00fcr analoge Fotografie und Musik ist \u00fcber &hellip; <a href=\"https:\/\/www.studentenwerk-magdeburg.de\/en\/access-all-areas-neue-ausstellung-in-der-mensa-unicampus-pfaelzer-strasse\/\">Continue reading <span class=\"meta-nav\">&rarr;<\/span><\/a><\/div><\/div><div class='newszeile'><div class='newsspalte'><h2 class='newstitel'><a href='https:\/\/www.studentenwerk-magdeburg.de\/en\/embodiment-selbstregulation-weitere-termine\/'>Embodiment &amp; Selbstregulation &#8211; weitere Termine<\/a><\/h2><a href='https:\/\/www.studentenwerk-magdeburg.de\/en\/embodiment-selbstregulation-weitere-termine\/'><img class='alignright size-news' src='https:\/\/www.studentenwerk-magdeburg.de\/wp-content\/uploads\/2025\/11\/swmd_symbol_videoimbeitrag-600x600-1.jpg' alt='Embodiment &amp; Selbstregulation &#8211; weitere Termine' \/><\/a>(<a href=\"https:\/\/www.studentenwerk-magdeburg.de\/en\/category\/allgemein\/\">Allgemein<\/a>, 23. April 2026) Deine eigenen Gedanken werden dir zu viel und du musst dich mal ein bisschen auspowern? Dann besuche Teil 2 und 3 der \u201eEmbodiment &amp; Selbstregulation\u201c Kursreihe der Psychosozialen Studierendenberatung! Teil 2 : \u201eAffektregulation in Bewegung\u201cWann? 04.05.26, 15:00\u201317:00 UhrWo? JoGo (hinter Wohnheim 7, Johann-Gottlob-Nathusius-Ring 5) Teil 3 : \u201eKognitive Entlastung durch &hellip; <a href=\"https:\/\/www.studentenwerk-magdeburg.de\/en\/embodiment-selbstregulation-weitere-termine\/\">Continue reading <span class=\"meta-nav\">&rarr;<\/span><\/a><\/div><div class='newsspalte'><h2 class='newstitel'><a href='https:\/\/www.studentenwerk-magdeburg.de\/en\/einladung-zum-digitalen-elterncafe\/'>Einladung zum digitalen Elterncaf\u00e9<\/a><\/h2><a href='https:\/\/www.studentenwerk-magdeburg.de\/en\/einladung-zum-digitalen-elterncafe\/'><img class='alignright size-news' src='https:\/\/www.studentenwerk-magdeburg.de\/wp-content\/uploads\/2026\/04\/Elterncafe-Grafik-DE-270426-540x675.jpg' alt='Einladung zum digitalen Elterncaf\u00e9' \/><\/a>(<a href=\"https:\/\/www.studentenwerk-magdeburg.de\/en\/category\/allgemein\/\">Allgemein<\/a>, 22. April 2026) Studium und Familie = viele Fragen, viel Organisation \u2013 und manchmal das Gef\u00fchl, allein damit zu sein. Unser digitales Elterncaf\u00e9 bietet einen gesch\u00fctzten Raum f\u00fcr offenen Austausch, gegenseitige Unterst\u00fctzung und neue Impulse f\u00fcr euren Alltag mit Kind(ern). Hier k\u00f6nnt ihr euch mit anderen studierenden und promovierenden Eltern vernetzen, Erfahrungen teilen &hellip; <a href=\"https:\/\/www.studentenwerk-magdeburg.de\/en\/einladung-zum-digitalen-elterncafe\/\">Continue reading <span class=\"meta-nav\">&rarr;<\/span><\/a><\/div><\/div><div class='newszeile'><div class='newsspalte'><h2 class='newstitel'><a href='https:\/\/www.studentenwerk-magdeburg.de\/en\/offizielle-eroeffnung-der-studibar-jogo-am-30-april-2026\/'>Offizielle Er\u00f6ffnung der Studibar \u201eJoGo\u201c am 30. April 2026<\/a><\/h2><a href='https:\/\/www.studentenwerk-magdeburg.de\/en\/offizielle-eroeffnung-der-studibar-jogo-am-30-april-2026\/'><img class='alignright size-news' src='https:\/\/www.studentenwerk-magdeburg.de\/wp-content\/uploads\/2026\/04\/swmd_some_sose2026_jogo_opening-540x675.jpg' alt='Offizielle Er\u00f6ffnung der Studibar \u201eJoGo\u201c am 30. April 2026' \/><\/a>(<a href=\"https:\/\/www.studentenwerk-magdeburg.de\/en\/category\/kultur\/\">Kultur<\/a>, 20. April 2026) Wir haben gemalert, gebohrt, geschraubt \u2013 und einmal alles auf den Kopf gestellt.Jetzt ist es endlich so weit! JoGo \u2013 die Studibar er\u00f6ffnet offiziell am Do., 30.04.!\u00a0 Im ehemaligen Projekt 7 \/ CampusTheater (direkt neben Wohnheim 7) ist ein neuer Spot entstanden: f\u00fcr gute Gespr\u00e4che, entspannte Abende, Drinks und coole &hellip; <a href=\"https:\/\/www.studentenwerk-magdeburg.de\/en\/offizielle-eroeffnung-der-studibar-jogo-am-30-april-2026\/\">Continue reading <span class=\"meta-nav\">&rarr;<\/span><\/a><\/div><div class='newsspalte'><h2 class='newstitel'><a href='https:\/\/www.studentenwerk-magdeburg.de\/en\/studieren-und-trotzdem-wohngeld-bekommen-so-funktionierts\/'>Studieren und trotzdem Wohngeld bekommen? So funktioniert\u2019s:<\/a><\/h2><a href='https:\/\/www.studentenwerk-magdeburg.de\/en\/studieren-und-trotzdem-wohngeld-bekommen-so-funktionierts\/'><img class='alignright size-news' src='https:\/\/www.studentenwerk-magdeburg.de\/wp-content\/uploads\/2026\/04\/Grafik_Wohngeldstelle-540x675.jpg' alt='Studieren und trotzdem Wohngeld bekommen? So funktioniert\u2019s:' \/><\/a>(<a href=\"https:\/\/www.studentenwerk-magdeburg.de\/en\/category\/allgemein\/\">Allgemein<\/a>, 15. April 2026) Studierende in Deutschland bekommen normalerweise kein Wohngeld, weil sie dem Grunde nach Anspruch auf BAf\u00f6G haben \u2013 selbst dann, wenn sie kein BAf\u00f6G ausgezahlt bekommen. Hei\u00dft konkret:Wird dein BAf\u00f6G-Antrag z. B. wegen zu hohem Einkommen deiner Eltern oder eigenem Verm\u00f6gen abgelehnt, giltst du trotzdem als BAf\u00f6G-berechtigt \u2013 und hast keinen &hellip; <a href=\"https:\/\/www.studentenwerk-magdeburg.de\/en\/studieren-und-trotzdem-wohngeld-bekommen-so-funktionierts\/\">Continue reading <span class=\"meta-nav\">&rarr;<\/span><\/a><\/div><\/div><\/div><\/div>\n","protected":false},"excerpt":{"rendered":"","protected":false},"author":7,"featured_media":0,"parent":0,"menu_order":3,"comment_status":"closed","ping_status":"closed","template":"","meta":{"_mc_calendar":[],"footnotes":""},"class_list":["post-1975","page","type-page","status-publish","hentry"],"_links":{"self":[{"href":"https:\/\/www.studentenwerk-magdeburg.de\/en\/wp-json\/wp\/v2\/pages\/1975","targetHints":{"allow":["GET"]}}],"collection":[{"href":"https:\/\/www.studentenwerk-magdeburg.de\/en\/wp-json\/wp\/v2\/pages"}],"about":[{"href":"https:\/\/www.studentenwerk-magdeburg.de\/en\/wp-json\/wp\/v2\/types\/page"}],"author":[{"embeddable":true,"href":"https:\/\/www.studentenwerk-magdeburg.de\/en\/wp-json\/wp\/v2\/users\/7"}],"replies":[{"embeddable":true,"href":"https:\/\/www.studentenwerk-magdeburg.de\/en\/wp-json\/wp\/v2\/comments?post=1975"}],"version-history":[{"count":16,"href":"https:\/\/www.studentenwerk-magdeburg.de\/en\/wp-json\/wp\/v2\/pages\/1975\/revisions"}],"predecessor-version":[{"id":23865,"href":"https:\/\/www.studentenwerk-magdeburg.de\/en\/wp-json\/wp\/v2\/pages\/1975\/revisions\/23865"}],"wp:attachment":[{"href":"https:\/\/www.studentenwerk-magdeburg.de\/en\/wp-json\/wp\/v2\/media?parent=1975"}],"curies":[{"name":"wp","href":"https:\/\/api.w.org\/{rel}","templated":true}]}}