{"id":19408,"date":"2024-08-22T20:35:24","date_gmt":"2024-08-22T19:35:24","guid":{"rendered":"https:\/\/www.studentenwerk-magdeburg.de\/test-start\/"},"modified":"2024-09-10T18:40:19","modified_gmt":"2024-09-10T17:40:19","slug":"teststart","status":"publish","type":"page","link":"https:\/\/www.studentenwerk-magdeburg.de\/en\/teststart\/","title":{"rendered":"Start &#8211; English"},"content":{"rendered":"\n<div class=\"wp-block-columns menukacheln is-layout-flex wp-container-core-columns-is-layout-9d6595d7 wp-block-columns-is-layout-flex\">\n<div class=\"wp-block-column is-layout-flow wp-block-column-is-layout-flow\">\n<figure class=\"wp-block-image size-full\"><a href=\"https:\/\/www.studentenwerk-magdeburg.de\/en\/canteens-cafeterias\/today-in-our-canteens\/\"><img decoding=\"async\" width=\"1600\" height=\"1600\" src=\"https:\/\/www.studentenwerk-magdeburg.de\/wp-content\/uploads\/2024\/09\/swmd_webkacheln_2024_2025_englisch_1.jpg\" alt=\"\" class=\"wp-image-19436\" srcset=\"https:\/\/www.studentenwerk-magdeburg.de\/wp-content\/uploads\/2024\/09\/swmd_webkacheln_2024_2025_englisch_1.jpg 1600w, https:\/\/www.studentenwerk-magdeburg.de\/wp-content\/uploads\/2024\/09\/swmd_webkacheln_2024_2025_englisch_1-300x300.jpg 300w, https:\/\/www.studentenwerk-magdeburg.de\/wp-content\/uploads\/2024\/09\/swmd_webkacheln_2024_2025_englisch_1-600x600.jpg 600w, https:\/\/www.studentenwerk-magdeburg.de\/wp-content\/uploads\/2024\/09\/swmd_webkacheln_2024_2025_englisch_1-150x150.jpg 150w, https:\/\/www.studentenwerk-magdeburg.de\/wp-content\/uploads\/2024\/09\/swmd_webkacheln_2024_2025_englisch_1-768x768.jpg 768w, https:\/\/www.studentenwerk-magdeburg.de\/wp-content\/uploads\/2024\/09\/swmd_webkacheln_2024_2025_englisch_1-1536x1536.jpg 1536w, https:\/\/www.studentenwerk-magdeburg.de\/wp-content\/uploads\/2024\/09\/swmd_webkacheln_2024_2025_englisch_1-800x800.jpg 800w\" sizes=\"(max-width: 1600px) 100vw, 1600px\" \/><\/a><\/figure>\n<\/div>\n\n\n\n<div class=\"wp-block-column is-layout-flow wp-block-column-is-layout-flow\">\n<figure class=\"wp-block-image size-full\"><a href=\"\/en\/finances\/bafog\/\"><img decoding=\"async\" width=\"1600\" height=\"1600\" src=\"https:\/\/www.studentenwerk-magdeburg.de\/wp-content\/uploads\/2024\/09\/swmd_webkacheln_2024_2025_englisch_2.jpg\" alt=\"\" class=\"wp-image-19438\" srcset=\"https:\/\/www.studentenwerk-magdeburg.de\/wp-content\/uploads\/2024\/09\/swmd_webkacheln_2024_2025_englisch_2.jpg 1600w, https:\/\/www.studentenwerk-magdeburg.de\/wp-content\/uploads\/2024\/09\/swmd_webkacheln_2024_2025_englisch_2-300x300.jpg 300w, https:\/\/www.studentenwerk-magdeburg.de\/wp-content\/uploads\/2024\/09\/swmd_webkacheln_2024_2025_englisch_2-600x600.jpg 600w, https:\/\/www.studentenwerk-magdeburg.de\/wp-content\/uploads\/2024\/09\/swmd_webkacheln_2024_2025_englisch_2-150x150.jpg 150w, https:\/\/www.studentenwerk-magdeburg.de\/wp-content\/uploads\/2024\/09\/swmd_webkacheln_2024_2025_englisch_2-768x768.jpg 768w, https:\/\/www.studentenwerk-magdeburg.de\/wp-content\/uploads\/2024\/09\/swmd_webkacheln_2024_2025_englisch_2-1536x1536.jpg 1536w, https:\/\/www.studentenwerk-magdeburg.de\/wp-content\/uploads\/2024\/09\/swmd_webkacheln_2024_2025_englisch_2-800x800.jpg 800w\" sizes=\"(max-width: 1600px) 100vw, 1600px\" \/><\/a><\/figure>\n<\/div>\n\n\n\n<div class=\"wp-block-column is-layout-flow wp-block-column-is-layout-flow\">\n<figure class=\"wp-block-image size-full\"><a href=\"https:\/\/www.studentenwerk-magdeburg.de\/en\/accommodation\/\"><img decoding=\"async\" width=\"1600\" height=\"1600\" src=\"https:\/\/www.studentenwerk-magdeburg.de\/wp-content\/uploads\/2024\/09\/swmd_webkacheln_2024_2025_englisch_3.jpg\" alt=\"\" class=\"wp-image-19440\" srcset=\"https:\/\/www.studentenwerk-magdeburg.de\/wp-content\/uploads\/2024\/09\/swmd_webkacheln_2024_2025_englisch_3.jpg 1600w, https:\/\/www.studentenwerk-magdeburg.de\/wp-content\/uploads\/2024\/09\/swmd_webkacheln_2024_2025_englisch_3-300x300.jpg 300w, https:\/\/www.studentenwerk-magdeburg.de\/wp-content\/uploads\/2024\/09\/swmd_webkacheln_2024_2025_englisch_3-600x600.jpg 600w, https:\/\/www.studentenwerk-magdeburg.de\/wp-content\/uploads\/2024\/09\/swmd_webkacheln_2024_2025_englisch_3-150x150.jpg 150w, https:\/\/www.studentenwerk-magdeburg.de\/wp-content\/uploads\/2024\/09\/swmd_webkacheln_2024_2025_englisch_3-768x768.jpg 768w, https:\/\/www.studentenwerk-magdeburg.de\/wp-content\/uploads\/2024\/09\/swmd_webkacheln_2024_2025_englisch_3-1536x1536.jpg 1536w, https:\/\/www.studentenwerk-magdeburg.de\/wp-content\/uploads\/2024\/09\/swmd_webkacheln_2024_2025_englisch_3-800x800.jpg 800w\" sizes=\"(max-width: 1600px) 100vw, 1600px\" \/><\/a><\/figure>\n<\/div>\n\n\n\n<div class=\"wp-block-column is-layout-flow wp-block-column-is-layout-flow\">\n<figure class=\"wp-block-image size-full\"><a href=\"https:\/\/www.studentenwerk-magdeburg.de\/en\/accommodation\/damage_notification\/\"><img decoding=\"async\" width=\"1600\" height=\"1600\" src=\"https:\/\/www.studentenwerk-magdeburg.de\/wp-content\/uploads\/2024\/09\/swmd_webkacheln_2024_2025_englisch_4.jpg\" alt=\"\" class=\"wp-image-19442\" srcset=\"https:\/\/www.studentenwerk-magdeburg.de\/wp-content\/uploads\/2024\/09\/swmd_webkacheln_2024_2025_englisch_4.jpg 1600w, https:\/\/www.studentenwerk-magdeburg.de\/wp-content\/uploads\/2024\/09\/swmd_webkacheln_2024_2025_englisch_4-300x300.jpg 300w, https:\/\/www.studentenwerk-magdeburg.de\/wp-content\/uploads\/2024\/09\/swmd_webkacheln_2024_2025_englisch_4-600x600.jpg 600w, https:\/\/www.studentenwerk-magdeburg.de\/wp-content\/uploads\/2024\/09\/swmd_webkacheln_2024_2025_englisch_4-150x150.jpg 150w, https:\/\/www.studentenwerk-magdeburg.de\/wp-content\/uploads\/2024\/09\/swmd_webkacheln_2024_2025_englisch_4-768x768.jpg 768w, https:\/\/www.studentenwerk-magdeburg.de\/wp-content\/uploads\/2024\/09\/swmd_webkacheln_2024_2025_englisch_4-1536x1536.jpg 1536w, https:\/\/www.studentenwerk-magdeburg.de\/wp-content\/uploads\/2024\/09\/swmd_webkacheln_2024_2025_englisch_4-800x800.jpg 800w\" sizes=\"(max-width: 1600px) 100vw, 1600px\" \/><\/a><\/figure>\n<\/div>\n<\/div>\n\n\n\n<div class=\"wp-block-columns menukacheln is-layout-flex wp-container-core-columns-is-layout-9d6595d7 wp-block-columns-is-layout-flex\">\n<div class=\"wp-block-column is-layout-flow wp-block-column-is-layout-flow\">\n<figure class=\"wp-block-image size-full\"><a href=\"https:\/\/www.studentenwerk-magdeburg.de\/en\/advice-dates\/\"><img decoding=\"async\" width=\"1600\" height=\"1600\" src=\"https:\/\/www.studentenwerk-magdeburg.de\/wp-content\/uploads\/2024\/09\/swmd_webkacheln_2024_2025_englisch_5.jpg\" alt=\"\" class=\"wp-image-19444\" srcset=\"https:\/\/www.studentenwerk-magdeburg.de\/wp-content\/uploads\/2024\/09\/swmd_webkacheln_2024_2025_englisch_5.jpg 1600w, https:\/\/www.studentenwerk-magdeburg.de\/wp-content\/uploads\/2024\/09\/swmd_webkacheln_2024_2025_englisch_5-300x300.jpg 300w, https:\/\/www.studentenwerk-magdeburg.de\/wp-content\/uploads\/2024\/09\/swmd_webkacheln_2024_2025_englisch_5-600x600.jpg 600w, https:\/\/www.studentenwerk-magdeburg.de\/wp-content\/uploads\/2024\/09\/swmd_webkacheln_2024_2025_englisch_5-150x150.jpg 150w, https:\/\/www.studentenwerk-magdeburg.de\/wp-content\/uploads\/2024\/09\/swmd_webkacheln_2024_2025_englisch_5-768x768.jpg 768w, https:\/\/www.studentenwerk-magdeburg.de\/wp-content\/uploads\/2024\/09\/swmd_webkacheln_2024_2025_englisch_5-1536x1536.jpg 1536w, https:\/\/www.studentenwerk-magdeburg.de\/wp-content\/uploads\/2024\/09\/swmd_webkacheln_2024_2025_englisch_5-800x800.jpg 800w\" sizes=\"(max-width: 1600px) 100vw, 1600px\" \/><\/a><\/figure>\n<\/div>\n\n\n\n<div class=\"wp-block-column is-layout-flow wp-block-column-is-layout-flow\">\n<figure class=\"wp-block-image size-full\"><a href=\"https:\/\/www.studentenwerk-magdeburg.de\/en\/courses-workshops\/\"><img decoding=\"async\" width=\"1600\" height=\"1600\" src=\"https:\/\/www.studentenwerk-magdeburg.de\/wp-content\/uploads\/2024\/09\/swmd_webkacheln_2024_2025_englisch_6.jpg\" alt=\"\" class=\"wp-image-19446\" srcset=\"https:\/\/www.studentenwerk-magdeburg.de\/wp-content\/uploads\/2024\/09\/swmd_webkacheln_2024_2025_englisch_6.jpg 1600w, https:\/\/www.studentenwerk-magdeburg.de\/wp-content\/uploads\/2024\/09\/swmd_webkacheln_2024_2025_englisch_6-300x300.jpg 300w, https:\/\/www.studentenwerk-magdeburg.de\/wp-content\/uploads\/2024\/09\/swmd_webkacheln_2024_2025_englisch_6-600x600.jpg 600w, https:\/\/www.studentenwerk-magdeburg.de\/wp-content\/uploads\/2024\/09\/swmd_webkacheln_2024_2025_englisch_6-150x150.jpg 150w, https:\/\/www.studentenwerk-magdeburg.de\/wp-content\/uploads\/2024\/09\/swmd_webkacheln_2024_2025_englisch_6-768x768.jpg 768w, https:\/\/www.studentenwerk-magdeburg.de\/wp-content\/uploads\/2024\/09\/swmd_webkacheln_2024_2025_englisch_6-1536x1536.jpg 1536w, https:\/\/www.studentenwerk-magdeburg.de\/wp-content\/uploads\/2024\/09\/swmd_webkacheln_2024_2025_englisch_6-800x800.jpg 800w\" sizes=\"(max-width: 1600px) 100vw, 1600px\" \/><\/a><\/figure>\n<\/div>\n\n\n\n<div class=\"wp-block-column is-layout-flow wp-block-column-is-layout-flow\">\n<figure class=\"wp-block-image size-full\"><a href=\"https:\/\/www.studentenwerk-magdeburg.de\/en\/studentenwerk\/job-offers\/\"><img decoding=\"async\" width=\"1600\" height=\"1600\" src=\"https:\/\/www.studentenwerk-magdeburg.de\/wp-content\/uploads\/2024\/09\/swmd_webkacheln_2024_2025_englisch_7.jpg\" alt=\"\" class=\"wp-image-19448\" srcset=\"https:\/\/www.studentenwerk-magdeburg.de\/wp-content\/uploads\/2024\/09\/swmd_webkacheln_2024_2025_englisch_7.jpg 1600w, https:\/\/www.studentenwerk-magdeburg.de\/wp-content\/uploads\/2024\/09\/swmd_webkacheln_2024_2025_englisch_7-300x300.jpg 300w, https:\/\/www.studentenwerk-magdeburg.de\/wp-content\/uploads\/2024\/09\/swmd_webkacheln_2024_2025_englisch_7-600x600.jpg 600w, https:\/\/www.studentenwerk-magdeburg.de\/wp-content\/uploads\/2024\/09\/swmd_webkacheln_2024_2025_englisch_7-150x150.jpg 150w, https:\/\/www.studentenwerk-magdeburg.de\/wp-content\/uploads\/2024\/09\/swmd_webkacheln_2024_2025_englisch_7-768x768.jpg 768w, https:\/\/www.studentenwerk-magdeburg.de\/wp-content\/uploads\/2024\/09\/swmd_webkacheln_2024_2025_englisch_7-1536x1536.jpg 1536w, https:\/\/www.studentenwerk-magdeburg.de\/wp-content\/uploads\/2024\/09\/swmd_webkacheln_2024_2025_englisch_7-800x800.jpg 800w\" sizes=\"(max-width: 1600px) 100vw, 1600px\" \/><\/a><\/figure>\n<\/div>\n\n\n\n<div class=\"wp-block-column is-layout-flow wp-block-column-is-layout-flow\">\n<figure class=\"wp-block-image size-full\"><a href=\"https:\/\/www.studentenwerk-magdeburg.de\/en\/campus-child-care\/\"><img decoding=\"async\" width=\"1600\" height=\"1600\" src=\"https:\/\/www.studentenwerk-magdeburg.de\/wp-content\/uploads\/2024\/09\/swmd_webkacheln_2024_2025_englisch_8.jpg\" alt=\"\" class=\"wp-image-19450\" srcset=\"https:\/\/www.studentenwerk-magdeburg.de\/wp-content\/uploads\/2024\/09\/swmd_webkacheln_2024_2025_englisch_8.jpg 1600w, https:\/\/www.studentenwerk-magdeburg.de\/wp-content\/uploads\/2024\/09\/swmd_webkacheln_2024_2025_englisch_8-300x300.jpg 300w, https:\/\/www.studentenwerk-magdeburg.de\/wp-content\/uploads\/2024\/09\/swmd_webkacheln_2024_2025_englisch_8-600x600.jpg 600w, https:\/\/www.studentenwerk-magdeburg.de\/wp-content\/uploads\/2024\/09\/swmd_webkacheln_2024_2025_englisch_8-150x150.jpg 150w, https:\/\/www.studentenwerk-magdeburg.de\/wp-content\/uploads\/2024\/09\/swmd_webkacheln_2024_2025_englisch_8-768x768.jpg 768w, https:\/\/www.studentenwerk-magdeburg.de\/wp-content\/uploads\/2024\/09\/swmd_webkacheln_2024_2025_englisch_8-1536x1536.jpg 1536w, https:\/\/www.studentenwerk-magdeburg.de\/wp-content\/uploads\/2024\/09\/swmd_webkacheln_2024_2025_englisch_8-800x800.jpg 800w\" sizes=\"(max-width: 1600px) 100vw, 1600px\" \/><\/a><\/figure>\n<\/div>\n<\/div>\n\n\n<div class='newsliste'><div class='neuenews'><div class='newszeile'><div class='newsspalte'><h2 class='newstitel'><a href='https:\/\/www.studentenwerk-magdeburg.de\/en\/spargelmania-aktionswoche-in-deiner-mensa\/'>Spargelmania &#8211; Aktionswoche in deiner Mensa<\/a><\/h2><a href='https:\/\/www.studentenwerk-magdeburg.de\/en\/spargelmania-aktionswoche-in-deiner-mensa\/'><img class='alignright size-news' src='https:\/\/www.studentenwerk-magdeburg.de\/wp-content\/uploads\/2026\/05\/swmd_some_sose2026_spargel_1-540x675.jpg' alt='Spargelmania &#8211; Aktionswoche in deiner Mensa' \/><\/a>(<a href=\"https:\/\/www.studentenwerk-magdeburg.de\/en\/category\/mensen\/\">Mensen &amp; Cafeterien<\/a>, 15. May 2026) &#x1f331; Fr\u00fchlingszeit ist Spargelzeit! &#x1f331; Ab Montag k\u00f6nnt Ihr Euch auf unsere Aktionswoche \u201eSpargelmania\u201c in den Mensen UniCampus Magdeburg, Herrenkrug Magdeburg, Wernigerode, Halberstadt und Stendal freuen. &#x1f37d;&#xfe0f; Wusstet Ihr, dass Spargel nicht nur richtig lecker, sondern auch ziemlich gesund ist? &#x1f49a;Das Fr\u00fchlingsgem\u00fcse ist kalorienarm, enth\u00e4lt viel Wasser und liefert wertvolle &hellip; <a href=\"https:\/\/www.studentenwerk-magdeburg.de\/en\/spargelmania-aktionswoche-in-deiner-mensa\/\">Continue reading <span class=\"meta-nav\">&rarr;<\/span><\/a><\/div><div class='newsspalte'><h2 class='newstitel'><a href='https:\/\/www.studentenwerk-magdeburg.de\/en\/watch-out-protect-yourself-from-fraud\/'>Watch out: Protect yourself from fraud!<\/a><\/h2><a href='https:\/\/www.studentenwerk-magdeburg.de\/en\/watch-out-protect-yourself-from-fraud\/'><img class='alignright size-news' src='https:\/\/www.studentenwerk-magdeburg.de\/wp-content\/uploads\/2026\/05\/Grafik_Scam_1-540x675.jpg' alt='Watch out: Protect yourself from fraud!' \/><\/a>(<a href=\"https:\/\/www.studentenwerk-magdeburg.de\/en\/category\/allgemein\/\">Allgemein<\/a>, 15. May 2026) Fraud schemes are currently spreading again!Especially affected are students looking for jobs or housing, particularly international students unfamiliar with the area. How to recognize Scams: How to protect yourself: Keep in mind to NEVER: You are unsure or affected? We can help! Please share this post with your friends so &hellip; <a href=\"https:\/\/www.studentenwerk-magdeburg.de\/en\/watch-out-protect-yourself-from-fraud\/\">Continue reading <span class=\"meta-nav\">&rarr;<\/span><\/a><\/div><\/div><div class='newszeile'><div class='newsspalte'><h2 class='newstitel'><a href='https:\/\/www.studentenwerk-magdeburg.de\/en\/feier-und-brueckentag-in-unserer-mensen-cafeterien\/'>Feier- und Br\u00fcckentag in unserer Mensen &amp; Cafeterien<\/a><\/h2><a href='https:\/\/www.studentenwerk-magdeburg.de\/en\/feier-und-brueckentag-in-unserer-mensen-cafeterien\/'><img class='alignright size-news' src='https:\/\/www.studentenwerk-magdeburg.de\/wp-content\/uploads\/2026\/05\/swmd_some_sose2026_mensa_herrentag_1_1-540x675.jpg' alt='Feier- und Br\u00fcckentag in unserer Mensen &amp; Cafeterien' \/><\/a>(<a href=\"https:\/\/www.studentenwerk-magdeburg.de\/en\/category\/allgemein\/\">Allgemein<\/a>, 12. May 2026) Feiertag voraus! Bitte beachtet: Am langen Himmelfahrtswochenende bleiben unsere Mensen und Cafeterien auch in diesem Jahr gr\u00f6\u00dftenteils geschlossen. &#x1f4c5; Donnerstag, 14.05. \u2013 Christi Himmelfahrt&#x1f4c5; Samstag, 16.05.&#x27a1;&#xfe0f; Alle Mensen und Cafeterien an allen Standorten bleiben geschlossen. &#x1f4c5; Freitag, 15.05.Ge\u00f6ffnet haben ausschlie\u00dflich: &#x2705; Mensa UniCampus Magdeburg&#x2705; Caf\u00e9 Latte Magdeburg&#x2705; Cafeteria Herrenkrug Magdeburg &hellip; <a href=\"https:\/\/www.studentenwerk-magdeburg.de\/en\/feier-und-brueckentag-in-unserer-mensen-cafeterien\/\">Continue reading <span class=\"meta-nav\">&rarr;<\/span><\/a><\/div><div class='newsspalte'><h2 class='newstitel'><a href='https:\/\/www.studentenwerk-magdeburg.de\/en\/5-fragen-und-nur-eine-antwort-bafoeg-beantragen\/'>5 Fragen und nur eine Antwort: BAf\u00f6G beantragen!<\/a><\/h2><a href='https:\/\/www.studentenwerk-magdeburg.de\/en\/5-fragen-und-nur-eine-antwort-bafoeg-beantragen\/'><img class='alignright size-news' src='https:\/\/www.studentenwerk-magdeburg.de\/wp-content\/uploads\/2026\/05\/Video-iB-Bafoeg2.png' alt='5 Fragen und nur eine Antwort: BAf\u00f6G beantragen!' \/><\/a>(<a href=\"https:\/\/www.studentenwerk-magdeburg.de\/en\/category\/allgemein\/\">Allgemein<\/a>, 11. May 2026) Die Zahlen sprechen f\u00fcr sich: Mehr als die H\u00e4lfte aller BAf\u00f6G-berechtigten Studis stellt keinen Antrag. In diesem Video r\u00e4umt Oliver Baier, Abteilungsleiter des Amtes f\u00fcr Ausbildungsf\u00f6rderung im Studentenwerk Magdeburg, mit g\u00e4ngigen Vorurteilen auf und zeigt dir, wie du mit wenig Aufwand in Zukunft kein Geld mehr verschenkst! Noch Fragen zum &hellip; <a href=\"https:\/\/www.studentenwerk-magdeburg.de\/en\/5-fragen-und-nur-eine-antwort-bafoeg-beantragen\/\">Continue reading <span class=\"meta-nav\">&rarr;<\/span><\/a><\/div><\/div><div class='newszeile'><div class='newsspalte'><h2 class='newstitel'><a href='https:\/\/www.studentenwerk-magdeburg.de\/en\/mit-einander-fuer-einander-projektkoordinatorin-marie-poehlmann-im-portraet\/'>MIT einander &#8211; F\u00dcR einander: Projektkoordinatorin Marie P\u00f6hlmann im Portr\u00e4t<\/a><\/h2><a href='https:\/\/www.studentenwerk-magdeburg.de\/en\/mit-einander-fuer-einander-projektkoordinatorin-marie-poehlmann-im-portraet\/'><img class='alignright size-news' src='https:\/\/www.studentenwerk-magdeburg.de\/wp-content\/uploads\/2026\/04\/Marie-Poehlmann-Vorstellung-Insta-540x675.jpg' alt='MIT einander &#8211; F\u00dcR einander: Projektkoordinatorin Marie P\u00f6hlmann im Portr\u00e4t' \/><\/a>(<a href=\"https:\/\/www.studentenwerk-magdeburg.de\/en\/category\/allgemein\/\">Allgemein<\/a>, 8. May 2026) Kennst du schon unser Wohnpartnerschaftprojekt MIT einander \u2013 F\u00dcR einander? Wir stellen dir heute die Projektkoordinatorin vor: &#8220;Hi, ich bin Marie P\u00f6hlmann. Magdeburg ist meine Heimatstadt. Hier bin ich geboren und aufgewachsen und habe an der OVGU Sozialwissenschaften studiert und nun begleite ich dieses Projekt als Koordinatorin. Ich bin f\u00fcr &hellip; <a href=\"https:\/\/www.studentenwerk-magdeburg.de\/en\/mit-einander-fuer-einander-projektkoordinatorin-marie-poehlmann-im-portraet\/\">Continue reading <span class=\"meta-nav\">&rarr;<\/span><\/a><\/div><div class='newsspalte'><h2 class='newstitel'><a href='https:\/\/www.studentenwerk-magdeburg.de\/en\/open-campus-studieninfotag-wir-sind-dabei\/'>Open Campus &amp; Studieninfotag &#8211; Wir sind dabei!<\/a><\/h2><a href='https:\/\/www.studentenwerk-magdeburg.de\/en\/open-campus-studieninfotag-wir-sind-dabei\/'><img class='alignright size-news' src='https:\/\/www.studentenwerk-magdeburg.de\/wp-content\/uploads\/2025\/11\/swmd_symbol_videoimbeitrag-600x600-1.jpg' alt='Open Campus &amp; Studieninfotag &#8211; Wir sind dabei!' \/><\/a>(<a href=\"https:\/\/www.studentenwerk-magdeburg.de\/en\/category\/allgemein\/\">Allgemein<\/a>, 6. May 2026) Bereit f\u00fcr deinen n\u00e4chsten Schritt? Am kommenden Samstag, den 9. Mai \u00f6ffnen die Hochschule Magdeburg-Stendal und die Otto-von-Guericke-Universit\u00e4t Magdeburg ihre T\u00fcren &#8230; und du bist eingeladen! Egal ob du noch unsicher bist oder schon konkrete Pl\u00e4ne hast: Hier bekommst du echte Einblicke ins Studium \u2013 direkt von Studierenden, Lehrenden &amp; &hellip; <a href=\"https:\/\/www.studentenwerk-magdeburg.de\/en\/open-campus-studieninfotag-wir-sind-dabei\/\">Continue reading <span class=\"meta-nav\">&rarr;<\/span><\/a><\/div><\/div><div class='newszeile'><div class='newsspalte'><h2 class='newstitel'><a href='https:\/\/www.studentenwerk-magdeburg.de\/en\/neue-ausstellung-ki-verstehen-ausprobieren-hinterfragen\/'>Neue Ausstellung: KI verstehen \u2013 ausprobieren \u2013 hinterfragen<\/a><\/h2><a href='https:\/\/www.studentenwerk-magdeburg.de\/en\/neue-ausstellung-ki-verstehen-ausprobieren-hinterfragen\/'><img class='alignright size-news' src='https:\/\/www.studentenwerk-magdeburg.de\/wp-content\/uploads\/2026\/05\/swmd_some_sose2026_ki_ausstellung_1-540x675.jpg' alt='Neue Ausstellung: KI verstehen \u2013 ausprobieren \u2013 hinterfragen' \/><\/a>(<a href=\"https:\/\/www.studentenwerk-magdeburg.de\/en\/category\/allgemein\/\">Allgemein<\/a>, 5. May 2026) Wie funktioniert K\u00fcnstliche Intelligenz, welche gesellschaftlichen Auswirkungen hat sie und wo liegen die Grenzen maschinellen \u201eVerstehens\u201c? Mit diesen und weiteren Fragen besch\u00e4ftigt sich die Wanderausstellung \u201eI am A.I.\u201c, die ab sofort in der oberen Etage der Hauptmensa auf dem UniCampus Magdeburg zu sehen ist. Die interaktive Ausstellung l\u00e4dt Besucher dazu &hellip; <a href=\"https:\/\/www.studentenwerk-magdeburg.de\/en\/neue-ausstellung-ki-verstehen-ausprobieren-hinterfragen\/\">Continue reading <span class=\"meta-nav\">&rarr;<\/span><\/a><\/div><div class='newsspalte'><h2 class='newstitel'><a href='https:\/\/www.studentenwerk-magdeburg.de\/en\/jogo-die-studibar-feierte-erfolgreich-eroeffnung\/'>JoGo \u2013 die Studibar feierte erfolgreich Er\u00f6ffnung!<\/a><\/h2><a href='https:\/\/www.studentenwerk-magdeburg.de\/en\/jogo-die-studibar-feierte-erfolgreich-eroeffnung\/'><img class='alignright size-news' src='https:\/\/www.studentenwerk-magdeburg.de\/wp-content\/uploads\/2025\/11\/swmd_symbol_videoimbeitrag-600x600-1.jpg' alt='JoGo \u2013 die Studibar feierte erfolgreich Er\u00f6ffnung!' \/><\/a>(<a href=\"https:\/\/www.studentenwerk-magdeburg.de\/en\/category\/allgemein\/\">Allgemein<\/a>, 3. May 2026) Gute Musik von der LoveFondation Magdeburg, das Team unserer Mensen an Grill &amp; Cocktailshaker und dazu beste Stimmung &amp; jede Menge G\u00e4ste! Wir sind begeistert &#8211; Hier ein kleiner R\u00fcckblick. Und das beste: Ab jetzt sind wir von Mo. &#8211; Fr. t\u00e4glich von 14:30 Uhr bis 21:30 Uhr sowie zus\u00e4tzlich &hellip; <a href=\"https:\/\/www.studentenwerk-magdeburg.de\/en\/jogo-die-studibar-feierte-erfolgreich-eroeffnung\/\">Continue reading <span class=\"meta-nav\">&rarr;<\/span><\/a><\/div><\/div><\/div><\/div>\n","protected":false},"excerpt":{"rendered":"","protected":false},"author":7,"featured_media":0,"parent":0,"menu_order":0,"comment_status":"closed","ping_status":"closed","template":"onecolumn-page.php","meta":{"_mc_calendar":[],"footnotes":""},"class_list":["post-19408","page","type-page","status-publish","hentry"],"_links":{"self":[{"href":"https:\/\/www.studentenwerk-magdeburg.de\/en\/wp-json\/wp\/v2\/pages\/19408","targetHints":{"allow":["GET"]}}],"collection":[{"href":"https:\/\/www.studentenwerk-magdeburg.de\/en\/wp-json\/wp\/v2\/pages"}],"about":[{"href":"https:\/\/www.studentenwerk-magdeburg.de\/en\/wp-json\/wp\/v2\/types\/page"}],"author":[{"embeddable":true,"href":"https:\/\/www.studentenwerk-magdeburg.de\/en\/wp-json\/wp\/v2\/users\/7"}],"replies":[{"embeddable":true,"href":"https:\/\/www.studentenwerk-magdeburg.de\/en\/wp-json\/wp\/v2\/comments?post=19408"}],"version-history":[{"count":9,"href":"https:\/\/www.studentenwerk-magdeburg.de\/en\/wp-json\/wp\/v2\/pages\/19408\/revisions"}],"predecessor-version":[{"id":19619,"href":"https:\/\/www.studentenwerk-magdeburg.de\/en\/wp-json\/wp\/v2\/pages\/19408\/revisions\/19619"}],"wp:attachment":[{"href":"https:\/\/www.studentenwerk-magdeburg.de\/en\/wp-json\/wp\/v2\/media?parent=19408"}],"curies":[{"name":"wp","href":"https:\/\/api.w.org\/{rel}","templated":true}]}}