{"id":12942,"date":"2019-10-29T16:42:40","date_gmt":"2019-10-29T14:42:40","guid":{"rendered":"https:\/\/www1.studentenwerk-magdeburg.de\/?page_id=12942"},"modified":"2021-04-26T07:31:51","modified_gmt":"2021-04-26T06:31:51","slug":"widerspruchstelle","status":"publish","type":"page","link":"https:\/\/www.studentenwerk-magdeburg.de\/en\/finances\/widerspruchstelle\/","title":{"rendered":"Widerspruchstelle"},"content":{"rendered":"<p>This page is currently not available in English. \/ Diese Seite ist derzeit nicht auf English verf\u00fcgbar.<\/p>\n<h1>Das Widerspruchsverfahren<\/h1>\n<p><img decoding=\"async\" class=\"alignright size-large wp-image-12341\" src=\"https:\/\/www.studentenwerk-magdeburg.de\/wp-content\/uploads\/2019\/10\/swmdweb_bafoeg_daumenhoch-600x600.jpg\" alt=\"\" width=\"600\" height=\"600\" srcset=\"https:\/\/www.studentenwerk-magdeburg.de\/wp-content\/uploads\/2019\/10\/swmdweb_bafoeg_daumenhoch-600x600.jpg 600w, https:\/\/www.studentenwerk-magdeburg.de\/wp-content\/uploads\/2019\/10\/swmdweb_bafoeg_daumenhoch-150x150.jpg 150w, https:\/\/www.studentenwerk-magdeburg.de\/wp-content\/uploads\/2019\/10\/swmdweb_bafoeg_daumenhoch-300x300.jpg 300w, https:\/\/www.studentenwerk-magdeburg.de\/wp-content\/uploads\/2019\/10\/swmdweb_bafoeg_daumenhoch-768x768.jpg 768w, https:\/\/www.studentenwerk-magdeburg.de\/wp-content\/uploads\/2019\/10\/swmdweb_bafoeg_daumenhoch-800x800.jpg 800w, https:\/\/www.studentenwerk-magdeburg.de\/wp-content\/uploads\/2019\/10\/swmdweb_bafoeg_daumenhoch-190x190.jpg 190w, https:\/\/www.studentenwerk-magdeburg.de\/wp-content\/uploads\/2019\/10\/swmdweb_bafoeg_daumenhoch.jpg 1200w\" sizes=\"(max-width: 600px) 100vw, 600px\" \/>Wenn Zweifel an der Rechtm\u00e4\u00dfigkeit bzw. Richtigkeit eines unserer Bescheide besteht, sollten Sie sich zun\u00e4chst immer an den\/die zust\u00e4ndige\/n Sachbearbeiter\/-in der BAf\u00f6G-Abteilung wenden. Vielleicht k\u00f6nnen Zweifel oder Fehler auch gemeinsam erkl\u00e4rt, aufgekl\u00e4rt und gel\u00f6st werden.<\/p>\n<p>Erst wenn f\u00fcr Sie <u>kein<\/u> \u00fcberzeugendes Ergebnis gefunden werden kann, dann bietet das Widerspruchsverfahren den Raum f\u00fcr eine erneute rechtliche \u00dcberpr\u00fcfung durch eine dritte, bis dahin unbeteiligte, Person.<\/p>\n<h3>Widerspruchstelle:<\/h3>\n<table style=\"width: 100%;\">\n<tbody>\n<tr>\n<td>\u00a0Telefon:<\/td>\n<td>0391 \/ 67-51560<\/td>\n<\/tr>\n<tr>\n<td>\u00a0E-Mail:<\/td>\n<td><a href=\"mailto:widerspruch@studentenwerk-magdeburg.de\">widerspruch@studentenwerk-magdeburg.de<\/a><\/td>\n<\/tr>\n<tr>\n<td>\u00a0telefonische Erreichbarkeit:<\/td>\n<td>Mo., Do. 09.00 &#8211; 15.00 Uhr<br \/>\nDi. 13.00 &#8211; 15.00 Uhr<br \/>\nFr. 09.00 &#8211; 13.00 Uhr<\/td>\n<\/tr>\n<tr>\n<td>\u00a0Sprechzeit:<\/td>\n<td>nach Vereinbarung<\/td>\n<\/tr>\n<tr>\n<td>\u00a0Adresse:<\/td>\n<td>Studentenwerk Magdeburg<br \/>\nJ.-G.-Nathusius-Ring 5, 39106 Magdeburg<br \/>\nPostfach 40 53, 39015 Magdeburg<\/td>\n<\/tr>\n<\/tbody>\n<\/table>\n<p>&nbsp;<\/p>\n","protected":false},"excerpt":{"rendered":"<p>This page is currently not available in English. \/ Diese Seite ist derzeit nicht auf English verf\u00fcgbar. Das Widerspruchsverfahren Wenn Zweifel an der Rechtm\u00e4\u00dfigkeit bzw. Richtigkeit eines unserer Bescheide besteht, sollten Sie sich zun\u00e4chst immer an den\/die zust\u00e4ndige\/n Sachbearbeiter\/-in der BAf\u00f6G-Abteilung wenden. Vielleicht k\u00f6nnen Zweifel oder Fehler auch gemeinsam erkl\u00e4rt, &hellip; <a href=\"https:\/\/www.studentenwerk-magdeburg.de\/en\/finances\/widerspruchstelle\/\">Continue reading <span class=\"meta-nav\">&rarr;<\/span><\/a><\/p>\n","protected":false},"author":7,"featured_media":0,"parent":1977,"menu_order":1,"comment_status":"closed","ping_status":"closed","template":"","meta":{"_mc_calendar":[],"footnotes":""},"class_list":["post-12942","page","type-page","status-publish","hentry"],"_links":{"self":[{"href":"https:\/\/www.studentenwerk-magdeburg.de\/en\/wp-json\/wp\/v2\/pages\/12942","targetHints":{"allow":["GET"]}}],"collection":[{"href":"https:\/\/www.studentenwerk-magdeburg.de\/en\/wp-json\/wp\/v2\/pages"}],"about":[{"href":"https:\/\/www.studentenwerk-magdeburg.de\/en\/wp-json\/wp\/v2\/types\/page"}],"author":[{"embeddable":true,"href":"https:\/\/www.studentenwerk-magdeburg.de\/en\/wp-json\/wp\/v2\/users\/7"}],"replies":[{"embeddable":true,"href":"https:\/\/www.studentenwerk-magdeburg.de\/en\/wp-json\/wp\/v2\/comments?post=12942"}],"version-history":[{"count":6,"href":"https:\/\/www.studentenwerk-magdeburg.de\/en\/wp-json\/wp\/v2\/pages\/12942\/revisions"}],"predecessor-version":[{"id":15938,"href":"https:\/\/www.studentenwerk-magdeburg.de\/en\/wp-json\/wp\/v2\/pages\/12942\/revisions\/15938"}],"up":[{"embeddable":true,"href":"https:\/\/www.studentenwerk-magdeburg.de\/en\/wp-json\/wp\/v2\/pages\/1977"}],"wp:attachment":[{"href":"https:\/\/www.studentenwerk-magdeburg.de\/en\/wp-json\/wp\/v2\/media?parent=12942"}],"curies":[{"name":"wp","href":"https:\/\/api.w.org\/{rel}","templated":true}]}}