{"id":12938,"date":"2015-04-28T09:04:01","date_gmt":"2015-04-28T07:04:01","guid":{"rendered":"https:\/\/www1.studentenwerk-magdeburg.de\/?page_id=12938"},"modified":"2023-10-18T07:14:09","modified_gmt":"2023-10-18T06:14:09","slug":"sprechstunde","status":"publish","type":"page","link":"https:\/\/www.studentenwerk-magdeburg.de\/en\/finances\/sprechstunde\/","title":{"rendered":"BAf\u00f6G-Talk und -Sprechstunden"},"content":{"rendered":"<h1>BAf\u00f6G-Talk<\/h1>\n<p>mit Oliver Baier, Abteilungsleiter Amt f\u00fcr Ausbildungsf\u00f6rderung. Online &amp; Ohne Voranmeldung!<\/p>\n<h5>F\u00fcr Studierende der OVGU, HS MD-SDL, Hochschule Harz<\/h5>\n<p>jeden Di. 16:30 &#8211; 18:00 Uhr<br \/>\nohne Voranmeldung per Zoom: <a href=\"https:\/\/www.swmd.xyz\/zoom\">www.swmd.xyz\/zoom<\/a><\/p>\n<h1>Sprechstunden in Magdeburg und Wernigerode<\/h1>\n<p>Egal ob Sie den BAf\u00f6G-Antrag das erste Mal stellen oder es sich um einen Folgeantrag handelt \u2013 oft gibt es Gespr\u00e4chs- bzw. Informationsbedarf, bei dem wir gerne f\u00fcr Sie da sind!<\/p>\n<h5>\nMagdeburg:<\/h5>\n<p>BeratungsCenter, Wohnheim 7, J.-G.-Nathusius-Ring 5, Campus der OVGU<br \/>\njeden Di. 15:00 &#8211; 16:00 Uhr und Do. 10:00 &#8211; 11:00 Uhr<\/p>\n<h5>\nWernigerode:<\/h5>\n<p>Beratungsstelle Wernigerode, Campus der Hochschule Harz<br \/>\nWohnheim 3, Seiteneingang, Raum 116, Friedrichstra\u00dfe 57-59, 38855 Wernigerode<br \/>\nMi., 22.03.2023 und Mi., 19.04.2023, jeweils 13:00 &#8211; 14:30 Uhr, keine Voranmeldung n\u00f6tig!<\/p>\n<p>Telefonische Erreichbarkeit der <a href=\"\/?page_id=3574\">BAf\u00f6G Mitarbeiter<\/a> zu folgenden Zeiten:<br \/>\nDi. und Do. 10.00 \u2013 14.00 Uhr<\/p>\n","protected":false},"excerpt":{"rendered":"<p>BAf\u00f6G-Talk mit Oliver Baier, Abteilungsleiter Amt f\u00fcr Ausbildungsf\u00f6rderung. Online &amp; Ohne Voranmeldung! F\u00fcr Studierende der OVGU, HS MD-SDL, Hochschule Harz jeden Di. 16:30 &#8211; 18:00 Uhr ohne Voranmeldung per Zoom: www.swmd.xyz\/zoom Sprechstunden in Magdeburg und Wernigerode Egal ob Sie den BAf\u00f6G-Antrag das erste Mal stellen oder es sich um einen &hellip; <a href=\"https:\/\/www.studentenwerk-magdeburg.de\/en\/finances\/sprechstunde\/\">Continue reading <span class=\"meta-nav\">&rarr;<\/span><\/a><\/p>\n","protected":false},"author":36,"featured_media":0,"parent":1977,"menu_order":2,"comment_status":"closed","ping_status":"closed","template":"","meta":{"_mc_calendar":[],"footnotes":""},"class_list":["post-12938","page","type-page","status-publish","hentry"],"_links":{"self":[{"href":"https:\/\/www.studentenwerk-magdeburg.de\/en\/wp-json\/wp\/v2\/pages\/12938","targetHints":{"allow":["GET"]}}],"collection":[{"href":"https:\/\/www.studentenwerk-magdeburg.de\/en\/wp-json\/wp\/v2\/pages"}],"about":[{"href":"https:\/\/www.studentenwerk-magdeburg.de\/en\/wp-json\/wp\/v2\/types\/page"}],"author":[{"embeddable":true,"href":"https:\/\/www.studentenwerk-magdeburg.de\/en\/wp-json\/wp\/v2\/users\/36"}],"replies":[{"embeddable":true,"href":"https:\/\/www.studentenwerk-magdeburg.de\/en\/wp-json\/wp\/v2\/comments?post=12938"}],"version-history":[{"count":7,"href":"https:\/\/www.studentenwerk-magdeburg.de\/en\/wp-json\/wp\/v2\/pages\/12938\/revisions"}],"predecessor-version":[{"id":18130,"href":"https:\/\/www.studentenwerk-magdeburg.de\/en\/wp-json\/wp\/v2\/pages\/12938\/revisions\/18130"}],"up":[{"embeddable":true,"href":"https:\/\/www.studentenwerk-magdeburg.de\/en\/wp-json\/wp\/v2\/pages\/1977"}],"wp:attachment":[{"href":"https:\/\/www.studentenwerk-magdeburg.de\/en\/wp-json\/wp\/v2\/media?parent=12938"}],"curies":[{"name":"wp","href":"https:\/\/api.w.org\/{rel}","templated":true}]}}