{"id":12934,"date":"2019-10-29T16:34:47","date_gmt":"2019-10-29T14:34:47","guid":{"rendered":"https:\/\/www1.studentenwerk-magdeburg.de\/?page_id=12934"},"modified":"2023-08-28T13:27:17","modified_gmt":"2023-08-28T12:27:17","slug":"datenschutzerklaerung","status":"publish","type":"page","link":"https:\/\/www.studentenwerk-magdeburg.de\/en\/studentenwerk\/datenschutzerklaerung\/","title":{"rendered":"Datenschutzerkl\u00e4rung"},"content":{"rendered":"<p>This page is currently not available in English. \/ Diese Seite ist derzeit nicht auf English verf\u00fcgbar.<\/p>\n<h1>Datenschutzerkl\u00e4rung<\/h1>\n<p>Diese Datenschutzerkl\u00e4rung kl\u00e4rt Sie \u00fcber die Art, den Umfang und Zweck der Verarbeitung von personenbezogenen Daten (nachfolgend kurz \u201eDaten\u201c) innerhalb unseres Onlineangebotes und der mit ihm verbundenen Webseiten, Funktionen und Inhalte sowie externen Onlinepr\u00e4senzen, wie z.B. unser Social Media Profile auf. (nachfolgend gemeinsam bezeichnet als \u201eOnlineangebot\u201c).<\/p>\n<p>Im Hinblick auf die verwendeten Begrifflichkeiten, wie z.B. \u201eVerarbeitung\u201c oder \u201eVerantwortlicher\u201c verweisen wir auf die Definitionen im Art. 4 der Datenschutzgrundverordnung (DSGVO).<\/p>\n<h5>Verantwortliche Stelle<strong><br \/>\n<\/strong><\/h5>\n<p>Studentenwerk Magdeburg<br \/>\nvertr. d. Gesch\u00e4ftsf\u00fchrerin Jutta Vaihinger<br \/>\nAnstalt des \u00f6ffentlichen Rechts<br \/>\nJ.-G.-Nathusius-Ring 5<br \/>\n39106 Magdeburg<br \/>\ngeschaeftsfuehrung@studentenwerk-magdeburg.de<\/p>\n<h5>Datenschutzbeauftragter<\/h5>\n<p>F\u00fcr Fragen, Anregungen oder Kommentare zum Thema Datenschutz wenden Sie sich bitte per E-Mail an unseren Datenschutzbeauftragten:<\/p>\n<p>EDV-Sachverst\u00e4ndiger<br \/>\nMatthias Herberg<br \/>\nGr. Klosterstr. 7<br \/>\n39104 Magdeburg<br \/>\ninfo@sv-herberg.de<\/p>\n<h5>Webseite allgemein, Hosting<\/h5>\n<p>Wir, bzw. unser Hostinganbieter, erheben auf Grundlage unserer berechtigten Interessen im Sinne des Art. 6 Abs. 1 lit. f. DSGVO Daten \u00fcber jeden Zugriff auf den Server, auf dem sich dieser Dienst befindet (sogenannte Serverlogfiles). Zu den Zugriffsdaten geh\u00f6ren Name der abgerufenen Webseite, Datei, Datum und Uhrzeit des Abrufs, \u00fcbertragene Datenmenge, Meldung \u00fcber erfolgreichen Abruf, Browsertyp nebst Version, das Betriebssystem des Nutzers, Referrer URL (die zuvor besuchte Seite) und die anfragende IP-Adresse.<\/p>\n<p>Logfile-Informationen werden aus Sicherheitsgr\u00fcnden (z.B. zur Aufkl\u00e4rung von Missbrauchs- oder Betrugshandlungen) f\u00fcr die Dauer von maximal 7 Tagen gespeichert und danach gel\u00f6scht. Daten, deren weitere Aufbewahrung zu Beweiszwecken erforderlich ist, sind bis zur endg\u00fcltigen Kl\u00e4rung des jeweiligen Vorfalls von der L\u00f6schung ausgenommen.<\/p>\n<h5>Kontaktformulare, Online-Meldungen und -antr\u00e4ge<\/h5>\n<p>Wir stellen auf unserer Webseite verschiedene Kontaktformulare bereit, um mit unterschiedlichen Abteilungen und zu unterschiedlichen Themen Kontakt mit uns aufzunehmen.<\/p>\n<p>Dabei werden folgende Daten erhoben:<\/p>\n<p>&#8211; Kontaktdaten (eMail, Telefon),<br \/>\n&#8211; Namen, Adressen,<br \/>\n&#8211; Betreff und Inhalt,<br \/>\n&#8211; ggf. weitere Angaben, welche zur Bearbeitung des jeweiligen Vorgangs erforderlich sind.<\/p>\n<p>Pflichtangaben sind mit einem \u201e*\u201c gekennzeichnet,, die Anfrage kann nur abgesendet werden, wenn diese Pflichtfelder ausgef\u00fcllt sind. Das Ausf\u00fcllen der weiteren Felder bzw. die Nennung zus\u00e4tzlicher Angaben steht Ihnen frei.<\/p>\n<p>Aus Ihren Angaben wird eine eMail an die jeweilige zust\u00e4ndige Abteilung generiert und zugestellt. Eine dar\u00fcber hinaus gehende Speicherung dieser Daten erfolgt nicht.<\/p>\n<p>Die zust\u00e4ndige Abteilung wird diese Mail beantworten und nach Erledigung des Anliegens l\u00f6schen \u2013 falls nicht gesetzliche Bestimmungen etwas anderes verlangen.<\/p>\n<p>Zweck dieser Verarbeitung ist ausschlie\u00dflich die Beantwortung der Kontaktanfrage.<\/p>\n<h5>Rechte der betroffenen Personen<\/h5>\n<p>Sie haben das Recht, Ihre erteilte Einwilligung jederzeit mit Wirkung f\u00fcr die Zukunft zu widerrufen.<\/p>\n<p>In diesem Fall werden Ihre Daten gel\u00f6scht &#8211; soweit dem nicht gesetzliche Aufbewahrungspflichten entgegen stehen &#8211; und die weitere Bearbeitung Ihrer Anliegen abgebrochen.<\/p>\n<p>Sie haben das Recht, eine Best\u00e4tigung dar\u00fcber zu verlangen, ob betreffende Daten verarbeitet werden und auf Auskunft \u00fcber diese Daten sowie auf weitere Informationen und Kopie der Daten entsprechend Art. 15 DSGVO.<\/p>\n<p>Sie haben entsprechend. Art. 16 DSGVO das Recht, die Vervollst\u00e4ndigung der Sie betreffenden Daten oder die Berichtigung der Sie betreffenden unrichtigen Daten zu verlangen.<\/p>\n<p>Sie haben nach Ma\u00dfgabe des Art. 17 DSGVO das Recht zu verlangen, dass betreffende Daten unverz\u00fcglich gel\u00f6scht werden, bzw. alternativ nach Ma\u00dfgabe des Art. 18 DSGVO eine Einschr\u00e4nkung der Verarbeitung der Daten zu verlangen.<\/p>\n<p>Sie haben das Recht zu verlangen, dass die Sie betreffenden Daten, die Sie uns bereitgestellt haben nach Ma\u00dfgabe des Art. 20 DSGVO zu erhalten und deren \u00dcbermittlung an andere Verantwortliche zu fordern.<\/p>\n<p>Die vorgenannten Rechte k\u00f6nnen Sie gegen\u00fcber der verantwortlichen Stelle mit den eingangs genannten\u00a0 Kontaktdaten geltend machen.<\/p>\n<p>Sie haben ferner gem. Art. 77 DSGVO das Recht, eine Beschwerde bei der zust\u00e4ndigen Aufsichtsbeh\u00f6rde einzureichen:<\/p>\n<p>Landesbeauftragter f\u00fcr den Datenschutz Sachsen-Anhalt<br \/>\nOtto-von-Guericke-Stra\u00dfe 34a<br \/>\n39106 Magdeburg<\/p>\n<p>poststelle@lfd.sachsen-anhalt.de.<\/p>\n","protected":false},"excerpt":{"rendered":"<p>This page is currently not available in English. \/ Diese Seite ist derzeit nicht auf English verf\u00fcgbar. Datenschutzerkl\u00e4rung Diese Datenschutzerkl\u00e4rung kl\u00e4rt Sie \u00fcber die Art, den Umfang und Zweck der Verarbeitung von personenbezogenen Daten (nachfolgend kurz \u201eDaten\u201c) innerhalb unseres Onlineangebotes und der mit ihm verbundenen Webseiten, Funktionen und Inhalte sowie &hellip; <a href=\"https:\/\/www.studentenwerk-magdeburg.de\/en\/studentenwerk\/datenschutzerklaerung\/\">Continue reading <span class=\"meta-nav\">&rarr;<\/span><\/a><\/p>\n","protected":false},"author":7,"featured_media":0,"parent":1975,"menu_order":11,"comment_status":"closed","ping_status":"closed","template":"","meta":{"_mc_calendar":[],"footnotes":""},"class_list":["post-12934","page","type-page","status-publish","hentry"],"_links":{"self":[{"href":"https:\/\/www.studentenwerk-magdeburg.de\/en\/wp-json\/wp\/v2\/pages\/12934","targetHints":{"allow":["GET"]}}],"collection":[{"href":"https:\/\/www.studentenwerk-magdeburg.de\/en\/wp-json\/wp\/v2\/pages"}],"about":[{"href":"https:\/\/www.studentenwerk-magdeburg.de\/en\/wp-json\/wp\/v2\/types\/page"}],"author":[{"embeddable":true,"href":"https:\/\/www.studentenwerk-magdeburg.de\/en\/wp-json\/wp\/v2\/users\/7"}],"replies":[{"embeddable":true,"href":"https:\/\/www.studentenwerk-magdeburg.de\/en\/wp-json\/wp\/v2\/comments?post=12934"}],"version-history":[{"count":2,"href":"https:\/\/www.studentenwerk-magdeburg.de\/en\/wp-json\/wp\/v2\/pages\/12934\/revisions"}],"predecessor-version":[{"id":17943,"href":"https:\/\/www.studentenwerk-magdeburg.de\/en\/wp-json\/wp\/v2\/pages\/12934\/revisions\/17943"}],"up":[{"embeddable":true,"href":"https:\/\/www.studentenwerk-magdeburg.de\/en\/wp-json\/wp\/v2\/pages\/1975"}],"wp:attachment":[{"href":"https:\/\/www.studentenwerk-magdeburg.de\/en\/wp-json\/wp\/v2\/media?parent=12934"}],"curies":[{"name":"wp","href":"https:\/\/api.w.org\/{rel}","templated":true}]}}